{"id":118,"date":"2023-06-10T15:29:09","date_gmt":"2023-06-10T13:29:09","guid":{"rendered":"https:\/\/petservicesparis.com\/?page_id=118"},"modified":"2024-05-28T08:46:14","modified_gmt":"2024-05-28T06:46:14","slug":"a-propos","status":"publish","type":"page","link":"https:\/\/petservicesparis.com\/index.php\/a-propos\/","title":{"rendered":"A propos"},"content":{"rendered":"\n<p class=\"has-text-align-center has-ast-global-color-5-background-color has-text-color has-background has-medium-font-size\" style=\"color:#4ca598;font-style:normal;font-weight:300;line-height:2\"><strong><em>\u201c Faites que le r\u00eave d\u00e9vore votre vie afin que la vie ne d\u00e9vore pas votre r\u00eave\u2026\u201c&nbsp;<\/em>   &#8211;   <em>Philippe Chatel<\/em><\/strong><\/p>\n\n\n\n<div class=\"inherit-container-width wp-block-group alignfull is-layout-constrained wp-container-core-group-is-layout-93174f4e wp-block-group-is-layout-constrained\" style=\"padding-top:var(--wp--preset--spacing--30);padding-right:var(--wp--preset--spacing--30);padding-bottom:var(--wp--preset--spacing--30);padding-left:var(--wp--preset--spacing--30)\">\n<div class=\"wp-block-columns is-layout-flex wp-container-core-columns-is-layout-7466b548 wp-block-columns-is-layout-flex\" style=\"padding-top:var(--wp--preset--spacing--30);padding-right:var(--wp--preset--spacing--30);padding-bottom:var(--wp--preset--spacing--30);padding-left:var(--wp--preset--spacing--30)\">\n<div class=\"wp-block-column is-layout-flow wp-block-column-is-layout-flow\" style=\"flex-basis:33.33%\">\n<figure class=\"wp-block-image aligncenter size-full is-resized has-custom-border\"><img loading=\"lazy\" decoding=\"async\" width=\"538\" height=\"799\" src=\"https:\/\/petservicesparis.com\/wp-content\/uploads\/2023\/06\/emiliecv.jpg\" alt=\"\" class=\"wp-image-1195\" style=\"border-radius:20px;width:269px;height:400px\" srcset=\"https:\/\/petservicesparis.com\/wp-content\/uploads\/2023\/06\/emiliecv.jpg 538w, https:\/\/petservicesparis.com\/wp-content\/uploads\/2023\/06\/emiliecv-202x300.jpg 202w\" sizes=\"auto, (max-width: 538px) 100vw, 538px\" \/><\/figure>\n\n\n\n<p class=\"has-text-align-center has-medium-font-size\" style=\"margin-top:var(--wp--preset--spacing--30);margin-right:0;margin-bottom:var(--wp--preset--spacing--30);margin-left:0\"><strong>Emilie<\/strong><\/p>\n\n\n\n<p class=\"has-text-align-center has-medium-font-size\" style=\"margin-top:var(--wp--preset--spacing--30);margin-right:0;margin-bottom:var(--wp--preset--spacing--30);margin-left:0;padding-top:0;padding-right:0;padding-bottom:0;padding-left:0\">Dirigeante de Pet Services Paris<\/p>\n<\/div>\n\n\n\n<div class=\"wp-block-column is-vertically-aligned-center is-layout-flow wp-block-column-is-layout-flow\" style=\"padding-top:0;padding-right:0;padding-bottom:0;padding-left:0;flex-basis:66.66%\">\n<div class=\"inherit-container-width wp-block-group alignfull has-border-color is-layout-constrained wp-container-core-group-is-layout-ed364b4e wp-block-group-is-layout-constrained\" style=\"border-color:#4ca598;border-width:5px;border-radius:20px;padding-top:var(--wp--preset--spacing--30);padding-right:var(--wp--preset--spacing--30);padding-bottom:var(--wp--preset--spacing--30);padding-left:var(--wp--preset--spacing--30)\">\n<h2 class=\"wp-block-heading has-text-align-center\"><strong>Qui-suis Je?<\/strong><\/h2>\n\n\n\n<div class=\"inherit-container-width wp-block-group alignfull is-layout-constrained wp-block-group-is-layout-constrained\">\n<div class=\"inherit-container-width wp-block-group is-layout-constrained wp-block-group-is-layout-constrained\">\n<div class=\"inherit-container-width wp-block-group is-layout-constrained wp-block-group-is-layout-constrained\">\n<div class=\"inherit-container-width wp-block-group has-medium-font-size is-layout-constrained wp-block-group-is-layout-constrained\">\n<div class=\"inherit-container-width wp-block-group my-justify-class is-layout-constrained wp-block-group-is-layout-constrained\">\n<p class=\"has-text-align-left my-justify-class has-medium-font-size\" style=\"font-style:normal;font-weight:300;line-height:1.5\">Dipl\u00f4m\u00e9e en Psychologie et Relations humaines et apr\u00e8s 15 ans en tant qu\u2019 Assistante de Direction Bilingue Fran\u00e7ais &amp; Anglais, j\u2019ai d\u00e9cid\u00e9 de me reconvertir et de r\u00e9aliser un de mes r\u00eaves d\u2019enfant: travailler avec les animaux.<\/p>\n\n\n\n<p class=\"has-text-align-left my-justify-class has-link-color has-medium-font-size wp-elements-0485ee3a7a441c7ec755020b75f6e050\" style=\"font-style:normal;font-weight:300;line-height:1.5\">Auto-entrepreneur d\u00e9clar\u00e9, titulaire de l\u2019ACACED, je vous propose mes services pour m\u2019occuper de vos animaux de compagnie. <em><a rel=\"noreferrer noopener\" href=\"https:\/\/petservicesparis.com\/index.php\/experiences-2\/\" data-type=\"page\" data-id=\"1237\" target=\"_blank\">plus d&rsquo;informations sur mon parcours<\/a><\/em>.<\/p>\n<\/div>\n<\/div>\n<\/div>\n<\/div>\n<\/div>\n<\/div>\n<\/div>\n<\/div>\n<\/div>\n\n\n\n<div class=\"wp-block-columns are-vertically-aligned-center is-layout-flex wp-container-core-columns-is-layout-7466b548 wp-block-columns-is-layout-flex\" style=\"padding-top:var(--wp--preset--spacing--30);padding-right:var(--wp--preset--spacing--30);padding-bottom:var(--wp--preset--spacing--30);padding-left:var(--wp--preset--spacing--30)\">\n<div class=\"wp-block-column is-vertically-aligned-center is-layout-flow wp-block-column-is-layout-flow\">\n<h2 class=\"wp-block-heading has-text-align-center\" id=\"mon-chat-clea\">Mon chat :<\/h2>\n\n\n\n<figure class=\"wp-block-image alignfull size-large has-custom-border\"><img loading=\"lazy\" decoding=\"async\" width=\"1024\" height=\"768\" src=\"https:\/\/petservicesparis.com\/wp-content\/uploads\/2023\/06\/monchat-1024x768.jpg\" alt=\"\" class=\"has-border-color has-ast-global-color-5-border-color wp-image-1221\" style=\"border-radius:20px\" srcset=\"https:\/\/petservicesparis.com\/wp-content\/uploads\/2023\/06\/monchat-1024x768.jpg 1024w, https:\/\/petservicesparis.com\/wp-content\/uploads\/2023\/06\/monchat-300x225.jpg 300w, https:\/\/petservicesparis.com\/wp-content\/uploads\/2023\/06\/monchat-768x576.jpg 768w, https:\/\/petservicesparis.com\/wp-content\/uploads\/2023\/06\/monchat-1536x1152.jpg 1536w, https:\/\/petservicesparis.com\/wp-content\/uploads\/2023\/06\/monchat.jpg 1600w\" sizes=\"auto, (max-width: 1024px) 100vw, 1024px\" \/><\/figure>\n\n\n\n<p class=\"has-text-align-center has-medium-font-size\" style=\"margin-top:var(--wp--preset--spacing--40);margin-right:0;margin-bottom:var(--wp--preset--spacing--40);margin-left:0;padding-top:0;padding-right:0;padding-bottom:0;padding-left:0;font-style:normal;font-weight:300\"><strong>Cl\u00e9a<\/strong><\/p>\n\n\n\n<p class=\"has-text-align-center has-medium-font-size\" style=\"margin-top:var(--wp--preset--spacing--40);margin-right:0;margin-bottom:var(--wp--preset--spacing--40);margin-left:0;padding-top:0;padding-right:0;padding-bottom:0;padding-left:0;font-style:normal;font-weight:300\"> Charg\u00e9e du suivi contr\u00f4le qualit\u00e9<\/p>\n<\/div>\n\n\n\n<div class=\"wp-block-column is-vertically-aligned-center is-layout-flow wp-block-column-is-layout-flow\">\n<div class=\"inherit-container-width wp-block-group has-medium-font-size is-layout-constrained wp-block-group-is-layout-constrained\" style=\"font-style:normal;font-weight:400\">\n<div class=\"inherit-container-width wp-block-group has-border-color has-medium-font-size is-layout-constrained wp-container-core-group-is-layout-ed364b4e wp-block-group-is-layout-constrained\" style=\"border-color:#4ca598;border-width:5px;border-radius:20px;padding-top:var(--wp--preset--spacing--30);padding-right:var(--wp--preset--spacing--30);padding-bottom:var(--wp--preset--spacing--30);padding-left:var(--wp--preset--spacing--30)\">\n<p class=\"has-medium-font-size\" style=\"font-style:normal;font-weight:300;line-height:0.8\">Cha\u2019lut,<\/p>\n\n\n\n<div class=\"inherit-container-width wp-block-group is-layout-constrained wp-block-group-is-layout-constrained\">\n<p class=\"my-justify-class has-medium-font-size\" style=\"font-style:normal;font-weight:300;line-height:2\">Moi c\u2019est Cl\u00e9a, la ma\u00eetresse de la maison (mais chut\u2026 faut pas le dire \u00e0 Emilie\u2026) J\u2019ai \u00e9t\u00e9 trouv\u00e9e en Septembre 2019 perch\u00e9e tout en haut d\u2019un arbre.&nbsp;<\/p>\n\n\n\n<p class=\"my-justify-class has-medium-font-size\" style=\"font-style:normal;font-weight:300;line-height:2\">Une famille m\u2019a r\u00e9cup\u00e9r\u00e9 et a contact\u00e9 l&rsquo;Association BABY KAT&rsquo;S &amp; CO avec qui Emilie \u00e9tait en contact en tant que b\u00e9n\u00e9vole Famille d\u2019Accueil \u00e0 son domicile. Elle m\u2019a gentiment accueilli, appris la propret\u00e9 que je ne connaissais pas et au final, elle a craqu\u00e9 pour mes beaux yeux verts et m\u2019a adopt\u00e9.&nbsp;<\/p>\n\n\n\n<p class=\"my-justify-class has-medium-font-size\" style=\"font-style:normal;font-weight:300;line-height:2\">Depuis, on vit ensemble et avec les chats et chiens de passage auxquels j\u2019ai \u00e9t\u00e9 habitu\u00e9e depuis petite. J\u2019ai m\u00eame r\u00e9ussi \u00e0 convertir des chiens a priori pas ok chat \u00e0 devenir copain avec moi. Avec mes cong\u00e9n\u00e8res et chiens de passage, cha\u2019t se passe tr\u00e8s bien.&nbsp; Au plaisir de vous rencontrer,&nbsp;<\/p>\n<\/div>\n\n\n\n<p class=\"has-medium-font-size\" style=\"font-style:normal;font-weight:300;line-height:0\">Miaulement V\u00f4tre,&nbsp;<\/p>\n\n\n\n<p class=\"has-medium-font-size\" style=\"font-style:normal;font-weight:300;line-height:0.8\"><strong>Cl\u00e9a<\/strong><\/p>\n<\/div>\n<\/div>\n<\/div>\n<\/div>\n\n\n\n<div class=\"wp-block-columns is-layout-flex wp-container-core-columns-is-layout-28f84493 wp-block-columns-is-layout-flex\">\n<div class=\"wp-block-column is-layout-flow wp-block-column-is-layout-flow\">\n<figure class=\"wp-block-gallery has-nested-images columns-2 is-cropped wp-block-gallery-1 is-layout-flex wp-block-gallery-is-layout-flex\">\n<figure class=\"wp-block-image size-large\"><img loading=\"lazy\" decoding=\"async\" width=\"1024\" height=\"843\" data-id=\"1864\" src=\"https:\/\/petservicesparis.com\/wp-content\/uploads\/2023\/06\/clea3-1024x843.jpg\" alt=\"\" class=\"wp-image-1864\" srcset=\"https:\/\/petservicesparis.com\/wp-content\/uploads\/2023\/06\/clea3-1024x843.jpg 1024w, https:\/\/petservicesparis.com\/wp-content\/uploads\/2023\/06\/clea3-300x247.jpg 300w, https:\/\/petservicesparis.com\/wp-content\/uploads\/2023\/06\/clea3-768x632.jpg 768w, https:\/\/petservicesparis.com\/wp-content\/uploads\/2023\/06\/clea3-1536x1264.jpg 1536w, https:\/\/petservicesparis.com\/wp-content\/uploads\/2023\/06\/clea3.jpg 1600w\" sizes=\"auto, (max-width: 1024px) 100vw, 1024px\" \/><\/figure>\n\n\n\n<figure class=\"wp-block-image size-large\"><img loading=\"lazy\" decoding=\"async\" width=\"960\" height=\"720\" data-id=\"1865\" src=\"https:\/\/petservicesparis.com\/wp-content\/uploads\/2023\/06\/clea2.jpg\" alt=\"\" class=\"wp-image-1865\" srcset=\"https:\/\/petservicesparis.com\/wp-content\/uploads\/2023\/06\/clea2.jpg 960w, https:\/\/petservicesparis.com\/wp-content\/uploads\/2023\/06\/clea2-300x225.jpg 300w, https:\/\/petservicesparis.com\/wp-content\/uploads\/2023\/06\/clea2-768x576.jpg 768w\" sizes=\"auto, (max-width: 960px) 100vw, 960px\" \/><\/figure>\n\n\n\n<figure class=\"wp-block-image size-large\"><img loading=\"lazy\" decoding=\"async\" width=\"822\" height=\"1024\" data-id=\"1870\" src=\"https:\/\/petservicesparis.com\/wp-content\/uploads\/2023\/06\/clea5-822x1024.jpg\" alt=\"\" class=\"wp-image-1870\" srcset=\"https:\/\/petservicesparis.com\/wp-content\/uploads\/2023\/06\/clea5-822x1024.jpg 822w, https:\/\/petservicesparis.com\/wp-content\/uploads\/2023\/06\/clea5-241x300.jpg 241w, https:\/\/petservicesparis.com\/wp-content\/uploads\/2023\/06\/clea5-768x957.jpg 768w, https:\/\/petservicesparis.com\/wp-content\/uploads\/2023\/06\/clea5-1233x1536.jpg 1233w, https:\/\/petservicesparis.com\/wp-content\/uploads\/2023\/06\/clea5.jpg 1440w\" sizes=\"auto, (max-width: 822px) 100vw, 822px\" \/><\/figure>\n<\/figure>\n<\/div>\n<\/div>\n\n\n\n<figure class=\"wp-block-gallery aligncenter has-nested-images columns-default is-cropped wp-block-gallery-2 is-layout-flex wp-block-gallery-is-layout-flex\">\n<figure class=\"wp-block-image size-full\"><img loading=\"lazy\" decoding=\"async\" width=\"960\" height=\"960\" data-id=\"1866\" src=\"https:\/\/petservicesparis.com\/wp-content\/uploads\/2023\/06\/clea1.jpg\" alt=\"\" class=\"wp-image-1866\" srcset=\"https:\/\/petservicesparis.com\/wp-content\/uploads\/2023\/06\/clea1.jpg 960w, https:\/\/petservicesparis.com\/wp-content\/uploads\/2023\/06\/clea1-300x300.jpg 300w, https:\/\/petservicesparis.com\/wp-content\/uploads\/2023\/06\/clea1-150x150.jpg 150w, https:\/\/petservicesparis.com\/wp-content\/uploads\/2023\/06\/clea1-768x768.jpg 768w\" sizes=\"auto, (max-width: 960px) 100vw, 960px\" \/><\/figure>\n<\/figure>\n","protected":false},"excerpt":{"rendered":"<p>\u201c Faites que le r\u00eave d\u00e9vore votre vie afin que la vie ne d\u00e9vore pas votre r\u00eave\u2026\u201c&nbsp; &#8211; Philippe Chatel Emilie Dirigeante de Pet Services Paris Qui-suis Je? Dipl\u00f4m\u00e9e en Psychologie et Relations humaines et apr\u00e8s 15 ans en tant qu\u2019 Assistante de Direction Bilingue Fran\u00e7ais &amp; Anglais, j\u2019ai d\u00e9cid\u00e9 de me reconvertir et de [&hellip;]<\/p>\n","protected":false},"author":1,"featured_media":0,"parent":0,"menu_order":0,"comment_status":"closed","ping_status":"closed","template":"","meta":{"site-sidebar-layout":"default","site-content-layout":"","ast-site-content-layout":"default","site-content-style":"default","site-sidebar-style":"default","ast-global-header-display":"","ast-banner-title-visibility":"","ast-main-header-display":"","ast-hfb-above-header-display":"","ast-hfb-below-header-display":"","ast-hfb-mobile-header-display":"","site-post-title":"disabled","ast-breadcrumbs-content":"","ast-featured-img":"","footer-sml-layout":"","ast-disable-related-posts":"","theme-transparent-header-meta":"","adv-header-id-meta":"","stick-header-meta":"","header-above-stick-meta":"","header-main-stick-meta":"","header-below-stick-meta":"","astra-migrate-meta-layouts":"set","ast-page-background-enabled":"default","ast-page-background-meta":{"desktop":{"background-color":"var(--ast-global-color-4)","background-image":"","background-repeat":"repeat","background-position":"center center","background-size":"auto","background-attachment":"scroll","background-type":"","background-media":"","overlay-type":"","overlay-color":"","overlay-opacity":"","overlay-gradient":""},"tablet":{"background-color":"","background-image":"","background-repeat":"repeat","background-position":"center center","background-size":"auto","background-attachment":"scroll","background-type":"","background-media":"","overlay-type":"","overlay-color":"","overlay-opacity":"","overlay-gradient":""},"mobile":{"background-color":"","background-image":"","background-repeat":"repeat","background-position":"center center","background-size":"auto","background-attachment":"scroll","background-type":"","background-media":"","overlay-type":"","overlay-color":"","overlay-opacity":"","overlay-gradient":""}},"ast-content-background-meta":{"desktop":{"background-color":"var(--ast-global-color-5)","background-image":"","background-repeat":"repeat","background-position":"center center","background-size":"auto","background-attachment":"scroll","background-type":"","background-media":"","overlay-type":"","overlay-color":"","overlay-opacity":"","overlay-gradient":""},"tablet":{"background-color":"var(--ast-global-color-5)","background-image":"","background-repeat":"repeat","background-position":"center center","background-size":"auto","background-attachment":"scroll","background-type":"","background-media":"","overlay-type":"","overlay-color":"","overlay-opacity":"","overlay-gradient":""},"mobile":{"background-color":"var(--ast-global-color-5)","background-image":"","background-repeat":"repeat","background-position":"center center","background-size":"auto","background-attachment":"scroll","background-type":"","background-media":"","overlay-type":"","overlay-color":"","overlay-opacity":"","overlay-gradient":""}},"_glsr_average":0,"_glsr_ranking":0,"_glsr_reviews":0,"footnotes":""},"class_list":["post-118","page","type-page","status-publish","hentry"],"featured_image_src":null,"yoast_head":"<!-- This site is optimized with the Yoast SEO plugin v26.9 - https:\/\/yoast.com\/product\/yoast-seo-wordpress\/ -->\n<title>A propos - petservicesparis<\/title>\n<meta name=\"description\" content=\"cat sitters, cat sitters Paris, cat sitter Paris, cat sitting, pet sitting, cat sitting Paris, pet sitting Paris\" \/>\n<meta name=\"robots\" content=\"index, follow, max-snippet:-1, max-image-preview:large, max-video-preview:-1\" \/>\n<link rel=\"canonical\" href=\"https:\/\/petservicesparis.com\/index.php\/a-propos\/\" \/>\n<meta property=\"og:locale\" content=\"fr_FR\" \/>\n<meta property=\"og:type\" content=\"article\" \/>\n<meta property=\"og:title\" content=\"A propos - petservicesparis\" \/>\n<meta property=\"og:description\" content=\"cat sitters, cat sitters Paris, cat sitter Paris, cat sitting, pet sitting, cat sitting Paris, pet sitting Paris\" \/>\n<meta property=\"og:url\" content=\"https:\/\/petservicesparis.com\/index.php\/a-propos\/\" \/>\n<meta property=\"og:site_name\" content=\"petservicesparis\" \/>\n<meta property=\"article:modified_time\" content=\"2024-05-28T06:46:14+00:00\" \/>\n<meta property=\"og:image\" content=\"https:\/\/petservicesparis.com\/wp-content\/uploads\/2023\/06\/emiliecv.jpg\" \/>\n<meta name=\"twitter:card\" content=\"summary_large_image\" \/>\n<meta name=\"twitter:label1\" content=\"Dur\u00e9e de lecture estim\u00e9e\" \/>\n\t<meta name=\"twitter:data1\" content=\"3 minutes\" \/>\n<script type=\"application\/ld+json\" class=\"yoast-schema-graph\">{\"@context\":\"https:\/\/schema.org\",\"@graph\":[{\"@type\":\"WebPage\",\"@id\":\"https:\/\/petservicesparis.com\/index.php\/a-propos\/\",\"url\":\"https:\/\/petservicesparis.com\/index.php\/a-propos\/\",\"name\":\"A propos - petservicesparis\",\"isPartOf\":{\"@id\":\"https:\/\/petservicesparis.com\/#website\"},\"primaryImageOfPage\":{\"@id\":\"https:\/\/petservicesparis.com\/index.php\/a-propos\/#primaryimage\"},\"image\":{\"@id\":\"https:\/\/petservicesparis.com\/index.php\/a-propos\/#primaryimage\"},\"thumbnailUrl\":\"https:\/\/petservicesparis.com\/wp-content\/uploads\/2023\/06\/emiliecv.jpg\",\"datePublished\":\"2023-06-10T13:29:09+00:00\",\"dateModified\":\"2024-05-28T06:46:14+00:00\",\"description\":\"cat sitters, cat sitters Paris, cat sitter Paris, cat sitting, pet sitting, cat sitting Paris, pet sitting Paris\",\"breadcrumb\":{\"@id\":\"https:\/\/petservicesparis.com\/index.php\/a-propos\/#breadcrumb\"},\"inLanguage\":\"fr-FR\",\"potentialAction\":[{\"@type\":\"ReadAction\",\"target\":[\"https:\/\/petservicesparis.com\/index.php\/a-propos\/\"]}]},{\"@type\":\"ImageObject\",\"inLanguage\":\"fr-FR\",\"@id\":\"https:\/\/petservicesparis.com\/index.php\/a-propos\/#primaryimage\",\"url\":\"https:\/\/petservicesparis.com\/wp-content\/uploads\/2023\/06\/emiliecv.jpg\",\"contentUrl\":\"https:\/\/petservicesparis.com\/wp-content\/uploads\/2023\/06\/emiliecv.jpg\",\"width\":538,\"height\":799},{\"@type\":\"BreadcrumbList\",\"@id\":\"https:\/\/petservicesparis.com\/index.php\/a-propos\/#breadcrumb\",\"itemListElement\":[{\"@type\":\"ListItem\",\"position\":1,\"name\":\"Accueil\",\"item\":\"https:\/\/petservicesparis.com\/\"},{\"@type\":\"ListItem\",\"position\":2,\"name\":\"A propos\"}]},{\"@type\":\"WebSite\",\"@id\":\"https:\/\/petservicesparis.com\/#website\",\"url\":\"https:\/\/petservicesparis.com\/\",\"name\":\"petservicesparis\",\"description\":\"garde animaux pension pour chats chiens et nac paris 14\",\"publisher\":{\"@id\":\"https:\/\/petservicesparis.com\/#organization\"},\"potentialAction\":[{\"@type\":\"SearchAction\",\"target\":{\"@type\":\"EntryPoint\",\"urlTemplate\":\"https:\/\/petservicesparis.com\/?s={search_term_string}\"},\"query-input\":{\"@type\":\"PropertyValueSpecification\",\"valueRequired\":true,\"valueName\":\"search_term_string\"}}],\"inLanguage\":\"fr-FR\"},{\"@type\":\"Organization\",\"@id\":\"https:\/\/petservicesparis.com\/#organization\",\"name\":\"petservicesparis\",\"url\":\"https:\/\/petservicesparis.com\/\",\"logo\":{\"@type\":\"ImageObject\",\"inLanguage\":\"fr-FR\",\"@id\":\"https:\/\/petservicesparis.com\/#\/schema\/logo\/image\/\",\"url\":\"https:\/\/petservicesparis.com\/wp-content\/uploads\/2023\/07\/cropped-logo-vert-sans-back.png\",\"contentUrl\":\"https:\/\/petservicesparis.com\/wp-content\/uploads\/2023\/07\/cropped-logo-vert-sans-back.png\",\"width\":1080,\"height\":160,\"caption\":\"petservicesparis\"},\"image\":{\"@id\":\"https:\/\/petservicesparis.com\/#\/schema\/logo\/image\/\"}}]}<\/script>\n<!-- \/ Yoast SEO plugin. -->","yoast_head_json":{"title":"A propos - petservicesparis","description":"cat sitters, cat sitters Paris, cat sitter Paris, cat sitting, pet sitting, cat sitting Paris, pet sitting Paris","robots":{"index":"index","follow":"follow","max-snippet":"max-snippet:-1","max-image-preview":"max-image-preview:large","max-video-preview":"max-video-preview:-1"},"canonical":"https:\/\/petservicesparis.com\/index.php\/a-propos\/","og_locale":"fr_FR","og_type":"article","og_title":"A propos - petservicesparis","og_description":"cat sitters, cat sitters Paris, cat sitter Paris, cat sitting, pet sitting, cat sitting Paris, pet sitting Paris","og_url":"https:\/\/petservicesparis.com\/index.php\/a-propos\/","og_site_name":"petservicesparis","article_modified_time":"2024-05-28T06:46:14+00:00","og_image":[{"url":"https:\/\/petservicesparis.com\/wp-content\/uploads\/2023\/06\/emiliecv.jpg","type":"","width":"","height":""}],"twitter_card":"summary_large_image","twitter_misc":{"Dur\u00e9e de lecture estim\u00e9e":"3 minutes"},"schema":{"@context":"https:\/\/schema.org","@graph":[{"@type":"WebPage","@id":"https:\/\/petservicesparis.com\/index.php\/a-propos\/","url":"https:\/\/petservicesparis.com\/index.php\/a-propos\/","name":"A propos - petservicesparis","isPartOf":{"@id":"https:\/\/petservicesparis.com\/#website"},"primaryImageOfPage":{"@id":"https:\/\/petservicesparis.com\/index.php\/a-propos\/#primaryimage"},"image":{"@id":"https:\/\/petservicesparis.com\/index.php\/a-propos\/#primaryimage"},"thumbnailUrl":"https:\/\/petservicesparis.com\/wp-content\/uploads\/2023\/06\/emiliecv.jpg","datePublished":"2023-06-10T13:29:09+00:00","dateModified":"2024-05-28T06:46:14+00:00","description":"cat sitters, cat sitters Paris, cat sitter Paris, cat sitting, pet sitting, cat sitting Paris, pet sitting Paris","breadcrumb":{"@id":"https:\/\/petservicesparis.com\/index.php\/a-propos\/#breadcrumb"},"inLanguage":"fr-FR","potentialAction":[{"@type":"ReadAction","target":["https:\/\/petservicesparis.com\/index.php\/a-propos\/"]}]},{"@type":"ImageObject","inLanguage":"fr-FR","@id":"https:\/\/petservicesparis.com\/index.php\/a-propos\/#primaryimage","url":"https:\/\/petservicesparis.com\/wp-content\/uploads\/2023\/06\/emiliecv.jpg","contentUrl":"https:\/\/petservicesparis.com\/wp-content\/uploads\/2023\/06\/emiliecv.jpg","width":538,"height":799},{"@type":"BreadcrumbList","@id":"https:\/\/petservicesparis.com\/index.php\/a-propos\/#breadcrumb","itemListElement":[{"@type":"ListItem","position":1,"name":"Accueil","item":"https:\/\/petservicesparis.com\/"},{"@type":"ListItem","position":2,"name":"A propos"}]},{"@type":"WebSite","@id":"https:\/\/petservicesparis.com\/#website","url":"https:\/\/petservicesparis.com\/","name":"petservicesparis","description":"garde animaux pension pour chats chiens et nac paris 14","publisher":{"@id":"https:\/\/petservicesparis.com\/#organization"},"potentialAction":[{"@type":"SearchAction","target":{"@type":"EntryPoint","urlTemplate":"https:\/\/petservicesparis.com\/?s={search_term_string}"},"query-input":{"@type":"PropertyValueSpecification","valueRequired":true,"valueName":"search_term_string"}}],"inLanguage":"fr-FR"},{"@type":"Organization","@id":"https:\/\/petservicesparis.com\/#organization","name":"petservicesparis","url":"https:\/\/petservicesparis.com\/","logo":{"@type":"ImageObject","inLanguage":"fr-FR","@id":"https:\/\/petservicesparis.com\/#\/schema\/logo\/image\/","url":"https:\/\/petservicesparis.com\/wp-content\/uploads\/2023\/07\/cropped-logo-vert-sans-back.png","contentUrl":"https:\/\/petservicesparis.com\/wp-content\/uploads\/2023\/07\/cropped-logo-vert-sans-back.png","width":1080,"height":160,"caption":"petservicesparis"},"image":{"@id":"https:\/\/petservicesparis.com\/#\/schema\/logo\/image\/"}}]}},"_links":{"self":[{"href":"https:\/\/petservicesparis.com\/index.php\/wp-json\/wp\/v2\/pages\/118","targetHints":{"allow":["GET"]}}],"collection":[{"href":"https:\/\/petservicesparis.com\/index.php\/wp-json\/wp\/v2\/pages"}],"about":[{"href":"https:\/\/petservicesparis.com\/index.php\/wp-json\/wp\/v2\/types\/page"}],"author":[{"embeddable":true,"href":"https:\/\/petservicesparis.com\/index.php\/wp-json\/wp\/v2\/users\/1"}],"replies":[{"embeddable":true,"href":"https:\/\/petservicesparis.com\/index.php\/wp-json\/wp\/v2\/comments?post=118"}],"version-history":[{"count":178,"href":"https:\/\/petservicesparis.com\/index.php\/wp-json\/wp\/v2\/pages\/118\/revisions"}],"predecessor-version":[{"id":5468,"href":"https:\/\/petservicesparis.com\/index.php\/wp-json\/wp\/v2\/pages\/118\/revisions\/5468"}],"wp:attachment":[{"href":"https:\/\/petservicesparis.com\/index.php\/wp-json\/wp\/v2\/media?parent=118"}],"curies":[{"name":"wp","href":"https:\/\/api.w.org\/{rel}","templated":true}]}}