{"id":249,"date":"2023-06-12T09:40:49","date_gmt":"2023-06-12T07:40:49","guid":{"rendered":"https:\/\/petservicesparis.com\/?page_id=249"},"modified":"2024-05-01T14:26:05","modified_gmt":"2024-05-01T12:26:05","slug":"visites-a-votre-domicile","status":"publish","type":"page","link":"https:\/\/petservicesparis.com\/index.php\/visites-a-votre-domicile\/","title":{"rendered":"Visites \u00e0 votre Domicile"},"content":{"rendered":"\n<p class=\"my-justify-class has-link-color has-medium-font-size wp-elements-abd15ed9c906ac6a720f31bec80be553\" style=\"font-style:normal;font-weight:300\">Chaque animal est diff\u00e9rent et ses besoins le sont tout autant.  Pour les chats, les visites \u00e0 domicile peuvent \u00eatre une solution id\u00e9ale en cas d\u2019absence de courte ou moyenne dur\u00e9e.&nbsp; Ces derni\u00e8res sont en revanche d\u00e9conseill\u00e9es (sauf cas particulier) si vous devez laisser votre poilu pour une longue p\u00e9riode.  Pas de panique: Pet Services Paris vous propose \u00e9galement <a href=\"https:\/\/petservicesparis.com\/index.php\/pension\/#Pension-pour-chats\" data-type=\"URL\" data-id=\"https:\/\/petservicesparis.com\/index.php\/pension\/#Pension-pour-chats\">une pension f\u00e9line familiale<\/a>.<\/p>\n\n\n\n<p class=\"my-justify-class has-medium-font-size\" style=\"font-style:normal;font-weight:300\">Les visites \u00e0 votre domicile que cela soit pour votre chat ou NAC sont modulables en fr\u00e9quence journali\u00e8re et en dur\u00e9e: <strong>30, 45, 60<\/strong> <strong>minutes<\/strong>.&nbsp;<\/p>\n\n\n\n<p class=\"has-medium-font-size\" style=\"font-style:normal;font-weight:300\"><strong>Elles incluent les prestations suivantes:<\/strong><\/p>\n\n\n\n<ul class=\"wp-block-list\">\n<li class=\"has-medium-font-size\" style=\"font-style:normal;font-weight:300\">R\u00e9approvisionnement en eau fra\u00eeche<\/li>\n\n\n\n<li class=\"has-medium-font-size\" style=\"font-style:normal;font-weight:300\">Nettoyage des gamelles et nourrir votre animal<\/li>\n\n\n\n<li class=\"has-medium-font-size\" style=\"font-style:normal;font-weight:300\">Nettoyage de la liti\u00e8re\/cage pour les NAC \u00e0 chaque passage<\/li>\n\n\n\n<li class=\"has-medium-font-size\" style=\"font-style:normal;font-weight:300\">S\u00e9ance de jeux, c\u00e2lins selon l\u2019humeur de votre animal<\/li>\n<\/ul>\n\n\n\n<h2 class=\"wp-block-heading\">En suppl\u00e9ment :<\/h2>\n\n\n\n<ul class=\"has-medium-font-size wp-block-list\" style=\"font-style:normal;font-weight:300\">\n<li>Soins m\u00e9dicaux: Administration par voie orale, pansements\/pommades<\/li>\n\n\n\n<li>Esth\u00e9tique: Brossage de poils, coupe de griffes (chats et NAC)<\/li>\n\n\n\n<li>R\u00e9cup\u00e9ration de votre courrier<\/li>\n\n\n\n<li>Ouvertures\/fermetures de volets &amp; rideaux pour simuler une pr\u00e9sence au quotidien dans votre logement<\/li>\n\n\n\n<li>Arrosage de vos plantes selon vos instructions<\/li>\n\n\n\n<li>Prestations de m\u00e9nage (sous-traitant)<\/li>\n<\/ul>\n\n\n\n<p class=\"my-justify-class has-medium-font-size\" style=\"font-style:normal;font-weight:300\"> <img loading=\"lazy\" decoding=\"async\" width=\"40\" height=\"40\" class=\"wp-image-1557\" style=\"width: 40px;\" src=\"https:\/\/petservicesparis.com\/wp-content\/uploads\/2023\/06\/key-chain-variant.png\" alt=\"\" srcset=\"https:\/\/petservicesparis.com\/wp-content\/uploads\/2023\/06\/key-chain-variant.png 256w, https:\/\/petservicesparis.com\/wp-content\/uploads\/2023\/06\/key-chain-variant-150x150.png 150w\" sizes=\"auto, (max-width: 40px) 100vw, 40px\" \/> Les visites n\u00e9cessite une <span style=\"text-decoration: underline;\">Pr\u00e9-Visite<\/span> \u00e0 votre domicile afin de faire connaissance, se familiariser avec votre animal, son environnement et pour r\u00e9cup\u00e9rer vos clefs\/badges d\u2019acc\u00e8s.<\/p>\n\n\n\n<figure class=\"wp-block-gallery has-nested-images columns-default is-cropped wp-block-gallery-1 is-layout-flex wp-block-gallery-is-layout-flex\">\n<figure class=\"wp-block-image size-large\"><img loading=\"lazy\" decoding=\"async\" width=\"819\" height=\"1024\" data-id=\"1562\" src=\"https:\/\/petservicesparis.com\/wp-content\/uploads\/2023\/06\/vad2-819x1024.jpg\" alt=\"\" class=\"wp-image-1562\" srcset=\"https:\/\/petservicesparis.com\/wp-content\/uploads\/2023\/06\/vad2-819x1024.jpg 819w, https:\/\/petservicesparis.com\/wp-content\/uploads\/2023\/06\/vad2-240x300.jpg 240w, https:\/\/petservicesparis.com\/wp-content\/uploads\/2023\/06\/vad2-768x961.jpg 768w, https:\/\/petservicesparis.com\/wp-content\/uploads\/2023\/06\/vad2-1228x1536.jpg 1228w, https:\/\/petservicesparis.com\/wp-content\/uploads\/2023\/06\/vad2.jpg 1279w\" sizes=\"auto, (max-width: 819px) 100vw, 819px\" \/><\/figure>\n\n\n\n<figure class=\"wp-block-image size-large\"><img loading=\"lazy\" decoding=\"async\" width=\"819\" height=\"1024\" data-id=\"1563\" src=\"https:\/\/petservicesparis.com\/wp-content\/uploads\/2023\/06\/vad1-819x1024.jpg\" alt=\"\" class=\"wp-image-1563\" srcset=\"https:\/\/petservicesparis.com\/wp-content\/uploads\/2023\/06\/vad1-819x1024.jpg 819w, https:\/\/petservicesparis.com\/wp-content\/uploads\/2023\/06\/vad1-240x300.jpg 240w, https:\/\/petservicesparis.com\/wp-content\/uploads\/2023\/06\/vad1-768x961.jpg 768w, https:\/\/petservicesparis.com\/wp-content\/uploads\/2023\/06\/vad1-1228x1536.jpg 1228w, https:\/\/petservicesparis.com\/wp-content\/uploads\/2023\/06\/vad1.jpg 1279w\" sizes=\"auto, (max-width: 819px) 100vw, 819px\" \/><\/figure>\n<\/figure>\n\n\n\n<div class=\"wp-block-columns is-layout-flex wp-container-core-columns-is-layout-28f84493 wp-block-columns-is-layout-flex\">\n<div class=\"wp-block-column is-layout-flow wp-block-column-is-layout-flow\">\n<figure class=\"wp-block-video\"><video height=\"1920\" style=\"aspect-ratio: 1080 \/ 1920;\" width=\"1080\" controls src=\"https:\/\/petservicesparis.com\/wp-content\/uploads\/2023\/06\/Snapinsta.app_video_10000000_153602814266577_3363382815227654737_n.mp4\"><\/video><\/figure>\n<\/div>\n\n\n\n<div class=\"wp-block-column is-layout-flow wp-block-column-is-layout-flow\">\n<figure class=\"wp-block-video aligncenter\"><video height=\"1280\" style=\"aspect-ratio: 720 \/ 1280;\" width=\"720\" controls src=\"https:\/\/petservicesparis.com\/wp-content\/uploads\/2023\/06\/Snapinsta.app_video_954114FD03F30FF53AA771385ECD798A_video_dashinit.mp4\"><\/video><\/figure>\n<\/div>\n<\/div>\n\n\n\n<p><\/p>\n","protected":false},"excerpt":{"rendered":"<p>Chaque animal est diff\u00e9rent et ses besoins le sont tout autant. Pour les chats, les visites \u00e0 domicile peuvent \u00eatre une solution id\u00e9ale en cas d\u2019absence de courte ou moyenne dur\u00e9e.&nbsp; Ces derni\u00e8res sont en revanche d\u00e9conseill\u00e9es (sauf cas particulier) si vous devez laisser votre poilu pour une longue p\u00e9riode. Pas de panique: Pet Services [&hellip;]<\/p>\n","protected":false},"author":1,"featured_media":0,"parent":0,"menu_order":0,"comment_status":"closed","ping_status":"closed","template":"","meta":{"site-sidebar-layout":"default","site-content-layout":"","ast-site-content-layout":"default","site-content-style":"default","site-sidebar-style":"default","ast-global-header-display":"","ast-banner-title-visibility":"","ast-main-header-display":"","ast-hfb-above-header-display":"","ast-hfb-below-header-display":"","ast-hfb-mobile-header-display":"","site-post-title":"","ast-breadcrumbs-content":"","ast-featured-img":"","footer-sml-layout":"","ast-disable-related-posts":"","theme-transparent-header-meta":"","adv-header-id-meta":"","stick-header-meta":"","header-above-stick-meta":"","header-main-stick-meta":"","header-below-stick-meta":"","astra-migrate-meta-layouts":"set","ast-page-background-enabled":"default","ast-page-background-meta":{"desktop":{"background-color":"var(--ast-global-color-4)","background-image":"","background-repeat":"repeat","background-position":"center center","background-size":"auto","background-attachment":"scroll","background-type":"","background-media":"","overlay-type":"","overlay-color":"","overlay-opacity":"","overlay-gradient":""},"tablet":{"background-color":"","background-image":"","background-repeat":"repeat","background-position":"center center","background-size":"auto","background-attachment":"scroll","background-type":"","background-media":"","overlay-type":"","overlay-color":"","overlay-opacity":"","overlay-gradient":""},"mobile":{"background-color":"","background-image":"","background-repeat":"repeat","background-position":"center center","background-size":"auto","background-attachment":"scroll","background-type":"","background-media":"","overlay-type":"","overlay-color":"","overlay-opacity":"","overlay-gradient":""}},"ast-content-background-meta":{"desktop":{"background-color":"var(--ast-global-color-5)","background-image":"","background-repeat":"repeat","background-position":"center center","background-size":"auto","background-attachment":"scroll","background-type":"","background-media":"","overlay-type":"","overlay-color":"","overlay-opacity":"","overlay-gradient":""},"tablet":{"background-color":"var(--ast-global-color-5)","background-image":"","background-repeat":"repeat","background-position":"center center","background-size":"auto","background-attachment":"scroll","background-type":"","background-media":"","overlay-type":"","overlay-color":"","overlay-opacity":"","overlay-gradient":""},"mobile":{"background-color":"var(--ast-global-color-5)","background-image":"","background-repeat":"repeat","background-position":"center center","background-size":"auto","background-attachment":"scroll","background-type":"","background-media":"","overlay-type":"","overlay-color":"","overlay-opacity":"","overlay-gradient":""}},"_glsr_average":0,"_glsr_ranking":0,"_glsr_reviews":0,"footnotes":""},"class_list":["post-249","page","type-page","status-publish","hentry"],"featured_image_src":null,"yoast_head":"<!-- This site is optimized with the Yoast SEO plugin v26.9 - https:\/\/yoast.com\/product\/yoast-seo-wordpress\/ -->\n<title>Visites \u00e0 votre Domicile - petservicesparis<\/title>\n<meta name=\"description\" content=\"Visite \u00e0 domicile pour animaux chats chiens et nac, visite de chiens \u00e0 domicile, visite de chat \u00e0 domicile, visite animal de compagnie nac\" \/>\n<meta name=\"robots\" content=\"index, follow, max-snippet:-1, max-image-preview:large, max-video-preview:-1\" \/>\n<link rel=\"canonical\" href=\"https:\/\/petservicesparis.com\/index.php\/visites-a-votre-domicile\/\" \/>\n<meta property=\"og:locale\" content=\"fr_FR\" \/>\n<meta property=\"og:type\" content=\"article\" \/>\n<meta property=\"og:title\" content=\"Visites \u00e0 votre Domicile - petservicesparis\" \/>\n<meta property=\"og:description\" content=\"Visite \u00e0 domicile pour animaux chats chiens et nac, visite de chiens \u00e0 domicile, visite de chat \u00e0 domicile, visite animal de compagnie nac\" \/>\n<meta property=\"og:url\" content=\"https:\/\/petservicesparis.com\/index.php\/visites-a-votre-domicile\/\" \/>\n<meta property=\"og:site_name\" content=\"petservicesparis\" \/>\n<meta property=\"article:modified_time\" content=\"2024-05-01T12:26:05+00:00\" \/>\n<meta property=\"og:image\" content=\"https:\/\/petservicesparis.com\/wp-content\/uploads\/2023\/06\/key-chain-variant.png\" \/>\n<meta name=\"twitter:card\" content=\"summary_large_image\" \/>\n<meta name=\"twitter:label1\" content=\"Dur\u00e9e de lecture estim\u00e9e\" \/>\n\t<meta name=\"twitter:data1\" content=\"2 minutes\" \/>\n<script type=\"application\/ld+json\" class=\"yoast-schema-graph\">{\"@context\":\"https:\/\/schema.org\",\"@graph\":[{\"@type\":\"WebPage\",\"@id\":\"https:\/\/petservicesparis.com\/index.php\/visites-a-votre-domicile\/\",\"url\":\"https:\/\/petservicesparis.com\/index.php\/visites-a-votre-domicile\/\",\"name\":\"Visites \u00e0 votre Domicile - petservicesparis\",\"isPartOf\":{\"@id\":\"https:\/\/petservicesparis.com\/#website\"},\"primaryImageOfPage\":{\"@id\":\"https:\/\/petservicesparis.com\/index.php\/visites-a-votre-domicile\/#primaryimage\"},\"image\":{\"@id\":\"https:\/\/petservicesparis.com\/index.php\/visites-a-votre-domicile\/#primaryimage\"},\"thumbnailUrl\":\"https:\/\/petservicesparis.com\/wp-content\/uploads\/2023\/06\/key-chain-variant.png\",\"datePublished\":\"2023-06-12T07:40:49+00:00\",\"dateModified\":\"2024-05-01T12:26:05+00:00\",\"description\":\"Visite \u00e0 domicile pour animaux chats chiens et nac, visite de chiens \u00e0 domicile, visite de chat \u00e0 domicile, visite animal de compagnie nac\",\"breadcrumb\":{\"@id\":\"https:\/\/petservicesparis.com\/index.php\/visites-a-votre-domicile\/#breadcrumb\"},\"inLanguage\":\"fr-FR\",\"potentialAction\":[{\"@type\":\"ReadAction\",\"target\":[\"https:\/\/petservicesparis.com\/index.php\/visites-a-votre-domicile\/\"]}]},{\"@type\":\"ImageObject\",\"inLanguage\":\"fr-FR\",\"@id\":\"https:\/\/petservicesparis.com\/index.php\/visites-a-votre-domicile\/#primaryimage\",\"url\":\"https:\/\/petservicesparis.com\/wp-content\/uploads\/2023\/06\/key-chain-variant.png\",\"contentUrl\":\"https:\/\/petservicesparis.com\/wp-content\/uploads\/2023\/06\/key-chain-variant.png\",\"width\":256,\"height\":256},{\"@type\":\"BreadcrumbList\",\"@id\":\"https:\/\/petservicesparis.com\/index.php\/visites-a-votre-domicile\/#breadcrumb\",\"itemListElement\":[{\"@type\":\"ListItem\",\"position\":1,\"name\":\"Accueil\",\"item\":\"https:\/\/petservicesparis.com\/\"},{\"@type\":\"ListItem\",\"position\":2,\"name\":\"Visites \u00e0 votre Domicile\"}]},{\"@type\":\"WebSite\",\"@id\":\"https:\/\/petservicesparis.com\/#website\",\"url\":\"https:\/\/petservicesparis.com\/\",\"name\":\"petservicesparis\",\"description\":\"garde animaux pension pour chats chiens et nac paris 14\",\"publisher\":{\"@id\":\"https:\/\/petservicesparis.com\/#organization\"},\"potentialAction\":[{\"@type\":\"SearchAction\",\"target\":{\"@type\":\"EntryPoint\",\"urlTemplate\":\"https:\/\/petservicesparis.com\/?s={search_term_string}\"},\"query-input\":{\"@type\":\"PropertyValueSpecification\",\"valueRequired\":true,\"valueName\":\"search_term_string\"}}],\"inLanguage\":\"fr-FR\"},{\"@type\":\"Organization\",\"@id\":\"https:\/\/petservicesparis.com\/#organization\",\"name\":\"petservicesparis\",\"url\":\"https:\/\/petservicesparis.com\/\",\"logo\":{\"@type\":\"ImageObject\",\"inLanguage\":\"fr-FR\",\"@id\":\"https:\/\/petservicesparis.com\/#\/schema\/logo\/image\/\",\"url\":\"https:\/\/petservicesparis.com\/wp-content\/uploads\/2023\/07\/cropped-logo-vert-sans-back.png\",\"contentUrl\":\"https:\/\/petservicesparis.com\/wp-content\/uploads\/2023\/07\/cropped-logo-vert-sans-back.png\",\"width\":1080,\"height\":160,\"caption\":\"petservicesparis\"},\"image\":{\"@id\":\"https:\/\/petservicesparis.com\/#\/schema\/logo\/image\/\"}}]}<\/script>\n<!-- \/ Yoast SEO plugin. -->","yoast_head_json":{"title":"Visites \u00e0 votre Domicile - petservicesparis","description":"Visite \u00e0 domicile pour animaux chats chiens et nac, visite de chiens \u00e0 domicile, visite de chat \u00e0 domicile, visite animal de compagnie nac","robots":{"index":"index","follow":"follow","max-snippet":"max-snippet:-1","max-image-preview":"max-image-preview:large","max-video-preview":"max-video-preview:-1"},"canonical":"https:\/\/petservicesparis.com\/index.php\/visites-a-votre-domicile\/","og_locale":"fr_FR","og_type":"article","og_title":"Visites \u00e0 votre Domicile - petservicesparis","og_description":"Visite \u00e0 domicile pour animaux chats chiens et nac, visite de chiens \u00e0 domicile, visite de chat \u00e0 domicile, visite animal de compagnie nac","og_url":"https:\/\/petservicesparis.com\/index.php\/visites-a-votre-domicile\/","og_site_name":"petservicesparis","article_modified_time":"2024-05-01T12:26:05+00:00","og_image":[{"url":"https:\/\/petservicesparis.com\/wp-content\/uploads\/2023\/06\/key-chain-variant.png","type":"","width":"","height":""}],"twitter_card":"summary_large_image","twitter_misc":{"Dur\u00e9e de lecture estim\u00e9e":"2 minutes"},"schema":{"@context":"https:\/\/schema.org","@graph":[{"@type":"WebPage","@id":"https:\/\/petservicesparis.com\/index.php\/visites-a-votre-domicile\/","url":"https:\/\/petservicesparis.com\/index.php\/visites-a-votre-domicile\/","name":"Visites \u00e0 votre Domicile - petservicesparis","isPartOf":{"@id":"https:\/\/petservicesparis.com\/#website"},"primaryImageOfPage":{"@id":"https:\/\/petservicesparis.com\/index.php\/visites-a-votre-domicile\/#primaryimage"},"image":{"@id":"https:\/\/petservicesparis.com\/index.php\/visites-a-votre-domicile\/#primaryimage"},"thumbnailUrl":"https:\/\/petservicesparis.com\/wp-content\/uploads\/2023\/06\/key-chain-variant.png","datePublished":"2023-06-12T07:40:49+00:00","dateModified":"2024-05-01T12:26:05+00:00","description":"Visite \u00e0 domicile pour animaux chats chiens et nac, visite de chiens \u00e0 domicile, visite de chat \u00e0 domicile, visite animal de compagnie nac","breadcrumb":{"@id":"https:\/\/petservicesparis.com\/index.php\/visites-a-votre-domicile\/#breadcrumb"},"inLanguage":"fr-FR","potentialAction":[{"@type":"ReadAction","target":["https:\/\/petservicesparis.com\/index.php\/visites-a-votre-domicile\/"]}]},{"@type":"ImageObject","inLanguage":"fr-FR","@id":"https:\/\/petservicesparis.com\/index.php\/visites-a-votre-domicile\/#primaryimage","url":"https:\/\/petservicesparis.com\/wp-content\/uploads\/2023\/06\/key-chain-variant.png","contentUrl":"https:\/\/petservicesparis.com\/wp-content\/uploads\/2023\/06\/key-chain-variant.png","width":256,"height":256},{"@type":"BreadcrumbList","@id":"https:\/\/petservicesparis.com\/index.php\/visites-a-votre-domicile\/#breadcrumb","itemListElement":[{"@type":"ListItem","position":1,"name":"Accueil","item":"https:\/\/petservicesparis.com\/"},{"@type":"ListItem","position":2,"name":"Visites \u00e0 votre Domicile"}]},{"@type":"WebSite","@id":"https:\/\/petservicesparis.com\/#website","url":"https:\/\/petservicesparis.com\/","name":"petservicesparis","description":"garde animaux pension pour chats chiens et nac paris 14","publisher":{"@id":"https:\/\/petservicesparis.com\/#organization"},"potentialAction":[{"@type":"SearchAction","target":{"@type":"EntryPoint","urlTemplate":"https:\/\/petservicesparis.com\/?s={search_term_string}"},"query-input":{"@type":"PropertyValueSpecification","valueRequired":true,"valueName":"search_term_string"}}],"inLanguage":"fr-FR"},{"@type":"Organization","@id":"https:\/\/petservicesparis.com\/#organization","name":"petservicesparis","url":"https:\/\/petservicesparis.com\/","logo":{"@type":"ImageObject","inLanguage":"fr-FR","@id":"https:\/\/petservicesparis.com\/#\/schema\/logo\/image\/","url":"https:\/\/petservicesparis.com\/wp-content\/uploads\/2023\/07\/cropped-logo-vert-sans-back.png","contentUrl":"https:\/\/petservicesparis.com\/wp-content\/uploads\/2023\/07\/cropped-logo-vert-sans-back.png","width":1080,"height":160,"caption":"petservicesparis"},"image":{"@id":"https:\/\/petservicesparis.com\/#\/schema\/logo\/image\/"}}]}},"_links":{"self":[{"href":"https:\/\/petservicesparis.com\/index.php\/wp-json\/wp\/v2\/pages\/249","targetHints":{"allow":["GET"]}}],"collection":[{"href":"https:\/\/petservicesparis.com\/index.php\/wp-json\/wp\/v2\/pages"}],"about":[{"href":"https:\/\/petservicesparis.com\/index.php\/wp-json\/wp\/v2\/types\/page"}],"author":[{"embeddable":true,"href":"https:\/\/petservicesparis.com\/index.php\/wp-json\/wp\/v2\/users\/1"}],"replies":[{"embeddable":true,"href":"https:\/\/petservicesparis.com\/index.php\/wp-json\/wp\/v2\/comments?post=249"}],"version-history":[{"count":48,"href":"https:\/\/petservicesparis.com\/index.php\/wp-json\/wp\/v2\/pages\/249\/revisions"}],"predecessor-version":[{"id":5394,"href":"https:\/\/petservicesparis.com\/index.php\/wp-json\/wp\/v2\/pages\/249\/revisions\/5394"}],"wp:attachment":[{"href":"https:\/\/petservicesparis.com\/index.php\/wp-json\/wp\/v2\/media?parent=249"}],"curies":[{"name":"wp","href":"https:\/\/api.w.org\/{rel}","templated":true}]}}