{"id":5272,"date":"2024-03-15T20:38:34","date_gmt":"2024-03-15T19:38:34","guid":{"rendered":"https:\/\/petservicesparis.com\/?page_id=5272"},"modified":"2026-04-13T16:48:03","modified_gmt":"2026-04-13T14:48:03","slug":"tarifs-chat-2025-sejour-en-pension","status":"publish","type":"page","link":"https:\/\/petservicesparis.com\/index.php\/tarifs-chat-2025-sejour-en-pension\/","title":{"rendered":"TARIFS CHAT 2026 \/ S\u00e9jour en pension"},"content":{"rendered":"\n<figure class=\"wp-block-image aligncenter size-large is-resized is-style-rounded\"><img loading=\"lazy\" decoding=\"async\" width=\"1024\" height=\"1024\" src=\"https:\/\/petservicesparis.com\/wp-content\/uploads\/2024\/03\/chatcalcul-1024x1024.jpg\" alt=\"\" class=\"wp-image-5095\" style=\"width:150px;height:150px\" srcset=\"https:\/\/petservicesparis.com\/wp-content\/uploads\/2024\/03\/chatcalcul-1024x1024.jpg 1024w, https:\/\/petservicesparis.com\/wp-content\/uploads\/2024\/03\/chatcalcul-300x300.jpg 300w, https:\/\/petservicesparis.com\/wp-content\/uploads\/2024\/03\/chatcalcul-150x150.jpg 150w, https:\/\/petservicesparis.com\/wp-content\/uploads\/2024\/03\/chatcalcul-768x768.jpg 768w, https:\/\/petservicesparis.com\/wp-content\/uploads\/2024\/03\/chatcalcul.jpg 1532w\" sizes=\"auto, (max-width: 1024px) 100vw, 1024px\" \/><\/figure>\n\n\n\n<div class=\"wp-block-group is-layout-constrained wp-block-group-is-layout-constrained\" style=\"padding-top:10px;padding-bottom:10px\">\n<ul class=\"wp-block-list my-justify-class\">\n<li class=\"my-justify-class\">La dur\u00e9e du s\u00e9jour est compt\u00e9e du jour d\u2019arriv\u00e9e au jour de d\u00e9part inclus quelque que soit l&rsquo;heure de d\u00e9p\u00f4t et de reprise de l&rsquo;animal.<\/li>\n\n\n\n<li>Pr\u00e9sence d&rsquo;autre animal (s\u00e9paration possible). Plus d&rsquo;information sur les installations: <a href=\"https:\/\/petservicesparis.com\/index.php\/pension\/\">la pension.<\/a><\/li>\n\n\n\n<li>L<strong>&lsquo;arriv\u00e9e et le d\u00e9part se font entre <span style=\"text-decoration: underline;\">8H30 et 19H<\/span>. Avant ou apr\u00e8s ce cr\u00e9neau horaire, sur rdv avec suppl\u00e9ment par tranche de 30mn.<\/strong><\/li>\n<\/ul>\n\n\n\n<p class=\"has-text-align-center\">\u25c6 <strong><span style=\"text-decoration: underline;\">\u00c0 partir du 1er janvier 2026 : Franchise de TVA <\/span>&#8211; TVA non applicable (art. 293B du CGI)<\/strong><\/p>\n\n\n\n<div class=\"wp-block-columns is-layout-flex wp-container-core-columns-is-layout-28f84493 wp-block-columns-is-layout-flex\">\n<div class=\"wp-block-column has-border-color has-ast-global-color-1-border-color is-layout-constrained wp-block-column-is-layout-constrained\" style=\"border-width:2px;padding-bottom:var(--wp--preset--spacing--30);flex-basis:50%\">\n<h4 class=\"wp-block-heading has-text-align-center has-ast-global-color-5-color has-text-color has-background has-link-color wp-elements-ef270c2569e2b52a6780ec2e2c50ed26\" style=\"background-color:#4ca598\">BASSE SAISON<\/h4>\n\n\n\n<h2 class=\"wp-block-heading has-text-align-center has-text-color has-link-color has-large-font-size wp-elements-6a5e6b6733fd76bffdc1aaff723fb376\" style=\"color:#4ca598\">20 \u20ac<\/h2>\n\n\n\n<p class=\"has-text-align-center\">Tarif pour 1 chat<\/p>\n\n\n\n<ul class=\"wp-block-list\">\n<li>Nourriture \u00e0 fournir pour respecter le r\u00e9gime alimentaire et flore intestinale de votre chat. <\/li>\n\n\n\n<li>Liti\u00e8re \u00e0 fournir ou en suppl\u00e9ment<\/li>\n\n\n\n<li><span style=\"text-decoration: underline;\"><strong>Suppl\u00e9ment <\/strong><\/span>\n<ul class=\"wp-block-list\">\n<li><span style=\"text-decoration: underline;\">si d\u00e9p\u00f4t avant 9H ou apr\u00e8s 19H :<\/span> <strong>+<\/strong>5\u20ac les 30mn ou <strong>+10\u20ac<\/strong> l&rsquo;heure<\/li>\n<\/ul>\n<\/li>\n<\/ul>\n<\/div>\n\n\n\n<div class=\"wp-block-column has-border-color has-ast-global-color-1-border-color is-layout-constrained wp-block-column-is-layout-constrained\" style=\"border-width:2px;padding-top:0;padding-bottom:var(--wp--preset--spacing--30);flex-basis:50%\">\n<h4 class=\"wp-block-heading has-text-align-center has-ast-global-color-5-color has-text-color has-background has-link-color wp-elements-4463158baa0bd1cb3bd84b7129cb9944\" style=\"background-color:#4ca598\">HAUTE SAISON<\/h4>\n\n\n\n<h2 class=\"wp-block-heading has-text-align-center has-text-color has-link-color wp-elements-fa4c0bdb5753b72556425eb3bed6afbf\" style=\"color:#4ca598\">25 \u20ac<\/h2>\n\n\n\n<p class=\"has-text-align-center\">Tarif pour 1 chat<\/p>\n\n\n\n<ul class=\"wp-block-list\">\n<li>Nourriture \u00e0 fournir pour respecter le r\u00e9gime alimentaire et flore intestinale de votre chat.<\/li>\n\n\n\n<li>Liti\u00e8re \u00e0 fournir ou en suppl\u00e9ment<\/li>\n\n\n\n<li><span style=\"font-weight: bold; text-decoration: underline;\">Suppl\u00e9ments<\/span>\n<ul class=\"wp-block-list\">\n<li>Jours F\u00e9ri\u00e9s** : <strong>+ 5\u20ac<\/strong><\/li>\n\n\n\n<li><span style=\"text-decoration: underline;\">si d\u00e9p\u00f4t avant 9H ou apr\u00e8s 19H :<\/span> <strong>+5\u20ac<\/strong> les 30mn ou <strong>+10\u20ac<\/strong> l&rsquo;heure<\/li>\n<\/ul>\n<\/li>\n<\/ul>\n<\/div>\n<\/div>\n\n\n\n<p class=\"has-text-align-center\">* <u>Dates Haute Saison 20<\/u><span style=\"text-decoration: underline;\"><u>2<\/u>6<\/span><\/p>\n\n\n\n<p class=\"has-text-align-center\">En raison de la forte demande autour des vacances scolaires, des jours f\u00e9ri\u00e9s et des ponts, le tarif haute saison s\u2019applique aux p\u00e9riodes list\u00e9es ci-dessous.<span style=\"text-decoration: underline;\"><\/span><\/p>\n\n\n\n<ul class=\"wp-block-list\">\n<li><strong>Hiver<\/strong> : du Vendredi 20 F\u00e9vrier au Lundi 9 Mars inclus<\/li>\n\n\n\n<li><strong>P\u00e2ques &amp; Printemps <\/strong>:&nbsp; du Vendredi 3 au Lundi 6 Avril inclus &amp; du Vendredi 17 Avril au Lundi 4 Mai inclus&nbsp;<\/li>\n\n\n\n<li><strong>Ponts de Mai <\/strong>: du Mardi 5 Mai au Mardi 26 Mai inclus&nbsp;<\/li>\n\n\n\n<li><strong>\u00c9t\u00e9<\/strong> : du Vendredi 19 Juin au Dimanche 13 Septembre inclus<\/li>\n\n\n\n<li><strong>Novembre<\/strong>:&nbsp; du Jeudi 15 Octobre&nbsp; au Dimanche 15 Novembre inclus<\/li>\n\n\n\n<li><strong>No\u00ebl<\/strong> : du Vendredi 11 D\u00e9cembre au Vendredi 15 janvier inclus<\/li>\n<\/ul>\n\n\n\n<p class=\"has-text-align-center\">** <u>Jours f\u00e9ri\u00e9s 2026<\/u><\/p>\n\n\n\n<ul class=\"wp-block-list\">\n<li>1er Janvier, Lundi de P\u00e2ques (6 Avril), 1er, 8 Mai, Lundi de Pentec\u00f4te 25 Mai, 14 Juillet,15 Ao\u00fbt, 1er et 11 Novembre, 24, 25 et 31 D\u00e9cembre.<\/li>\n<\/ul>\n<\/div>\n\n\n<div class=\"wp-block-ub-divider ub_divider ub-divider-orientation-horizontal\" id=\"ub_divider_11b1e0dd-8fbc-4d99-aa0c-56384be5dd56\"><div class=\"ub_divider_wrapper\" style=\"position: relative; margin-bottom: 30px; width: 50%; height: 30px; \" data-divider-alignment=\"center\"><div class=\"ub_divider_line\" style=\"border-top: 2px solid var(--ast-global-color-1); margin-top: 30px; \"><\/div><\/div><\/div>\n\n\n<h3 class=\"wp-block-heading has-text-align-center\"><strong><span style=\"text-decoration: underline;\">EN OPTION :<\/span>  <\/strong>Liti\u00e8re fournie par Pet Services Paris<\/h3>\n\n\n\n<figure class=\"wp-block-table is-style-regular has-medium-font-size\" style=\"margin-top:0;margin-right:0;margin-bottom:0;margin-left:0;padding-top:var(--wp--preset--spacing--30);padding-right:var(--wp--preset--spacing--30);padding-bottom:var(--wp--preset--spacing--30);padding-left:var(--wp--preset--spacing--30);font-style:normal;font-weight:300\"><table class=\"has-border-color has-fixed-layout\" style=\"border-color:#4ca598;border-width:1px\"><tbody><tr><td class=\"has-text-align-center\" data-align=\"center\"> <span style=\"text-decoration: underline;\">Dur\u00e9e du s\u00e9jour<\/span><\/td><td class=\"has-text-align-center\" data-align=\"center\"><span style=\"text-decoration: underline;\">Tarif Liti\u00e8re<br><\/span>\u00e0 r\u00e9gler en esp\u00e8ces \u00e0 l&rsquo;arriv\u00e9e<\/td><\/tr><tr><td class=\"has-text-align-center\" data-align=\"center\"> 1 \u00e0 5 jours<\/td><td class=\"has-text-align-center\" data-align=\"center\"><strong>5 \u20ac<\/strong> <\/td><\/tr><tr><td class=\"has-text-align-center\" data-align=\"center\">5 \u00e0 10 jours<\/td><td class=\"has-text-align-center\" data-align=\"center\"><strong>10 \u20ac<\/strong> <\/td><\/tr><tr><td class=\"has-text-align-center\" data-align=\"center\">10 \u00e0 20 jours<\/td><td class=\"has-text-align-center\" data-align=\"center\">sur devis<\/td><\/tr><\/tbody><\/table><figcaption class=\"wp-element-caption\">Liti\u00e8re <em>Cat\u2019s Best: <\/em>agglom\u00e9rante fabriqu\u00e9e \u00e0 partir de mati\u00e8res naturelles, sans additifs, compostable &amp; 100 % biod\u00e9gradable, peu poussi\u00e9reuse et douce pour les pattes du chat.<\/figcaption><\/figure>\n\n\n<div class=\"wp-block-ub-divider ub_divider ub-divider-orientation-horizontal\" id=\"ub_divider_5a34c028-7fb1-48c1-bad6-9e84d9c51cb8\"><div class=\"ub_divider_wrapper\" style=\"position: relative; margin-bottom: 30px; width: 50%; height: 30px; \" data-divider-alignment=\"center\"><div class=\"ub_divider_line\" style=\"border-top: 2px solid var(--ast-global-color-1); margin-top: 30px; \"><\/div><\/div><\/div>\n\n\n<h3 class=\"wp-block-heading has-text-align-center\"><strong><span style=\"text-decoration: underline;\">EN OPTION :<\/span>  <\/strong>Autres services \u00e0 la demande<\/h3>\n\n\n\n<figure class=\"wp-block-table aligncenter is-style-regular has-medium-font-size\" style=\"font-style:normal;font-weight:300\"><table class=\"has-border-color\" style=\"border-color:#4ca598;border-width:1px\"><tbody><tr><td class=\"has-text-align-left\" data-align=\"left\"><strong><span style=\"text-decoration: underline;\">Prestations<\/span><\/strong><\/td><td class=\"has-text-align-center\" data-align=\"center\"><strong>Prix<\/strong><\/td><\/tr><tr><td class=\"has-text-align-left\" data-align=\"left\">Soins m\u00e9dicaux &amp; Esth\u00e9tiques: prise de m\u00e9dicament, coupe de griffes, brossage &amp; d\u00e9m\u00ealage de poils<\/td><td class=\"has-text-align-center\" data-align=\"center\"><strong>5 \u20ac<\/strong> par prestation<\/td><\/tr><tr><td class=\"has-text-align-left\" data-align=\"left\">Gardiennage domicile: rel\u00e8ve courrier &amp; arrosage plantes selon instructions<\/td><td class=\"has-text-align-center\" data-align=\"center\"><strong>5 \u20ac<\/strong><\/td><\/tr><tr><td class=\"has-text-align-left\" data-align=\"left\">Achat de produit alimentaire ou liti\u00e8re (hors courses \u00e0 rembourser sur facture)<\/td><td class=\"has-text-align-center\" data-align=\"center\"><strong>15 \u20ac<\/strong><\/td><\/tr><tr><td class=\"has-text-align-left\" data-align=\"left\">Emmener votre animal chez votre v\u00e9t\u00e9rinaire ou toiletteur<\/td><td class=\"has-text-align-center\" data-align=\"center\"><a href=\"https:\/\/petservicesparis.com\/index.php\/contact\/\">Sur  devis<\/a><\/td><\/tr><tr><td class=\"has-text-align-left\" data-align=\"left\">Nettoyage oreilles OU yeux (compresses st\u00e9riles et solution auriculaire\/oculaires)<\/td><td class=\"has-text-align-center\" data-align=\"center\"><strong>3 \u20ac<\/strong> par prestation<\/td><\/tr><tr><td class=\"has-text-align-left\" data-align=\"left\">Brossage de poils courts \u00e0 long (peigne double, brosses: d\u00e9m\u00ealante et massantes, shampoing sec)<\/td><td class=\"has-text-align-center\" data-align=\"center\"><a href=\"https:\/\/petservicesparis.com\/index.php\/contact\/\">Sur devis<\/a><\/td><\/tr><tr><td class=\"has-text-align-left\" data-align=\"left\">soins locaux: pommade, pansement.<\/td><td class=\"has-text-align-center\" data-align=\"center\"><a href=\"https:\/\/petservicesparis.com\/index.php\/contact\/\">Sur devis<\/a><\/td><\/tr><\/tbody><\/table><\/figure>\n","protected":false},"excerpt":{"rendered":"<p>\u25c6 \u00c0 partir du 1er janvier 2026 : Franchise de TVA &#8211; TVA non applicable (art. 293B du CGI) BASSE SAISON 20 \u20ac Tarif pour 1 chat HAUTE SAISON 25 \u20ac Tarif pour 1 chat * Dates Haute Saison 2026 En raison de la forte demande autour des vacances scolaires, des jours f\u00e9ri\u00e9s et des [&hellip;]<\/p>\n","protected":false},"author":1,"featured_media":0,"parent":0,"menu_order":0,"comment_status":"closed","ping_status":"closed","template":"","meta":{"site-sidebar-layout":"default","site-content-layout":"","ast-site-content-layout":"default","site-content-style":"default","site-sidebar-style":"default","ast-global-header-display":"","ast-banner-title-visibility":"","ast-main-header-display":"","ast-hfb-above-header-display":"","ast-hfb-below-header-display":"","ast-hfb-mobile-header-display":"","site-post-title":"","ast-breadcrumbs-content":"","ast-featured-img":"","footer-sml-layout":"","ast-disable-related-posts":"","theme-transparent-header-meta":"","adv-header-id-meta":"","stick-header-meta":"","header-above-stick-meta":"","header-main-stick-meta":"","header-below-stick-meta":"","astra-migrate-meta-layouts":"set","ast-page-background-enabled":"default","ast-page-background-meta":{"desktop":{"background-color":"var(--ast-global-color-4)","background-image":"","background-repeat":"repeat","background-position":"center center","background-size":"auto","background-attachment":"scroll","background-type":"","background-media":"","overlay-type":"","overlay-color":"","overlay-opacity":"","overlay-gradient":""},"tablet":{"background-color":"","background-image":"","background-repeat":"repeat","background-position":"center center","background-size":"auto","background-attachment":"scroll","background-type":"","background-media":"","overlay-type":"","overlay-color":"","overlay-opacity":"","overlay-gradient":""},"mobile":{"background-color":"","background-image":"","background-repeat":"repeat","background-position":"center center","background-size":"auto","background-attachment":"scroll","background-type":"","background-media":"","overlay-type":"","overlay-color":"","overlay-opacity":"","overlay-gradient":""}},"ast-content-background-meta":{"desktop":{"background-color":"var(--ast-global-color-5)","background-image":"","background-repeat":"repeat","background-position":"center center","background-size":"auto","background-attachment":"scroll","background-type":"","background-media":"","overlay-type":"","overlay-color":"","overlay-opacity":"","overlay-gradient":""},"tablet":{"background-color":"var(--ast-global-color-5)","background-image":"","background-repeat":"repeat","background-position":"center center","background-size":"auto","background-attachment":"scroll","background-type":"","background-media":"","overlay-type":"","overlay-color":"","overlay-opacity":"","overlay-gradient":""},"mobile":{"background-color":"var(--ast-global-color-5)","background-image":"","background-repeat":"repeat","background-position":"center center","background-size":"auto","background-attachment":"scroll","background-type":"","background-media":"","overlay-type":"","overlay-color":"","overlay-opacity":"","overlay-gradient":""}},"_glsr_average":0,"_glsr_ranking":0,"_glsr_reviews":0,"footnotes":""},"class_list":["post-5272","page","type-page","status-publish","hentry"],"featured_image_src":null,"yoast_head":"<!-- This site is optimized with the Yoast SEO plugin v26.9 - https:\/\/yoast.com\/product\/yoast-seo-wordpress\/ -->\n<title>TARIFS CHAT 2026 \/ S\u00e9jour en pension - petservicesparis<\/title>\n<meta name=\"robots\" content=\"index, follow, max-snippet:-1, max-image-preview:large, max-video-preview:-1\" \/>\n<link rel=\"canonical\" href=\"https:\/\/petservicesparis.com\/index.php\/tarifs-chat-2025-sejour-en-pension\/\" \/>\n<meta property=\"og:locale\" content=\"fr_FR\" \/>\n<meta property=\"og:type\" content=\"article\" \/>\n<meta property=\"og:title\" content=\"TARIFS CHAT 2026 \/ S\u00e9jour en pension - petservicesparis\" \/>\n<meta property=\"og:description\" content=\"\u25c6 \u00c0 partir du 1er janvier 2026 : Franchise de TVA &#8211; TVA non applicable (art. 293B du CGI) BASSE SAISON 20 \u20ac Tarif pour 1 chat HAUTE SAISON 25 \u20ac Tarif pour 1 chat * Dates Haute Saison 2026 En raison de la forte demande autour des vacances scolaires, des jours f\u00e9ri\u00e9s et des [&hellip;]\" \/>\n<meta property=\"og:url\" content=\"https:\/\/petservicesparis.com\/index.php\/tarifs-chat-2025-sejour-en-pension\/\" \/>\n<meta property=\"og:site_name\" content=\"petservicesparis\" \/>\n<meta property=\"article:modified_time\" content=\"2026-04-13T14:48:03+00:00\" \/>\n<meta property=\"og:image\" content=\"https:\/\/petservicesparis.com\/wp-content\/uploads\/2024\/03\/chatcalcul.jpg\" \/>\n\t<meta property=\"og:image:width\" content=\"1532\" \/>\n\t<meta property=\"og:image:height\" content=\"1532\" \/>\n\t<meta property=\"og:image:type\" content=\"image\/jpeg\" \/>\n<meta name=\"twitter:card\" content=\"summary_large_image\" \/>\n<meta name=\"twitter:label1\" content=\"Dur\u00e9e de lecture estim\u00e9e\" \/>\n\t<meta name=\"twitter:data1\" content=\"3 minutes\" \/>\n<script type=\"application\/ld+json\" class=\"yoast-schema-graph\">{\"@context\":\"https:\/\/schema.org\",\"@graph\":[{\"@type\":\"WebPage\",\"@id\":\"https:\/\/petservicesparis.com\/index.php\/tarifs-chat-2025-sejour-en-pension\/\",\"url\":\"https:\/\/petservicesparis.com\/index.php\/tarifs-chat-2025-sejour-en-pension\/\",\"name\":\"TARIFS CHAT 2026 \/ S\u00e9jour en pension - petservicesparis\",\"isPartOf\":{\"@id\":\"https:\/\/petservicesparis.com\/#website\"},\"primaryImageOfPage\":{\"@id\":\"https:\/\/petservicesparis.com\/index.php\/tarifs-chat-2025-sejour-en-pension\/#primaryimage\"},\"image\":{\"@id\":\"https:\/\/petservicesparis.com\/index.php\/tarifs-chat-2025-sejour-en-pension\/#primaryimage\"},\"thumbnailUrl\":\"https:\/\/petservicesparis.com\/wp-content\/uploads\/2024\/03\/chatcalcul-1024x1024.jpg\",\"datePublished\":\"2024-03-15T19:38:34+00:00\",\"dateModified\":\"2026-04-13T14:48:03+00:00\",\"breadcrumb\":{\"@id\":\"https:\/\/petservicesparis.com\/index.php\/tarifs-chat-2025-sejour-en-pension\/#breadcrumb\"},\"inLanguage\":\"fr-FR\",\"potentialAction\":[{\"@type\":\"ReadAction\",\"target\":[\"https:\/\/petservicesparis.com\/index.php\/tarifs-chat-2025-sejour-en-pension\/\"]}]},{\"@type\":\"ImageObject\",\"inLanguage\":\"fr-FR\",\"@id\":\"https:\/\/petservicesparis.com\/index.php\/tarifs-chat-2025-sejour-en-pension\/#primaryimage\",\"url\":\"https:\/\/petservicesparis.com\/wp-content\/uploads\/2024\/03\/chatcalcul.jpg\",\"contentUrl\":\"https:\/\/petservicesparis.com\/wp-content\/uploads\/2024\/03\/chatcalcul.jpg\",\"width\":1532,\"height\":1532},{\"@type\":\"BreadcrumbList\",\"@id\":\"https:\/\/petservicesparis.com\/index.php\/tarifs-chat-2025-sejour-en-pension\/#breadcrumb\",\"itemListElement\":[{\"@type\":\"ListItem\",\"position\":1,\"name\":\"Accueil\",\"item\":\"https:\/\/petservicesparis.com\/\"},{\"@type\":\"ListItem\",\"position\":2,\"name\":\"TARIFS CHAT 2026 \/ S\u00e9jour en pension\"}]},{\"@type\":\"WebSite\",\"@id\":\"https:\/\/petservicesparis.com\/#website\",\"url\":\"https:\/\/petservicesparis.com\/\",\"name\":\"petservicesparis\",\"description\":\"garde animaux pension pour chats chiens et nac paris 14\",\"publisher\":{\"@id\":\"https:\/\/petservicesparis.com\/#organization\"},\"potentialAction\":[{\"@type\":\"SearchAction\",\"target\":{\"@type\":\"EntryPoint\",\"urlTemplate\":\"https:\/\/petservicesparis.com\/?s={search_term_string}\"},\"query-input\":{\"@type\":\"PropertyValueSpecification\",\"valueRequired\":true,\"valueName\":\"search_term_string\"}}],\"inLanguage\":\"fr-FR\"},{\"@type\":\"Organization\",\"@id\":\"https:\/\/petservicesparis.com\/#organization\",\"name\":\"petservicesparis\",\"url\":\"https:\/\/petservicesparis.com\/\",\"logo\":{\"@type\":\"ImageObject\",\"inLanguage\":\"fr-FR\",\"@id\":\"https:\/\/petservicesparis.com\/#\/schema\/logo\/image\/\",\"url\":\"https:\/\/petservicesparis.com\/wp-content\/uploads\/2023\/07\/cropped-logo-vert-sans-back.png\",\"contentUrl\":\"https:\/\/petservicesparis.com\/wp-content\/uploads\/2023\/07\/cropped-logo-vert-sans-back.png\",\"width\":1080,\"height\":160,\"caption\":\"petservicesparis\"},\"image\":{\"@id\":\"https:\/\/petservicesparis.com\/#\/schema\/logo\/image\/\"}}]}<\/script>\n<!-- \/ Yoast SEO plugin. -->","yoast_head_json":{"title":"TARIFS CHAT 2026 \/ S\u00e9jour en pension - petservicesparis","robots":{"index":"index","follow":"follow","max-snippet":"max-snippet:-1","max-image-preview":"max-image-preview:large","max-video-preview":"max-video-preview:-1"},"canonical":"https:\/\/petservicesparis.com\/index.php\/tarifs-chat-2025-sejour-en-pension\/","og_locale":"fr_FR","og_type":"article","og_title":"TARIFS CHAT 2026 \/ S\u00e9jour en pension - petservicesparis","og_description":"\u25c6 \u00c0 partir du 1er janvier 2026 : Franchise de TVA &#8211; TVA non applicable (art. 293B du CGI) BASSE SAISON 20 \u20ac Tarif pour 1 chat HAUTE SAISON 25 \u20ac Tarif pour 1 chat * Dates Haute Saison 2026 En raison de la forte demande autour des vacances scolaires, des jours f\u00e9ri\u00e9s et des [&hellip;]","og_url":"https:\/\/petservicesparis.com\/index.php\/tarifs-chat-2025-sejour-en-pension\/","og_site_name":"petservicesparis","article_modified_time":"2026-04-13T14:48:03+00:00","og_image":[{"width":1532,"height":1532,"url":"https:\/\/petservicesparis.com\/wp-content\/uploads\/2024\/03\/chatcalcul.jpg","type":"image\/jpeg"}],"twitter_card":"summary_large_image","twitter_misc":{"Dur\u00e9e de lecture estim\u00e9e":"3 minutes"},"schema":{"@context":"https:\/\/schema.org","@graph":[{"@type":"WebPage","@id":"https:\/\/petservicesparis.com\/index.php\/tarifs-chat-2025-sejour-en-pension\/","url":"https:\/\/petservicesparis.com\/index.php\/tarifs-chat-2025-sejour-en-pension\/","name":"TARIFS CHAT 2026 \/ S\u00e9jour en pension - petservicesparis","isPartOf":{"@id":"https:\/\/petservicesparis.com\/#website"},"primaryImageOfPage":{"@id":"https:\/\/petservicesparis.com\/index.php\/tarifs-chat-2025-sejour-en-pension\/#primaryimage"},"image":{"@id":"https:\/\/petservicesparis.com\/index.php\/tarifs-chat-2025-sejour-en-pension\/#primaryimage"},"thumbnailUrl":"https:\/\/petservicesparis.com\/wp-content\/uploads\/2024\/03\/chatcalcul-1024x1024.jpg","datePublished":"2024-03-15T19:38:34+00:00","dateModified":"2026-04-13T14:48:03+00:00","breadcrumb":{"@id":"https:\/\/petservicesparis.com\/index.php\/tarifs-chat-2025-sejour-en-pension\/#breadcrumb"},"inLanguage":"fr-FR","potentialAction":[{"@type":"ReadAction","target":["https:\/\/petservicesparis.com\/index.php\/tarifs-chat-2025-sejour-en-pension\/"]}]},{"@type":"ImageObject","inLanguage":"fr-FR","@id":"https:\/\/petservicesparis.com\/index.php\/tarifs-chat-2025-sejour-en-pension\/#primaryimage","url":"https:\/\/petservicesparis.com\/wp-content\/uploads\/2024\/03\/chatcalcul.jpg","contentUrl":"https:\/\/petservicesparis.com\/wp-content\/uploads\/2024\/03\/chatcalcul.jpg","width":1532,"height":1532},{"@type":"BreadcrumbList","@id":"https:\/\/petservicesparis.com\/index.php\/tarifs-chat-2025-sejour-en-pension\/#breadcrumb","itemListElement":[{"@type":"ListItem","position":1,"name":"Accueil","item":"https:\/\/petservicesparis.com\/"},{"@type":"ListItem","position":2,"name":"TARIFS CHAT 2026 \/ S\u00e9jour en pension"}]},{"@type":"WebSite","@id":"https:\/\/petservicesparis.com\/#website","url":"https:\/\/petservicesparis.com\/","name":"petservicesparis","description":"garde animaux pension pour chats chiens et nac paris 14","publisher":{"@id":"https:\/\/petservicesparis.com\/#organization"},"potentialAction":[{"@type":"SearchAction","target":{"@type":"EntryPoint","urlTemplate":"https:\/\/petservicesparis.com\/?s={search_term_string}"},"query-input":{"@type":"PropertyValueSpecification","valueRequired":true,"valueName":"search_term_string"}}],"inLanguage":"fr-FR"},{"@type":"Organization","@id":"https:\/\/petservicesparis.com\/#organization","name":"petservicesparis","url":"https:\/\/petservicesparis.com\/","logo":{"@type":"ImageObject","inLanguage":"fr-FR","@id":"https:\/\/petservicesparis.com\/#\/schema\/logo\/image\/","url":"https:\/\/petservicesparis.com\/wp-content\/uploads\/2023\/07\/cropped-logo-vert-sans-back.png","contentUrl":"https:\/\/petservicesparis.com\/wp-content\/uploads\/2023\/07\/cropped-logo-vert-sans-back.png","width":1080,"height":160,"caption":"petservicesparis"},"image":{"@id":"https:\/\/petservicesparis.com\/#\/schema\/logo\/image\/"}}]}},"_links":{"self":[{"href":"https:\/\/petservicesparis.com\/index.php\/wp-json\/wp\/v2\/pages\/5272","targetHints":{"allow":["GET"]}}],"collection":[{"href":"https:\/\/petservicesparis.com\/index.php\/wp-json\/wp\/v2\/pages"}],"about":[{"href":"https:\/\/petservicesparis.com\/index.php\/wp-json\/wp\/v2\/types\/page"}],"author":[{"embeddable":true,"href":"https:\/\/petservicesparis.com\/index.php\/wp-json\/wp\/v2\/users\/1"}],"replies":[{"embeddable":true,"href":"https:\/\/petservicesparis.com\/index.php\/wp-json\/wp\/v2\/comments?post=5272"}],"version-history":[{"count":41,"href":"https:\/\/petservicesparis.com\/index.php\/wp-json\/wp\/v2\/pages\/5272\/revisions"}],"predecessor-version":[{"id":6003,"href":"https:\/\/petservicesparis.com\/index.php\/wp-json\/wp\/v2\/pages\/5272\/revisions\/6003"}],"wp:attachment":[{"href":"https:\/\/petservicesparis.com\/index.php\/wp-json\/wp\/v2\/media?parent=5272"}],"curies":[{"name":"wp","href":"https:\/\/api.w.org\/{rel}","templated":true}]}}