{"id":5328,"date":"2024-03-16T07:34:17","date_gmt":"2024-03-16T06:34:17","guid":{"rendered":"https:\/\/petservicesparis.com\/?page_id=5328"},"modified":"2026-01-21T20:53:44","modified_gmt":"2026-01-21T19:53:44","slug":"tarifs-nac-garde-en-pension","status":"publish","type":"page","link":"https:\/\/petservicesparis.com\/index.php\/tarifs-nac-garde-en-pension\/","title":{"rendered":"TARIFS NAC 2026 \/ garde en pension"},"content":{"rendered":"\n<figure class=\"wp-block-image aligncenter size-full is-resized is-style-rounded\"><img loading=\"lazy\" decoding=\"async\" width=\"2189\" height=\"2402\" src=\"https:\/\/petservicesparis.com\/wp-content\/uploads\/2023\/07\/IMG_8458.jpeg\" alt=\"\" class=\"wp-image-4114\" style=\"object-fit:cover;width:150px;height:150px\" srcset=\"https:\/\/petservicesparis.com\/wp-content\/uploads\/2023\/07\/IMG_8458.jpeg 2189w, https:\/\/petservicesparis.com\/wp-content\/uploads\/2023\/07\/IMG_8458-273x300.jpeg 273w, https:\/\/petservicesparis.com\/wp-content\/uploads\/2023\/07\/IMG_8458-933x1024.jpeg 933w, https:\/\/petservicesparis.com\/wp-content\/uploads\/2023\/07\/IMG_8458-768x843.jpeg 768w, https:\/\/petservicesparis.com\/wp-content\/uploads\/2023\/07\/IMG_8458-1400x1536.jpeg 1400w, https:\/\/petservicesparis.com\/wp-content\/uploads\/2023\/07\/IMG_8458-1866x2048.jpeg 1866w\" sizes=\"auto, (max-width: 2189px) 100vw, 2189px\" \/><\/figure>\n\n\n\n<div class=\"wp-block-group is-layout-constrained wp-block-group-is-layout-constrained\">\n<ul class=\"wp-block-list my-justify-class\">\n<li class=\"my-justify-class\">La dur\u00e9e du s\u00e9jour est compt\u00e9e <strong>du jour d\u2019arriv\u00e9e au jour de d\u00e9part inclus quelque que soit l&rsquo;heure de d\u00e9p\u00f4t et de reprise<\/strong> de l&rsquo;animal.<\/li>\n\n\n\n<li class=\"my-justify-class\">Pi\u00e8ce ferm\u00e9e d\u00e9di\u00e9e au NAC. Plus d&rsquo;information sur les installation s: <a href=\"https:\/\/petservicesparis.com\/index.php\/pension\/\">la pension.<\/a><\/li>\n\n\n\n<li class=\"my-justify-class\">Nouvelles r\u00e9guli\u00e8res avec photos\/vid\u00e9os par t\u00e9l\u00e9phone ou Whatsapp<\/li>\n\n\n\n<li class=\"my-justify-class\">Horaire d\u00e9p\u00f4t\/r\u00e9cup\u00e9ration de votre NAC 7\/7 : A partir de 8H30 et r\u00e9cup\u00e9ration avant 19H (ou  suppl\u00e9ment hors plage horaire)<\/li>\n<\/ul>\n\n\n\n<p class=\"has-text-align-center\">\u25c6&nbsp;<strong><span style=\"text-decoration: underline;\">\u00c0 partir du 1er janvier 2026<\/span> : Franchise de TVA&nbsp;\u2013 TVA non applicable (art. 293B du CGI)<\/strong><\/p>\n\n\n\n<div class=\"wp-block-columns is-layout-flex wp-container-core-columns-is-layout-28f84493 wp-block-columns-is-layout-flex\">\n<div class=\"wp-block-column has-border-color has-ast-global-color-1-border-color is-layout-constrained wp-block-column-is-layout-constrained\" style=\"border-width:2px;flex-basis:50%\">\n<h4 class=\"wp-block-heading has-text-align-center has-ast-global-color-5-color has-text-color has-background has-link-color wp-elements-ef270c2569e2b52a6780ec2e2c50ed26\" style=\"background-color:#4ca598\">BASSE SAISON<\/h4>\n\n\n\n<h2 class=\"wp-block-heading has-text-align-center has-text-color has-link-color has-large-font-size wp-elements-26fd5122e45f8515c7363e3dfb3a1892\" style=\"color:#4ca598\">15 \u20ac<\/h2>\n\n\n\n<ul class=\"wp-block-list\">\n<li>Tarif jour pour 1 lapin ou cochon d&rsquo;inde                                          <\/li>\n\n\n\n<li>Cage, foin\/fond de liti\u00e8re, alimentation <span style=\"text-decoration: underline;\">\u00e0 fournir<\/span><\/li>\n\n\n\n<li>L\u00e9gumes &amp; fruits frais en suppl\u00e9ment sur demande<\/li>\n<\/ul>\n\n\n\n<h2 class=\"wp-block-heading has-text-align-center has-text-color has-link-color wp-elements-65455538486be16dd8650689c6415360\" style=\"color:#4ca598;font-size:36px\">8 \u20ac<\/h2>\n\n\n\n<ul class=\"wp-block-list\">\n<li>Tarif jour pour 1 hamster ou rat ou tortue<\/li>\n\n\n\n<li>Cage, foin\/fond de liti\u00e8re, alimentation <span style=\"text-decoration: underline;\">\u00e0 fournir<\/span><\/li>\n<\/ul>\n\n\n\n<p class=\"has-text-align-center\">Tarif pr\u00e9f\u00e9rentiel pour animal suppl\u00e9mentaire dans la m\u00eame cage<\/p>\n\n\n\n<p><\/p>\n\n\n\n<p><\/p>\n<\/div>\n\n\n\n<div class=\"wp-block-column has-border-color has-ast-global-color-1-border-color is-layout-constrained wp-block-column-is-layout-constrained\" style=\"border-width:2px;padding-top:0;padding-bottom:0;flex-basis:50%\">\n<h4 class=\"wp-block-heading has-text-align-center has-ast-global-color-5-color has-text-color has-background has-link-color wp-elements-5c7f96c5934a5529c68a291bce935cb0\" style=\"background-color:#4ca598\">HAUTE SAISON *<\/h4>\n\n\n\n<h2 class=\"wp-block-heading has-text-align-center has-text-color has-link-color wp-elements-2880e830eaa40e2db706f3814acf6dda\" style=\"color:#4ca598;font-size:36px\">20 \u20ac<\/h2>\n\n\n\n<ul class=\"wp-block-list\">\n<li>Tarif jour pour 1 lapin ou cochon d&rsquo;inde <\/li>\n\n\n\n<li>Cage, foin\/fond de liti\u00e8re, alimentation <span style=\"text-decoration: underline;\">\u00e0 fournir<\/span><\/li>\n\n\n\n<li>L\u00e9gumes &amp; fruits frais en suppl\u00e9ment sur demande<\/li>\n<\/ul>\n\n\n\n<h2 class=\"wp-block-heading has-text-align-center has-text-color has-link-color wp-elements-e381e15d4a635ee8b6a3197d74307773\" style=\"color:#4ca598;font-size:36px\">12 \u20ac<\/h2>\n\n\n\n<ul class=\"wp-block-list\">\n<li>Tarif jour pour 1 hamster ou rat ou tortue<\/li>\n\n\n\n<li>Cage, foin\/fond de liti\u00e8re, alimentation <span style=\"text-decoration: underline;\">\u00e0 fournir<\/span><\/li>\n<\/ul>\n\n\n\n<p class=\"has-text-align-center\">Tarif pr\u00e9f\u00e9rentiel pour animal suppl\u00e9mentaire dans la m\u00eame cage<\/p>\n\n\n\n<ul class=\"wp-block-list\">\n<li><strong>Suppl\u00e9ments :<\/strong>\n<ul class=\"wp-block-list\">\n<li>Dimanche : <strong>+5\u20ac<\/strong><\/li>\n\n\n\n<li>Jours f\u00e9ri\u00e9s\/r\u00e9veillons**: <strong>+10 \u20ac<\/strong><\/li>\n<\/ul>\n<\/li>\n<\/ul>\n<\/div>\n<\/div>\n<\/div>\n\n\n\n<p class=\"has-text-align-center\">*<strong> <u>Dates Haute Saison 2026<\/u><\/strong><\/p>\n\n\n\n<p class=\"has-text-align-center\">En raison de la forte demande autour des vacances scolaires, des jours f\u00e9ri\u00e9s et des ponts, le tarif haute saison s\u2019applique aux p\u00e9riodes list\u00e9es ci-dessous.<\/p>\n\n\n\n<ul class=\"wp-block-list\">\n<li><strong>Hiver<\/strong> : du Vendredi 20 F\u00e9vrier au Lundi 9 Mars inclus<\/li>\n\n\n\n<li><strong>Printemps <\/strong>:&nbsp; du Vendredi 17 Avril au Lundi 4 Mai inclus&nbsp;<\/li>\n\n\n\n<li><strong>Ponts de Mai <\/strong>: du Mardi 5 Mai au Mardi 26 Mai inclus&nbsp;<\/li>\n\n\n\n<li><strong>\u00c9t\u00e9<\/strong> : du Vendredi 19 Juin au Dimanche 13 Septembre inclus<\/li>\n\n\n\n<li><strong>Novembre<\/strong>:&nbsp; du Jeudi 15 Octobre&nbsp; au Dimanche 15 Novembre inclus<\/li>\n\n\n\n<li><strong>No\u00ebl<\/strong> : du Vendredi 11 D\u00e9cembre au Vendredi 15 janvier inclus<\/li>\n<\/ul>\n\n\n\n<p class=\"has-text-align-center\"><strong>** <u>Jours f\u00e9ri\u00e9s 2026<\/u><\/strong><\/p>\n\n\n\n<ul class=\"wp-block-list\">\n<li>1er Janvier, Lundi de P\u00e2ques, 1er, 8 et 9 Mai, Lundi de Pentec\u00f4te, 14 Juillet,15 Ao\u00fbt, 1er et 11 Novembre, 24, 25 et 31 D\u00e9cembre.<\/li>\n<\/ul>\n\n\n<div class=\"wp-block-ub-divider ub_divider ub-divider-orientation-horizontal\" id=\"ub_divider_2dae853b-230d-4377-b07e-965c2888997a\"><div class=\"ub_divider_wrapper\" style=\"position: relative; margin-bottom: 30px; width: 50%; height: 30px; \" data-divider-alignment=\"center\"><div class=\"ub_divider_line\" style=\"border-top: 2px solid var(--ast-global-color-1); margin-top: 30px; \"><\/div><\/div><\/div>\n\n\n<ul class=\"wp-block-list\">\n<li>Les tarifs ne sont pas soumis \u00e0 la tva <\/li>\n\n\n\n<li>Un <span style=\"text-decoration: underline;\">acompte de 50 %<\/span> sera demand\u00e9 pour toutes prestations de services afin de s\u00e9curiser la garde de votre animal des deux c\u00f4t\u00e9s.<\/li>\n\n\n\n<li>Les frais v\u00e9t\u00e9rinaires qui pourraient \u00eatre engag\u00e9s en cas d\u2019urgence pendant la garde de l\u2019animal devront \u00eatre rembours\u00e9s par son propri\u00e9taire d\u00e8s son retour.<\/li>\n\n\n\n<li>Pour plus d\u2019informations, consultez <a data-type=\"page\" data-id=\"2524\" href=\"https:\/\/petservicesparis.com\/index.php\/conditions-generales-de-ventes\/\" target=\"_blank\" rel=\"noreferrer noopener\">les Conditions G\u00e9n\u00e9rales de Vente <\/a><\/li>\n<\/ul>\n\n\n<div class=\"wp-block-ub-divider ub_divider ub-divider-orientation-horizontal\" id=\"ub_divider_a61763bc-0218-4acf-bffa-ffa383b2aa99\"><div class=\"ub_divider_wrapper\" style=\"position: relative; margin-bottom: 30px; width: 50%; height: 30px; \" data-divider-alignment=\"center\"><div class=\"ub_divider_line\" style=\"border-top: 2px solid var(--ast-global-color-1); margin-top: 30px; \"><\/div><\/div><\/div>\n\n\n<h3 class=\"wp-block-heading has-text-align-center\"><strong><span style=\"text-decoration: underline;\">EN OPTION :<\/span>  <\/strong>Autres services \u00e0 la demande<\/h3>\n\n\n\n<figure class=\"wp-block-table aligncenter is-style-regular has-medium-font-size\" style=\"font-style:normal;font-weight:300\"><table class=\"has-border-color\" style=\"border-color:#4ca598;border-width:1px\"><tbody><tr><td class=\"has-text-align-left\" data-align=\"left\"><strong><span style=\"text-decoration: underline;\">Prestations<\/span><\/strong><\/td><td class=\"has-text-align-center\" data-align=\"center\"><strong>Prix<\/strong><\/td><\/tr><tr><td class=\"has-text-align-left\" data-align=\"left\">Soins m\u00e9dicaux &amp; Esth\u00e9tiques: prise de m\u00e9dicament, coupe de griffes, brossage &amp; d\u00e9m\u00ealage de poils<\/td><td class=\"has-text-align-center\" data-align=\"center\"><strong>5 \u20ac<\/strong> par prestation<\/td><\/tr><tr><td class=\"has-text-align-left\" data-align=\"left\">Gardiennage domicile: rel\u00e8ve courrier &amp; arrosage plantes selon instructions<\/td><td class=\"has-text-align-center\" data-align=\"center\"><strong>5 \u20ac<\/strong> <\/td><\/tr><tr><td class=\"has-text-align-left\" data-align=\"left\">Achat de produit alimentaire ou liti\u00e8re (hors courses \u00e0 rembourser sur facture)<\/td><td class=\"has-text-align-center\" data-align=\"center\"><strong>15 \u20ac<\/strong> TTC<\/td><\/tr><tr><td class=\"has-text-align-left\" data-align=\"left\">Emmener votre animal chez votre v\u00e9t\u00e9rinaire ou toiletteur<\/td><td class=\"has-text-align-center\" data-align=\"center\"><a href=\"https:\/\/petservicesparis.com\/index.php\/contact\/\">Sur  devis<\/a> selon le trajet<\/td><\/tr><tr><td class=\"has-text-align-left\" data-align=\"left\">Nettoyage oreilles et yeux (compresses st\u00e9riles et solution auriculaire\/oculaires)<\/td><td class=\"has-text-align-center\" data-align=\"center\"><strong>5 \u20ac<\/strong> <\/td><\/tr><tr><td class=\"has-text-align-left\" data-align=\"left\">Brossage de poils courts \u00e0 long (peigne double, brosses: d\u00e9m\u00ealante et massantes, shampoing sec)<\/td><td class=\"has-text-align-center\" data-align=\"center\"><a href=\"https:\/\/petservicesparis.com\/index.php\/contact\/\">Sur devis<\/a><\/td><\/tr><tr><td class=\"has-text-align-left\" data-align=\"left\">soins locaux: pommade, pansement.<\/td><td class=\"has-text-align-center\" data-align=\"center\"><a href=\"https:\/\/petservicesparis.com\/index.php\/contact\/\">Sur devis<\/a><\/td><\/tr><\/tbody><\/table><\/figure>\n\n\n\n<div style=\"height:100px\" aria-hidden=\"true\" class=\"wp-block-spacer\"><\/div>\n","protected":false},"excerpt":{"rendered":"<p>\u25c6&nbsp;\u00c0 partir du 1er janvier 2026 : Franchise de TVA&nbsp;\u2013 TVA non applicable (art. 293B du CGI) BASSE SAISON 15 \u20ac 8 \u20ac Tarif pr\u00e9f\u00e9rentiel pour animal suppl\u00e9mentaire dans la m\u00eame cage HAUTE SAISON * 20 \u20ac 12 \u20ac Tarif pr\u00e9f\u00e9rentiel pour animal suppl\u00e9mentaire dans la m\u00eame cage * Dates Haute Saison 2026 En raison [&hellip;]<\/p>\n","protected":false},"author":1,"featured_media":0,"parent":0,"menu_order":0,"comment_status":"closed","ping_status":"closed","template":"","meta":{"site-sidebar-layout":"default","site-content-layout":"","ast-site-content-layout":"default","site-content-style":"default","site-sidebar-style":"default","ast-global-header-display":"","ast-banner-title-visibility":"","ast-main-header-display":"","ast-hfb-above-header-display":"","ast-hfb-below-header-display":"","ast-hfb-mobile-header-display":"","site-post-title":"","ast-breadcrumbs-content":"","ast-featured-img":"","footer-sml-layout":"","ast-disable-related-posts":"","theme-transparent-header-meta":"","adv-header-id-meta":"","stick-header-meta":"","header-above-stick-meta":"","header-main-stick-meta":"","header-below-stick-meta":"","astra-migrate-meta-layouts":"set","ast-page-background-enabled":"default","ast-page-background-meta":{"desktop":{"background-color":"var(--ast-global-color-4)","background-image":"","background-repeat":"repeat","background-position":"center center","background-size":"auto","background-attachment":"scroll","background-type":"","background-media":"","overlay-type":"","overlay-color":"","overlay-opacity":"","overlay-gradient":""},"tablet":{"background-color":"","background-image":"","background-repeat":"repeat","background-position":"center center","background-size":"auto","background-attachment":"scroll","background-type":"","background-media":"","overlay-type":"","overlay-color":"","overlay-opacity":"","overlay-gradient":""},"mobile":{"background-color":"","background-image":"","background-repeat":"repeat","background-position":"center center","background-size":"auto","background-attachment":"scroll","background-type":"","background-media":"","overlay-type":"","overlay-color":"","overlay-opacity":"","overlay-gradient":""}},"ast-content-background-meta":{"desktop":{"background-color":"var(--ast-global-color-5)","background-image":"","background-repeat":"repeat","background-position":"center center","background-size":"auto","background-attachment":"scroll","background-type":"","background-media":"","overlay-type":"","overlay-color":"","overlay-opacity":"","overlay-gradient":""},"tablet":{"background-color":"var(--ast-global-color-5)","background-image":"","background-repeat":"repeat","background-position":"center center","background-size":"auto","background-attachment":"scroll","background-type":"","background-media":"","overlay-type":"","overlay-color":"","overlay-opacity":"","overlay-gradient":""},"mobile":{"background-color":"var(--ast-global-color-5)","background-image":"","background-repeat":"repeat","background-position":"center center","background-size":"auto","background-attachment":"scroll","background-type":"","background-media":"","overlay-type":"","overlay-color":"","overlay-opacity":"","overlay-gradient":""}},"_glsr_average":0,"_glsr_ranking":0,"_glsr_reviews":0,"footnotes":""},"class_list":["post-5328","page","type-page","status-publish","hentry"],"featured_image_src":null,"yoast_head":"<!-- This site is optimized with the Yoast SEO plugin v26.9 - https:\/\/yoast.com\/product\/yoast-seo-wordpress\/ -->\n<title>TARIFS NAC 2026 \/ garde en pension - petservicesparis<\/title>\n<meta name=\"robots\" content=\"index, follow, max-snippet:-1, max-image-preview:large, max-video-preview:-1\" \/>\n<link rel=\"canonical\" href=\"https:\/\/petservicesparis.com\/index.php\/tarifs-nac-garde-en-pension\/\" \/>\n<meta property=\"og:locale\" content=\"fr_FR\" \/>\n<meta property=\"og:type\" content=\"article\" \/>\n<meta property=\"og:title\" content=\"TARIFS NAC 2026 \/ garde en pension - petservicesparis\" \/>\n<meta property=\"og:description\" content=\"\u25c6&nbsp;\u00c0 partir du 1er janvier 2026 : Franchise de TVA&nbsp;\u2013 TVA non applicable (art. 293B du CGI) BASSE SAISON 15 \u20ac 8 \u20ac Tarif pr\u00e9f\u00e9rentiel pour animal suppl\u00e9mentaire dans la m\u00eame cage HAUTE SAISON * 20 \u20ac 12 \u20ac Tarif pr\u00e9f\u00e9rentiel pour animal suppl\u00e9mentaire dans la m\u00eame cage * Dates Haute Saison 2026 En raison [&hellip;]\" \/>\n<meta property=\"og:url\" content=\"https:\/\/petservicesparis.com\/index.php\/tarifs-nac-garde-en-pension\/\" \/>\n<meta property=\"og:site_name\" content=\"petservicesparis\" \/>\n<meta property=\"article:modified_time\" content=\"2026-01-21T19:53:44+00:00\" \/>\n<meta property=\"og:image\" content=\"https:\/\/petservicesparis.com\/wp-content\/uploads\/2023\/07\/IMG_8458.jpeg\" \/>\n\t<meta property=\"og:image:width\" content=\"2189\" \/>\n\t<meta property=\"og:image:height\" content=\"2402\" \/>\n\t<meta property=\"og:image:type\" content=\"image\/jpeg\" \/>\n<meta name=\"twitter:card\" content=\"summary_large_image\" \/>\n<meta name=\"twitter:label1\" content=\"Dur\u00e9e de lecture estim\u00e9e\" \/>\n\t<meta name=\"twitter:data1\" content=\"3 minutes\" \/>\n<script type=\"application\/ld+json\" class=\"yoast-schema-graph\">{\"@context\":\"https:\/\/schema.org\",\"@graph\":[{\"@type\":\"WebPage\",\"@id\":\"https:\/\/petservicesparis.com\/index.php\/tarifs-nac-garde-en-pension\/\",\"url\":\"https:\/\/petservicesparis.com\/index.php\/tarifs-nac-garde-en-pension\/\",\"name\":\"TARIFS NAC 2026 \/ garde en pension - petservicesparis\",\"isPartOf\":{\"@id\":\"https:\/\/petservicesparis.com\/#website\"},\"primaryImageOfPage\":{\"@id\":\"https:\/\/petservicesparis.com\/index.php\/tarifs-nac-garde-en-pension\/#primaryimage\"},\"image\":{\"@id\":\"https:\/\/petservicesparis.com\/index.php\/tarifs-nac-garde-en-pension\/#primaryimage\"},\"thumbnailUrl\":\"https:\/\/petservicesparis.com\/wp-content\/uploads\/2023\/07\/IMG_8458.jpeg\",\"datePublished\":\"2024-03-16T06:34:17+00:00\",\"dateModified\":\"2026-01-21T19:53:44+00:00\",\"breadcrumb\":{\"@id\":\"https:\/\/petservicesparis.com\/index.php\/tarifs-nac-garde-en-pension\/#breadcrumb\"},\"inLanguage\":\"fr-FR\",\"potentialAction\":[{\"@type\":\"ReadAction\",\"target\":[\"https:\/\/petservicesparis.com\/index.php\/tarifs-nac-garde-en-pension\/\"]}]},{\"@type\":\"ImageObject\",\"inLanguage\":\"fr-FR\",\"@id\":\"https:\/\/petservicesparis.com\/index.php\/tarifs-nac-garde-en-pension\/#primaryimage\",\"url\":\"https:\/\/petservicesparis.com\/wp-content\/uploads\/2023\/07\/IMG_8458.jpeg\",\"contentUrl\":\"https:\/\/petservicesparis.com\/wp-content\/uploads\/2023\/07\/IMG_8458.jpeg\",\"width\":2189,\"height\":2402},{\"@type\":\"BreadcrumbList\",\"@id\":\"https:\/\/petservicesparis.com\/index.php\/tarifs-nac-garde-en-pension\/#breadcrumb\",\"itemListElement\":[{\"@type\":\"ListItem\",\"position\":1,\"name\":\"Accueil\",\"item\":\"https:\/\/petservicesparis.com\/\"},{\"@type\":\"ListItem\",\"position\":2,\"name\":\"TARIFS NAC 2026 \/ garde en pension\"}]},{\"@type\":\"WebSite\",\"@id\":\"https:\/\/petservicesparis.com\/#website\",\"url\":\"https:\/\/petservicesparis.com\/\",\"name\":\"petservicesparis\",\"description\":\"garde animaux pension pour chats chiens et nac paris 14\",\"publisher\":{\"@id\":\"https:\/\/petservicesparis.com\/#organization\"},\"potentialAction\":[{\"@type\":\"SearchAction\",\"target\":{\"@type\":\"EntryPoint\",\"urlTemplate\":\"https:\/\/petservicesparis.com\/?s={search_term_string}\"},\"query-input\":{\"@type\":\"PropertyValueSpecification\",\"valueRequired\":true,\"valueName\":\"search_term_string\"}}],\"inLanguage\":\"fr-FR\"},{\"@type\":\"Organization\",\"@id\":\"https:\/\/petservicesparis.com\/#organization\",\"name\":\"petservicesparis\",\"url\":\"https:\/\/petservicesparis.com\/\",\"logo\":{\"@type\":\"ImageObject\",\"inLanguage\":\"fr-FR\",\"@id\":\"https:\/\/petservicesparis.com\/#\/schema\/logo\/image\/\",\"url\":\"https:\/\/petservicesparis.com\/wp-content\/uploads\/2023\/07\/cropped-logo-vert-sans-back.png\",\"contentUrl\":\"https:\/\/petservicesparis.com\/wp-content\/uploads\/2023\/07\/cropped-logo-vert-sans-back.png\",\"width\":1080,\"height\":160,\"caption\":\"petservicesparis\"},\"image\":{\"@id\":\"https:\/\/petservicesparis.com\/#\/schema\/logo\/image\/\"}}]}<\/script>\n<!-- \/ Yoast SEO plugin. -->","yoast_head_json":{"title":"TARIFS NAC 2026 \/ garde en pension - petservicesparis","robots":{"index":"index","follow":"follow","max-snippet":"max-snippet:-1","max-image-preview":"max-image-preview:large","max-video-preview":"max-video-preview:-1"},"canonical":"https:\/\/petservicesparis.com\/index.php\/tarifs-nac-garde-en-pension\/","og_locale":"fr_FR","og_type":"article","og_title":"TARIFS NAC 2026 \/ garde en pension - petservicesparis","og_description":"\u25c6&nbsp;\u00c0 partir du 1er janvier 2026 : Franchise de TVA&nbsp;\u2013 TVA non applicable (art. 293B du CGI) BASSE SAISON 15 \u20ac 8 \u20ac Tarif pr\u00e9f\u00e9rentiel pour animal suppl\u00e9mentaire dans la m\u00eame cage HAUTE SAISON * 20 \u20ac 12 \u20ac Tarif pr\u00e9f\u00e9rentiel pour animal suppl\u00e9mentaire dans la m\u00eame cage * Dates Haute Saison 2026 En raison [&hellip;]","og_url":"https:\/\/petservicesparis.com\/index.php\/tarifs-nac-garde-en-pension\/","og_site_name":"petservicesparis","article_modified_time":"2026-01-21T19:53:44+00:00","og_image":[{"width":2189,"height":2402,"url":"https:\/\/petservicesparis.com\/wp-content\/uploads\/2023\/07\/IMG_8458.jpeg","type":"image\/jpeg"}],"twitter_card":"summary_large_image","twitter_misc":{"Dur\u00e9e de lecture estim\u00e9e":"3 minutes"},"schema":{"@context":"https:\/\/schema.org","@graph":[{"@type":"WebPage","@id":"https:\/\/petservicesparis.com\/index.php\/tarifs-nac-garde-en-pension\/","url":"https:\/\/petservicesparis.com\/index.php\/tarifs-nac-garde-en-pension\/","name":"TARIFS NAC 2026 \/ garde en pension - petservicesparis","isPartOf":{"@id":"https:\/\/petservicesparis.com\/#website"},"primaryImageOfPage":{"@id":"https:\/\/petservicesparis.com\/index.php\/tarifs-nac-garde-en-pension\/#primaryimage"},"image":{"@id":"https:\/\/petservicesparis.com\/index.php\/tarifs-nac-garde-en-pension\/#primaryimage"},"thumbnailUrl":"https:\/\/petservicesparis.com\/wp-content\/uploads\/2023\/07\/IMG_8458.jpeg","datePublished":"2024-03-16T06:34:17+00:00","dateModified":"2026-01-21T19:53:44+00:00","breadcrumb":{"@id":"https:\/\/petservicesparis.com\/index.php\/tarifs-nac-garde-en-pension\/#breadcrumb"},"inLanguage":"fr-FR","potentialAction":[{"@type":"ReadAction","target":["https:\/\/petservicesparis.com\/index.php\/tarifs-nac-garde-en-pension\/"]}]},{"@type":"ImageObject","inLanguage":"fr-FR","@id":"https:\/\/petservicesparis.com\/index.php\/tarifs-nac-garde-en-pension\/#primaryimage","url":"https:\/\/petservicesparis.com\/wp-content\/uploads\/2023\/07\/IMG_8458.jpeg","contentUrl":"https:\/\/petservicesparis.com\/wp-content\/uploads\/2023\/07\/IMG_8458.jpeg","width":2189,"height":2402},{"@type":"BreadcrumbList","@id":"https:\/\/petservicesparis.com\/index.php\/tarifs-nac-garde-en-pension\/#breadcrumb","itemListElement":[{"@type":"ListItem","position":1,"name":"Accueil","item":"https:\/\/petservicesparis.com\/"},{"@type":"ListItem","position":2,"name":"TARIFS NAC 2026 \/ garde en pension"}]},{"@type":"WebSite","@id":"https:\/\/petservicesparis.com\/#website","url":"https:\/\/petservicesparis.com\/","name":"petservicesparis","description":"garde animaux pension pour chats chiens et nac paris 14","publisher":{"@id":"https:\/\/petservicesparis.com\/#organization"},"potentialAction":[{"@type":"SearchAction","target":{"@type":"EntryPoint","urlTemplate":"https:\/\/petservicesparis.com\/?s={search_term_string}"},"query-input":{"@type":"PropertyValueSpecification","valueRequired":true,"valueName":"search_term_string"}}],"inLanguage":"fr-FR"},{"@type":"Organization","@id":"https:\/\/petservicesparis.com\/#organization","name":"petservicesparis","url":"https:\/\/petservicesparis.com\/","logo":{"@type":"ImageObject","inLanguage":"fr-FR","@id":"https:\/\/petservicesparis.com\/#\/schema\/logo\/image\/","url":"https:\/\/petservicesparis.com\/wp-content\/uploads\/2023\/07\/cropped-logo-vert-sans-back.png","contentUrl":"https:\/\/petservicesparis.com\/wp-content\/uploads\/2023\/07\/cropped-logo-vert-sans-back.png","width":1080,"height":160,"caption":"petservicesparis"},"image":{"@id":"https:\/\/petservicesparis.com\/#\/schema\/logo\/image\/"}}]}},"_links":{"self":[{"href":"https:\/\/petservicesparis.com\/index.php\/wp-json\/wp\/v2\/pages\/5328","targetHints":{"allow":["GET"]}}],"collection":[{"href":"https:\/\/petservicesparis.com\/index.php\/wp-json\/wp\/v2\/pages"}],"about":[{"href":"https:\/\/petservicesparis.com\/index.php\/wp-json\/wp\/v2\/types\/page"}],"author":[{"embeddable":true,"href":"https:\/\/petservicesparis.com\/index.php\/wp-json\/wp\/v2\/users\/1"}],"replies":[{"embeddable":true,"href":"https:\/\/petservicesparis.com\/index.php\/wp-json\/wp\/v2\/comments?post=5328"}],"version-history":[{"count":35,"href":"https:\/\/petservicesparis.com\/index.php\/wp-json\/wp\/v2\/pages\/5328\/revisions"}],"predecessor-version":[{"id":5944,"href":"https:\/\/petservicesparis.com\/index.php\/wp-json\/wp\/v2\/pages\/5328\/revisions\/5944"}],"wp:attachment":[{"href":"https:\/\/petservicesparis.com\/index.php\/wp-json\/wp\/v2\/media?parent=5328"}],"curies":[{"name":"wp","href":"https:\/\/api.w.org\/{rel}","templated":true}]}}