{"id":5332,"date":"2024-03-16T07:36:13","date_gmt":"2024-03-16T06:36:13","guid":{"rendered":"https:\/\/petservicesparis.com\/?page_id=5332"},"modified":"2026-01-21T14:47:08","modified_gmt":"2026-01-21T13:47:08","slug":"tarifs-nac-visite-a-votre-domicile","status":"publish","type":"page","link":"https:\/\/petservicesparis.com\/index.php\/tarifs-nac-visite-a-votre-domicile\/","title":{"rendered":"TARIFS NAC 2026\/ visite \u00e0 votre domicile"},"content":{"rendered":"\n<figure class=\"wp-block-image aligncenter size-full is-resized is-style-rounded\"><img loading=\"lazy\" decoding=\"async\" width=\"2189\" height=\"2402\" src=\"https:\/\/petservicesparis.com\/wp-content\/uploads\/2023\/07\/IMG_8458.jpeg\" alt=\"\" class=\"wp-image-4114\" style=\"object-fit:cover;width:150px;height:150px\" srcset=\"https:\/\/petservicesparis.com\/wp-content\/uploads\/2023\/07\/IMG_8458.jpeg 2189w, https:\/\/petservicesparis.com\/wp-content\/uploads\/2023\/07\/IMG_8458-273x300.jpeg 273w, https:\/\/petservicesparis.com\/wp-content\/uploads\/2023\/07\/IMG_8458-933x1024.jpeg 933w, https:\/\/petservicesparis.com\/wp-content\/uploads\/2023\/07\/IMG_8458-768x843.jpeg 768w, https:\/\/petservicesparis.com\/wp-content\/uploads\/2023\/07\/IMG_8458-1400x1536.jpeg 1400w, https:\/\/petservicesparis.com\/wp-content\/uploads\/2023\/07\/IMG_8458-1866x2048.jpeg 1866w\" sizes=\"auto, (max-width: 2189px) 100vw, 2189px\" \/><\/figure>\n\n\n\n<div class=\"wp-block-group is-layout-constrained wp-block-group-is-layout-constrained\">\n<div class=\"wp-block-columns is-layout-flex wp-container-core-columns-is-layout-28f84493 wp-block-columns-is-layout-flex\">\n<div class=\"wp-block-column has-border-color has-ast-global-color-1-border-color has-ast-global-color-5-background-color has-background is-layout-flow wp-block-column-is-layout-flow\" style=\"border-width:2px\">\n<h2 class=\"wp-block-heading has-text-align-center has-ast-global-color-5-color has-text-color has-background has-link-color wp-elements-4ef2a3f5fbce0796c808f4550026bf3f\" style=\"background-color:#4ca598\">30 Minutes<\/h2>\n\n\n\n<h2 class=\"wp-block-heading has-text-align-center has-text-color has-link-color wp-elements-ad507f15dafdfdd4737e861e882039ac\" style=\"color:#4ca598\">27 \u20ac<\/h2>\n\n\n\n<ul style=\"margin-top:var(--wp--preset--spacing--30);margin-bottom:var(--wp--preset--spacing--30);padding-top:var(--wp--preset--spacing--60);padding-bottom:var(--wp--preset--spacing--60)\" class=\"wp-block-list\">\n<li class=\"has-medium-font-size\">Eau\/Nourriture<\/li>\n\n\n\n<li class=\"has-medium-font-size\">Nettoyage liti\u00e8re<\/li>\n\n\n\n<li class=\"has-medium-font-size\">C\u00e2lins, jeux &amp; interaction<\/li>\n\n\n\n<li class=\"has-medium-font-size\">Compte rendu texto\/WhatsApp<\/li>\n<\/ul>\n<\/div>\n\n\n\n<div class=\"wp-block-column has-border-color has-ast-global-color-1-border-color has-ast-global-color-5-background-color has-background is-layout-flow wp-block-column-is-layout-flow\" style=\"border-width:2px\">\n<h2 class=\"wp-block-heading has-text-align-center has-ast-global-color-5-color has-text-color has-background has-link-color wp-elements-a16c3a7e4bdbe4ce3084f3cd8fd0ecdf\" style=\"background-color:#4ca598\">45 Minutes<\/h2>\n\n\n\n<h2 class=\"wp-block-heading has-text-align-center has-text-color has-link-color wp-elements-05538709baf47e9ad0c9ac9d33bf106d\" style=\"color:#4ca598\">34 \u20ac <\/h2>\n\n\n\n<ul style=\"margin-top:var(--wp--preset--spacing--30);margin-bottom:var(--wp--preset--spacing--30);padding-top:var(--wp--preset--spacing--60);padding-bottom:var(--wp--preset--spacing--60)\" class=\"wp-block-list\">\n<li class=\"has-medium-font-size\">Eau\/Nourriture<\/li>\n\n\n\n<li class=\"has-medium-font-size\">Nettoyage liti\u00e8re<\/li>\n\n\n\n<li class=\"has-medium-font-size\">C\u00e2lins, jeux &amp; interaction<\/li>\n\n\n\n<li class=\"has-medium-font-size\">Compte rendu texto\/WhatsApp<\/li>\n<\/ul>\n<\/div>\n\n\n\n<div class=\"wp-block-column has-border-color has-ast-global-color-1-border-color has-ast-global-color-5-background-color has-background is-layout-flow wp-block-column-is-layout-flow\" style=\"border-width:2px\">\n<h2 class=\"wp-block-heading has-text-align-center has-ast-global-color-5-color has-text-color has-background has-link-color wp-elements-0762a25ecc038e8542de049b3cc7f94c\" style=\"background-color:#4ca598\">1 Heure<\/h2>\n\n\n\n<h2 class=\"wp-block-heading has-text-align-center has-text-color has-link-color wp-elements-3bb3361e49fa3f1495d6758b49555818\" style=\"color:#4ca598\">39 \u20ac<\/h2>\n\n\n\n<ul style=\"margin-top:var(--wp--preset--spacing--30);margin-bottom:var(--wp--preset--spacing--30);padding-top:var(--wp--preset--spacing--60);padding-bottom:var(--wp--preset--spacing--60)\" class=\"wp-block-list\">\n<li class=\"has-medium-font-size\">Eau\/Nourriture<\/li>\n\n\n\n<li class=\"has-medium-font-size\">Nettoyage liti\u00e8re<\/li>\n\n\n\n<li class=\"has-medium-font-size\">C\u00e2lins, jeux &amp; interaction<\/li>\n\n\n\n<li class=\"has-medium-font-size\">Compte rendu texto\/WhatsApp<\/li>\n<\/ul>\n<\/div>\n<\/div>\n\n\n\n<ul class=\"wp-block-list\">\n<li>Pr\u00e9-visite \u00e0 votre domicile : <strong>25\u20ac<\/strong> (r\u00e9cup\u00e9ration des cl\u00e9s, pr\u00e9sentation de votre animal, instructions pendant votre absence.<\/li>\n\n\n\n<li>Restitution de vos cl\u00e9s en mains propre : <strong>25\u20ac<\/strong> ou Gratuit dans bo\u00eete aux lettres ou chez Pet Services Paris du rdv<\/li>\n\n\n\n<li><strong>Majoration Dimanche +10\u20ac<\/strong><\/li>\n\n\n\n<li><strong>Majoration Jours F\u00e9ri\u00e9s : +10\u20ac<\/strong> (1er Janvier, Lundi de P\u00e2ques, 1er, 8 et 9 Mai, Lundi de Pentec\u00f4te, 14 Juillet,15 Ao\u00fbt, 1er et 11 Novembre, 24, 25 et 31 D\u00e9cembre.)<\/li>\n\n\n\n<li><strong>TVA non applicable (art. 293B du CGI)<\/strong><\/li>\n<\/ul>\n\n\n<div class=\"wp-block-ub-divider ub_divider ub-divider-orientation-horizontal\" id=\"ub_divider_2e32ca88-37ca-46e2-8406-68b0b225315b\"><div class=\"ub_divider_wrapper\" style=\"position: relative; margin-bottom: 30px; width: 50%; height: 30px; \" data-divider-alignment=\"center\"><div class=\"ub_divider_line\" style=\"border-top: 2px solid var(--ast-global-color-1); margin-top: 30px; \"><\/div><\/div><\/div>\n\n\n<ul class=\"wp-block-list\">\n<li>Un <span style=\"text-decoration: underline;\">acompte de 50 %<\/span> sera demand\u00e9 pour toutes prestations de services afin de s\u00e9curiser la garde de votre animal des deux c\u00f4t\u00e9s.<\/li>\n\n\n\n<li>Pour plus d\u2019informations, consultez <a data-type=\"page\" data-id=\"2524\" href=\"https:\/\/petservicesparis.com\/index.php\/conditions-generales-de-ventes\/\" target=\"_blank\" rel=\"noreferrer noopener\">les Conditions G\u00e9n\u00e9rales de Vente <\/a><\/li>\n\n\n\n<li>Les frais v\u00e9t\u00e9rinaires qui pourraient \u00eatre engag\u00e9s en cas d\u2019urgence pendant la garde de l\u2019animal devront \u00eatre rembours\u00e9s par son propri\u00e9taire d\u00e8s son retour.<\/li>\n<\/ul>\n\n\n<div class=\"wp-block-ub-divider ub_divider ub-divider-orientation-horizontal\" id=\"ub_divider_7702aeb5-8ab6-4db9-aa9d-e7b8258ee438\"><div class=\"ub_divider_wrapper\" style=\"position: relative; margin-bottom: 30px; width: 50%; height: 30px; \" data-divider-alignment=\"center\"><div class=\"ub_divider_line\" style=\"border-top: 2px solid var(--ast-global-color-1); margin-top: 30px; \"><\/div><\/div><\/div>\n\n\n<h3 class=\"wp-block-heading has-text-align-center\"><strong><span style=\"text-decoration: underline;\">EN OPTION:<\/span>  <\/strong>Autres services \u00e0 la demande<\/h3>\n\n\n\n<figure class=\"wp-block-table aligncenter is-style-regular has-medium-font-size\" style=\"font-style:normal;font-weight:300\"><table class=\"has-border-color\" style=\"border-color:#4ca598;border-width:1px\"><tbody><tr><td class=\"has-text-align-left\" data-align=\"left\"><strong><span style=\"text-decoration: underline;\">Prestations<\/span><\/strong><\/td><td class=\"has-text-align-center\" data-align=\"center\"><strong>Prix<\/strong><\/td><\/tr><tr><td class=\"has-text-align-left\" data-align=\"left\">Soins m\u00e9dicaux &amp; Esth\u00e9tiques: prise de m\u00e9dicament, coupe de griffes, brossage &amp; d\u00e9m\u00ealage de poils<\/td><td class=\"has-text-align-center\" data-align=\"center\"><strong>5\u20ac<\/strong>  par prestation<\/td><\/tr><tr><td class=\"has-text-align-left\" data-align=\"left\">Gardiennage domicile: rel\u00e8ve courrier &amp; arrosage plantes selon instructions<\/td><td class=\"has-text-align-center\" data-align=\"center\"><strong>5\u20ac<\/strong> <\/td><\/tr><tr><td class=\"has-text-align-left\" data-align=\"left\">Achat de produit alimentaire ou liti\u00e8re (hors courses \u00e0 rembourser sur facture)<\/td><td class=\"has-text-align-center\" data-align=\"center\"><strong>15 \u20ac<\/strong> <\/td><\/tr><tr><td class=\"has-text-align-left\" data-align=\"left\">Emmener votre animal chez votre v\u00e9t\u00e9rinaire ou toiletteur<\/td><td class=\"has-text-align-center\" data-align=\"center\"><a href=\"https:\/\/petservicesparis.com\/index.php\/contact\/\">Sur  devis<\/a> <\/td><\/tr><tr><td class=\"has-text-align-left\" data-align=\"left\">Nettoyage oreilles et yeux (compresses st\u00e9riles et solution auriculaire\/oculaires)<\/td><td class=\"has-text-align-center\" data-align=\"center\"><strong>5 \u20ac<\/strong> chat\/ <strong>6\u20ac<\/strong> chien<\/td><\/tr><tr><td class=\"has-text-align-left\" data-align=\"left\">Brossage de poils courts \u00e0 long (peigne double, brosses: d\u00e9m\u00ealante et massantes, shampoing sec)<\/td><td class=\"has-text-align-center\" data-align=\"center\"><a href=\"https:\/\/petservicesparis.com\/index.php\/contact\/\">Sur devis<\/a><\/td><\/tr><tr><td class=\"has-text-align-left\" data-align=\"left\">soins locaux: pommade, pansement.<\/td><td class=\"has-text-align-center\" data-align=\"center\"><a href=\"https:\/\/petservicesparis.com\/index.php\/contact\/\">Sur devis<\/a><\/td><\/tr><\/tbody><\/table><\/figure>\n\n\n\n<p class=\"has-text-align-center has-medium-font-size\">Vous souhaitez un devis ou avez besoin de plus d&rsquo;informations? <a href=\"https:\/\/petservicesparis.com\/index.php\/contact\/\">Me contacter<\/a><\/p>\n<\/div>\n","protected":false},"excerpt":{"rendered":"<p>30 Minutes 27 \u20ac 45 Minutes 34 \u20ac 1 Heure 39 \u20ac EN OPTION: Autres services \u00e0 la demande Prestations Prix Soins m\u00e9dicaux &amp; Esth\u00e9tiques: prise de m\u00e9dicament, coupe de griffes, brossage &amp; d\u00e9m\u00ealage de poils 5\u20ac par prestation Gardiennage domicile: rel\u00e8ve courrier &amp; arrosage plantes selon instructions 5\u20ac Achat de produit alimentaire ou liti\u00e8re [&hellip;]<\/p>\n","protected":false},"author":1,"featured_media":0,"parent":0,"menu_order":0,"comment_status":"closed","ping_status":"closed","template":"","meta":{"site-sidebar-layout":"default","site-content-layout":"","ast-site-content-layout":"default","site-content-style":"default","site-sidebar-style":"default","ast-global-header-display":"","ast-banner-title-visibility":"","ast-main-header-display":"","ast-hfb-above-header-display":"","ast-hfb-below-header-display":"","ast-hfb-mobile-header-display":"","site-post-title":"","ast-breadcrumbs-content":"","ast-featured-img":"","footer-sml-layout":"","ast-disable-related-posts":"","theme-transparent-header-meta":"","adv-header-id-meta":"","stick-header-meta":"","header-above-stick-meta":"","header-main-stick-meta":"","header-below-stick-meta":"","astra-migrate-meta-layouts":"set","ast-page-background-enabled":"default","ast-page-background-meta":{"desktop":{"background-color":"var(--ast-global-color-4)","background-image":"","background-repeat":"repeat","background-position":"center center","background-size":"auto","background-attachment":"scroll","background-type":"","background-media":"","overlay-type":"","overlay-color":"","overlay-opacity":"","overlay-gradient":""},"tablet":{"background-color":"","background-image":"","background-repeat":"repeat","background-position":"center center","background-size":"auto","background-attachment":"scroll","background-type":"","background-media":"","overlay-type":"","overlay-color":"","overlay-opacity":"","overlay-gradient":""},"mobile":{"background-color":"","background-image":"","background-repeat":"repeat","background-position":"center center","background-size":"auto","background-attachment":"scroll","background-type":"","background-media":"","overlay-type":"","overlay-color":"","overlay-opacity":"","overlay-gradient":""}},"ast-content-background-meta":{"desktop":{"background-color":"var(--ast-global-color-5)","background-image":"","background-repeat":"repeat","background-position":"center center","background-size":"auto","background-attachment":"scroll","background-type":"","background-media":"","overlay-type":"","overlay-color":"","overlay-opacity":"","overlay-gradient":""},"tablet":{"background-color":"var(--ast-global-color-5)","background-image":"","background-repeat":"repeat","background-position":"center center","background-size":"auto","background-attachment":"scroll","background-type":"","background-media":"","overlay-type":"","overlay-color":"","overlay-opacity":"","overlay-gradient":""},"mobile":{"background-color":"var(--ast-global-color-5)","background-image":"","background-repeat":"repeat","background-position":"center center","background-size":"auto","background-attachment":"scroll","background-type":"","background-media":"","overlay-type":"","overlay-color":"","overlay-opacity":"","overlay-gradient":""}},"_glsr_average":0,"_glsr_ranking":0,"_glsr_reviews":0,"footnotes":""},"class_list":["post-5332","page","type-page","status-publish","hentry"],"featured_image_src":null,"yoast_head":"<!-- This site is optimized with the Yoast SEO plugin v26.9 - https:\/\/yoast.com\/product\/yoast-seo-wordpress\/ -->\n<title>TARIFS NAC 2026\/ visite \u00e0 votre domicile - petservicesparis<\/title>\n<meta name=\"robots\" content=\"index, follow, max-snippet:-1, max-image-preview:large, max-video-preview:-1\" \/>\n<link rel=\"canonical\" href=\"https:\/\/petservicesparis.com\/index.php\/tarifs-nac-visite-a-votre-domicile\/\" \/>\n<meta property=\"og:locale\" content=\"fr_FR\" \/>\n<meta property=\"og:type\" content=\"article\" \/>\n<meta property=\"og:title\" content=\"TARIFS NAC 2026\/ visite \u00e0 votre domicile - petservicesparis\" \/>\n<meta property=\"og:description\" content=\"30 Minutes 27 \u20ac 45 Minutes 34 \u20ac 1 Heure 39 \u20ac EN OPTION: Autres services \u00e0 la demande Prestations Prix Soins m\u00e9dicaux &amp; Esth\u00e9tiques: prise de m\u00e9dicament, coupe de griffes, brossage &amp; d\u00e9m\u00ealage de poils 5\u20ac par prestation Gardiennage domicile: rel\u00e8ve courrier &amp; arrosage plantes selon instructions 5\u20ac Achat de produit alimentaire ou liti\u00e8re [&hellip;]\" \/>\n<meta property=\"og:url\" content=\"https:\/\/petservicesparis.com\/index.php\/tarifs-nac-visite-a-votre-domicile\/\" \/>\n<meta property=\"og:site_name\" content=\"petservicesparis\" \/>\n<meta property=\"article:modified_time\" content=\"2026-01-21T13:47:08+00:00\" \/>\n<meta property=\"og:image\" content=\"https:\/\/petservicesparis.com\/wp-content\/uploads\/2023\/07\/IMG_8458.jpeg\" \/>\n\t<meta property=\"og:image:width\" content=\"2189\" \/>\n\t<meta property=\"og:image:height\" content=\"2402\" \/>\n\t<meta property=\"og:image:type\" content=\"image\/jpeg\" \/>\n<meta name=\"twitter:card\" content=\"summary_large_image\" \/>\n<meta name=\"twitter:label1\" content=\"Dur\u00e9e de lecture estim\u00e9e\" \/>\n\t<meta name=\"twitter:data1\" content=\"2 minutes\" \/>\n<script type=\"application\/ld+json\" class=\"yoast-schema-graph\">{\"@context\":\"https:\/\/schema.org\",\"@graph\":[{\"@type\":\"WebPage\",\"@id\":\"https:\/\/petservicesparis.com\/index.php\/tarifs-nac-visite-a-votre-domicile\/\",\"url\":\"https:\/\/petservicesparis.com\/index.php\/tarifs-nac-visite-a-votre-domicile\/\",\"name\":\"TARIFS NAC 2026\/ visite \u00e0 votre domicile - petservicesparis\",\"isPartOf\":{\"@id\":\"https:\/\/petservicesparis.com\/#website\"},\"primaryImageOfPage\":{\"@id\":\"https:\/\/petservicesparis.com\/index.php\/tarifs-nac-visite-a-votre-domicile\/#primaryimage\"},\"image\":{\"@id\":\"https:\/\/petservicesparis.com\/index.php\/tarifs-nac-visite-a-votre-domicile\/#primaryimage\"},\"thumbnailUrl\":\"https:\/\/petservicesparis.com\/wp-content\/uploads\/2023\/07\/IMG_8458.jpeg\",\"datePublished\":\"2024-03-16T06:36:13+00:00\",\"dateModified\":\"2026-01-21T13:47:08+00:00\",\"breadcrumb\":{\"@id\":\"https:\/\/petservicesparis.com\/index.php\/tarifs-nac-visite-a-votre-domicile\/#breadcrumb\"},\"inLanguage\":\"fr-FR\",\"potentialAction\":[{\"@type\":\"ReadAction\",\"target\":[\"https:\/\/petservicesparis.com\/index.php\/tarifs-nac-visite-a-votre-domicile\/\"]}]},{\"@type\":\"ImageObject\",\"inLanguage\":\"fr-FR\",\"@id\":\"https:\/\/petservicesparis.com\/index.php\/tarifs-nac-visite-a-votre-domicile\/#primaryimage\",\"url\":\"https:\/\/petservicesparis.com\/wp-content\/uploads\/2023\/07\/IMG_8458.jpeg\",\"contentUrl\":\"https:\/\/petservicesparis.com\/wp-content\/uploads\/2023\/07\/IMG_8458.jpeg\",\"width\":2189,\"height\":2402},{\"@type\":\"BreadcrumbList\",\"@id\":\"https:\/\/petservicesparis.com\/index.php\/tarifs-nac-visite-a-votre-domicile\/#breadcrumb\",\"itemListElement\":[{\"@type\":\"ListItem\",\"position\":1,\"name\":\"Accueil\",\"item\":\"https:\/\/petservicesparis.com\/\"},{\"@type\":\"ListItem\",\"position\":2,\"name\":\"TARIFS NAC 2026\/ visite \u00e0 votre domicile\"}]},{\"@type\":\"WebSite\",\"@id\":\"https:\/\/petservicesparis.com\/#website\",\"url\":\"https:\/\/petservicesparis.com\/\",\"name\":\"petservicesparis\",\"description\":\"garde animaux pension pour chats chiens et nac paris 14\",\"publisher\":{\"@id\":\"https:\/\/petservicesparis.com\/#organization\"},\"potentialAction\":[{\"@type\":\"SearchAction\",\"target\":{\"@type\":\"EntryPoint\",\"urlTemplate\":\"https:\/\/petservicesparis.com\/?s={search_term_string}\"},\"query-input\":{\"@type\":\"PropertyValueSpecification\",\"valueRequired\":true,\"valueName\":\"search_term_string\"}}],\"inLanguage\":\"fr-FR\"},{\"@type\":\"Organization\",\"@id\":\"https:\/\/petservicesparis.com\/#organization\",\"name\":\"petservicesparis\",\"url\":\"https:\/\/petservicesparis.com\/\",\"logo\":{\"@type\":\"ImageObject\",\"inLanguage\":\"fr-FR\",\"@id\":\"https:\/\/petservicesparis.com\/#\/schema\/logo\/image\/\",\"url\":\"https:\/\/petservicesparis.com\/wp-content\/uploads\/2023\/07\/cropped-logo-vert-sans-back.png\",\"contentUrl\":\"https:\/\/petservicesparis.com\/wp-content\/uploads\/2023\/07\/cropped-logo-vert-sans-back.png\",\"width\":1080,\"height\":160,\"caption\":\"petservicesparis\"},\"image\":{\"@id\":\"https:\/\/petservicesparis.com\/#\/schema\/logo\/image\/\"}}]}<\/script>\n<!-- \/ Yoast SEO plugin. -->","yoast_head_json":{"title":"TARIFS NAC 2026\/ visite \u00e0 votre domicile - petservicesparis","robots":{"index":"index","follow":"follow","max-snippet":"max-snippet:-1","max-image-preview":"max-image-preview:large","max-video-preview":"max-video-preview:-1"},"canonical":"https:\/\/petservicesparis.com\/index.php\/tarifs-nac-visite-a-votre-domicile\/","og_locale":"fr_FR","og_type":"article","og_title":"TARIFS NAC 2026\/ visite \u00e0 votre domicile - petservicesparis","og_description":"30 Minutes 27 \u20ac 45 Minutes 34 \u20ac 1 Heure 39 \u20ac EN OPTION: Autres services \u00e0 la demande Prestations Prix Soins m\u00e9dicaux &amp; Esth\u00e9tiques: prise de m\u00e9dicament, coupe de griffes, brossage &amp; d\u00e9m\u00ealage de poils 5\u20ac par prestation Gardiennage domicile: rel\u00e8ve courrier &amp; arrosage plantes selon instructions 5\u20ac Achat de produit alimentaire ou liti\u00e8re [&hellip;]","og_url":"https:\/\/petservicesparis.com\/index.php\/tarifs-nac-visite-a-votre-domicile\/","og_site_name":"petservicesparis","article_modified_time":"2026-01-21T13:47:08+00:00","og_image":[{"width":2189,"height":2402,"url":"https:\/\/petservicesparis.com\/wp-content\/uploads\/2023\/07\/IMG_8458.jpeg","type":"image\/jpeg"}],"twitter_card":"summary_large_image","twitter_misc":{"Dur\u00e9e de lecture estim\u00e9e":"2 minutes"},"schema":{"@context":"https:\/\/schema.org","@graph":[{"@type":"WebPage","@id":"https:\/\/petservicesparis.com\/index.php\/tarifs-nac-visite-a-votre-domicile\/","url":"https:\/\/petservicesparis.com\/index.php\/tarifs-nac-visite-a-votre-domicile\/","name":"TARIFS NAC 2026\/ visite \u00e0 votre domicile - petservicesparis","isPartOf":{"@id":"https:\/\/petservicesparis.com\/#website"},"primaryImageOfPage":{"@id":"https:\/\/petservicesparis.com\/index.php\/tarifs-nac-visite-a-votre-domicile\/#primaryimage"},"image":{"@id":"https:\/\/petservicesparis.com\/index.php\/tarifs-nac-visite-a-votre-domicile\/#primaryimage"},"thumbnailUrl":"https:\/\/petservicesparis.com\/wp-content\/uploads\/2023\/07\/IMG_8458.jpeg","datePublished":"2024-03-16T06:36:13+00:00","dateModified":"2026-01-21T13:47:08+00:00","breadcrumb":{"@id":"https:\/\/petservicesparis.com\/index.php\/tarifs-nac-visite-a-votre-domicile\/#breadcrumb"},"inLanguage":"fr-FR","potentialAction":[{"@type":"ReadAction","target":["https:\/\/petservicesparis.com\/index.php\/tarifs-nac-visite-a-votre-domicile\/"]}]},{"@type":"ImageObject","inLanguage":"fr-FR","@id":"https:\/\/petservicesparis.com\/index.php\/tarifs-nac-visite-a-votre-domicile\/#primaryimage","url":"https:\/\/petservicesparis.com\/wp-content\/uploads\/2023\/07\/IMG_8458.jpeg","contentUrl":"https:\/\/petservicesparis.com\/wp-content\/uploads\/2023\/07\/IMG_8458.jpeg","width":2189,"height":2402},{"@type":"BreadcrumbList","@id":"https:\/\/petservicesparis.com\/index.php\/tarifs-nac-visite-a-votre-domicile\/#breadcrumb","itemListElement":[{"@type":"ListItem","position":1,"name":"Accueil","item":"https:\/\/petservicesparis.com\/"},{"@type":"ListItem","position":2,"name":"TARIFS NAC 2026\/ visite \u00e0 votre domicile"}]},{"@type":"WebSite","@id":"https:\/\/petservicesparis.com\/#website","url":"https:\/\/petservicesparis.com\/","name":"petservicesparis","description":"garde animaux pension pour chats chiens et nac paris 14","publisher":{"@id":"https:\/\/petservicesparis.com\/#organization"},"potentialAction":[{"@type":"SearchAction","target":{"@type":"EntryPoint","urlTemplate":"https:\/\/petservicesparis.com\/?s={search_term_string}"},"query-input":{"@type":"PropertyValueSpecification","valueRequired":true,"valueName":"search_term_string"}}],"inLanguage":"fr-FR"},{"@type":"Organization","@id":"https:\/\/petservicesparis.com\/#organization","name":"petservicesparis","url":"https:\/\/petservicesparis.com\/","logo":{"@type":"ImageObject","inLanguage":"fr-FR","@id":"https:\/\/petservicesparis.com\/#\/schema\/logo\/image\/","url":"https:\/\/petservicesparis.com\/wp-content\/uploads\/2023\/07\/cropped-logo-vert-sans-back.png","contentUrl":"https:\/\/petservicesparis.com\/wp-content\/uploads\/2023\/07\/cropped-logo-vert-sans-back.png","width":1080,"height":160,"caption":"petservicesparis"},"image":{"@id":"https:\/\/petservicesparis.com\/#\/schema\/logo\/image\/"}}]}},"_links":{"self":[{"href":"https:\/\/petservicesparis.com\/index.php\/wp-json\/wp\/v2\/pages\/5332","targetHints":{"allow":["GET"]}}],"collection":[{"href":"https:\/\/petservicesparis.com\/index.php\/wp-json\/wp\/v2\/pages"}],"about":[{"href":"https:\/\/petservicesparis.com\/index.php\/wp-json\/wp\/v2\/types\/page"}],"author":[{"embeddable":true,"href":"https:\/\/petservicesparis.com\/index.php\/wp-json\/wp\/v2\/users\/1"}],"replies":[{"embeddable":true,"href":"https:\/\/petservicesparis.com\/index.php\/wp-json\/wp\/v2\/comments?post=5332"}],"version-history":[{"count":23,"href":"https:\/\/petservicesparis.com\/index.php\/wp-json\/wp\/v2\/pages\/5332\/revisions"}],"predecessor-version":[{"id":5941,"href":"https:\/\/petservicesparis.com\/index.php\/wp-json\/wp\/v2\/pages\/5332\/revisions\/5941"}],"wp:attachment":[{"href":"https:\/\/petservicesparis.com\/index.php\/wp-json\/wp\/v2\/media?parent=5332"}],"curies":[{"name":"wp","href":"https:\/\/api.w.org\/{rel}","templated":true}]}}