{"id":5692,"date":"2025-02-14T10:44:59","date_gmt":"2025-02-14T09:44:59","guid":{"rendered":"https:\/\/petservicesparis.com\/?page_id=5692"},"modified":"2026-02-10T10:51:38","modified_gmt":"2026-02-10T09:51:38","slug":"tarifs-chiens-2025-garde-en-pension-avec-nuitee","status":"publish","type":"page","link":"https:\/\/petservicesparis.com\/index.php\/tarifs-chiens-2025-garde-en-pension-avec-nuitee\/","title":{"rendered":"TARIFS CHIENS: garde en pension avec nuit\u00e9e"},"content":{"rendered":"\n<figure class=\"wp-block-image aligncenter size-large is-resized is-style-rounded\"><img loading=\"lazy\" decoding=\"async\" width=\"1024\" height=\"807\" src=\"https:\/\/petservicesparis.com\/wp-content\/uploads\/2023\/07\/IMG_5895-1-1024x807.jpeg\" alt=\"\" class=\"wp-image-4052\" style=\"width:150px;height:150px\" srcset=\"https:\/\/petservicesparis.com\/wp-content\/uploads\/2023\/07\/IMG_5895-1-1024x807.jpeg 1024w, https:\/\/petservicesparis.com\/wp-content\/uploads\/2023\/07\/IMG_5895-1-300x236.jpeg 300w, https:\/\/petservicesparis.com\/wp-content\/uploads\/2023\/07\/IMG_5895-1-768x605.jpeg 768w, https:\/\/petservicesparis.com\/wp-content\/uploads\/2023\/07\/IMG_5895-1-1536x1210.jpeg 1536w, https:\/\/petservicesparis.com\/wp-content\/uploads\/2023\/07\/IMG_5895-1-2048x1613.jpeg 2048w\" sizes=\"auto, (max-width: 1024px) 100vw, 1024px\" \/><\/figure>\n\n\n\n<p class=\"has-text-align-center has-medium-font-size\" style=\"margin-top:10px;margin-bottom:10px\"><strong><strong>Tarif pour 1 chien &#8211; nourriture \u00e0 fournir<\/strong><\/strong><\/p>\n\n\n\n<p class=\"has-text-align-center\">Pr\u00e9sence d&rsquo;un chat et \u00e9ventuel autre animal (s\u00e9paration possible). Plus d&rsquo;information sur les installations rubrique : <a href=\"\/index.php\/pension\/\">Services: Pension<\/a>.<br><span style=\"text-decoration: underline;\">Horaire d&rsquo;accueil<\/span> : \u00e0 partir de 8H30 \/ <span style=\"text-decoration: underline;\">Horaire de r\u00e9cup\u00e9ration<\/span> : avant 19H (ou suppl\u00e9ment hors plage horaire)<br>\u25c6 <strong><span style=\"text-decoration: underline;\">\u00c0 partir du 1er janvier 2026 : Franchise de TVA<\/span> &#8211; TVA non applicable (art. 293B du CGI)<\/strong><\/p>\n\n\n\n<div class=\"wp-block-columns is-layout-flex wp-container-core-columns-is-layout-1fe1f53f wp-block-columns-is-layout-flex\" style=\"padding-top:20px;padding-bottom:20px\">\n<div class=\"wp-block-column is-layout-flow wp-block-column-is-layout-flow\"><\/div>\n\n\n\n<div class=\"wp-block-column is-layout-flow wp-container-core-column-is-layout-f72fb31e wp-block-column-is-layout-flow\" style=\"border-right-color:var(--wp--preset--color--ast-global-color-7);border-right-width:2px;border-bottom-color:var(--wp--preset--color--ast-global-color-1);border-bottom-width:2px;border-left-color:var(--wp--preset--color--ast-global-color-1);border-left-width:2px;padding-top:0px;padding-bottom:0px\">\n<h5 class=\"wp-block-heading has-text-align-center has-ast-global-color-5-color has-text-color has-background has-link-color wp-elements-4bca803f07317f906597a7ad00c98283\" id=\"0-pr%C3%A9-visite\" style=\"background-color:#4ca598;padding-top:20px;padding-bottom:20px;text-transform:uppercase\">Pr\u00e9-visite<\/h5>\n\n\n\n<h2 class=\"wp-block-heading has-text-align-center has-text-color has-link-color wp-elements-2a8e4e2d076f7aa071a2bd481afa2062\" id=\"1-25-%E2%82%AC\" style=\"color:#4ca598;padding-top:10px;padding-bottom:10px\">25 \u20ac<\/h2>\n\n\n\n<p class=\"has-text-align-left\" style=\"margin-top:10px;margin-bottom:10px;padding-top:0px;padding-right:20px;padding-bottom:0px;padding-left:20px\">La pr\u00e9-visite est <strong>obligatoire <\/strong>pour tout nouveau client pour d\u00e9couverte de la pension et recueil des informations n\u00e9cessaires au bon d\u00e9roulement de son s\u00e9jour.<\/p>\n<\/div>\n\n\n\n<div class=\"wp-block-column is-layout-flow wp-block-column-is-layout-flow\"><\/div>\n<\/div>\n\n\n\n<div class=\"wp-block-group is-layout-constrained wp-block-group-is-layout-constrained\" style=\"padding-top:20px;padding-bottom:20px\">\n<div class=\"wp-block-columns is-layout-flex wp-container-core-columns-is-layout-28f84493 wp-block-columns-is-layout-flex\">\n<div class=\"wp-block-column has-border-color has-ast-global-color-1-border-color is-layout-constrained wp-block-column-is-layout-constrained\" style=\"border-width:2px;padding-bottom:10px;flex-basis:50%\">\n<h5 class=\"wp-block-heading has-text-align-center has-ast-global-color-5-color has-text-color has-background has-link-color wp-elements-40d26ad7cb0d28949ac9a7f57c360d36\" id=\"2-basse-saison-\" style=\"background-color:#4ca598;padding-top:20px;padding-bottom:20px\">BASSE SAISON   <\/h5>\n\n\n\n<h2 class=\"wp-block-heading has-text-align-center has-text-color has-link-color wp-elements-20d8fefca9a63f75aa5b558bc809109f\" id=\"3-45-%E2%82%AC-jour\" style=\"color:#4ca598;margin-top:0px;margin-bottom:0px;padding-top:10px;padding-bottom:10px\">45 \u20ac \/ jour<\/h2>\n\n\n\n<ul class=\"wp-block-list\">\n<li>Tarif pour 1 chien &#8211; nourriture \u00e0 fournir<\/li>\n\n\n\n<li><span style=\"text-decoration: underline;\"><strong>Suppl\u00e9ments <\/strong><\/span>:\n<ul class=\"wp-block-list\">\n<li>Le Vendredi ou Samedi : + <strong>5 \u20ac<\/strong> <\/li>\n\n\n\n<li>Le Dimanche : + <strong>10 \u20ac<\/strong><\/li>\n\n\n\n<li>Hors horaires d&rsquo;ouverture : <strong><strong>8\u20ac par tranche de 30mn<\/strong><\/strong><\/li>\n\n\n\n<li>Chiot de 4 \u00e0 8 mois et chien malpropre: + <strong>10 \u20ac<\/strong> par jour<\/li>\n<\/ul>\n<\/li>\n<\/ul>\n<\/div>\n\n\n\n<div class=\"wp-block-column has-border-color has-ast-global-color-1-border-color is-layout-constrained wp-block-column-is-layout-constrained\" style=\"border-width:2px;padding-bottom:10px;flex-basis:50%\">\n<h5 class=\"wp-block-heading has-text-align-center has-ast-global-color-5-color has-text-color has-background has-link-color wp-elements-66dd202e8ee71d68f963d9c374822ee2\" id=\"4-haute-saison-\" style=\"background-color:#4ca598;padding-top:20px;padding-bottom:20px\">HAUTE SAISON *<\/h5>\n\n\n\n<h2 class=\"wp-block-heading has-text-align-center has-text-color has-link-color wp-elements-4529bb59e7255731ae6b3338b34493f8\" id=\"5-50-%E2%82%AC-jour\" style=\"color:#4ca598;margin-top:0px;margin-bottom:0px;padding-top:10px;padding-bottom:10px\">50 \u20ac \/ jour<\/h2>\n\n\n\n<ul class=\"wp-block-list\">\n<li>Tarif pour 1 chien &#8211; nourriture \u00e0 fournir<\/li>\n\n\n\n<li><span style=\"text-decoration: underline;\"><strong>Suppl\u00e9men<\/strong><\/span><strong><span style=\"text-decoration: underline;\">ts :<\/span><\/strong>\n<ul class=\"wp-block-list\">\n<li>Le Vendredi ou Samedi : + <strong>5 \u20ac<\/strong><\/li>\n\n\n\n<li>Les Dimanches : + <strong>10 \u20ac<\/strong><\/li>\n\n\n\n<li>Jours F\u00e9ri\u00e9s** : <strong>+ 10 \u20ac<\/strong><\/li>\n\n\n\n<li>Hors horaires d&rsquo;ouverture : <strong><strong>8 \u20ac par tranche de 30mn<\/strong><\/strong><\/li>\n\n\n\n<li>Chiot de 4 \u00e0 8 mois et chien malpropre: + <strong>10 \u20ac<\/strong> par jour<\/li>\n<\/ul>\n<\/li>\n<\/ul>\n<\/div>\n<\/div>\n<\/div>\n\n\n\n<p class=\"has-text-align-center\">*<strong> <u>Dates Haute Saison 2026<\/u><\/strong><\/p>\n\n\n\n<p class=\"has-text-align-center\">En raison de la forte demande autour des vacances scolaires, des jours f\u00e9ri\u00e9s et des ponts, le tarif haute saison s\u2019applique aux p\u00e9riodes list\u00e9es ci-dessous.<\/p>\n\n\n\n<ul class=\"wp-block-list\">\n<li><strong>Hiver<\/strong> : du Vendredi 20 F\u00e9vrier au Lundi 9 Mars inclus<\/li>\n\n\n\n<li><strong>Printemps <\/strong>:&nbsp; du Vendredi 17 Avril au Lundi 4 Mai inclus&nbsp;<\/li>\n\n\n\n<li><strong>Ponts de Mai <\/strong>: du Mardi 5 Mai au Mardi 26 Mai inclus&nbsp;<\/li>\n\n\n\n<li><strong>\u00c9t\u00e9<\/strong> : du Vendredi 19 Juin au Dimanche 13 Septembre inclus<\/li>\n\n\n\n<li><strong>Novembre<\/strong>:&nbsp; du Jeudi 15 Octobre&nbsp; au Dimanche 15 Novembre inclus<\/li>\n\n\n\n<li><strong>No\u00ebl<\/strong> : du Vendredi 11 D\u00e9cembre au Vendredi 15 janvier inclus<\/li>\n<\/ul>\n\n\n\n<p class=\"has-text-align-center\"><strong>** <u>Jours f\u00e9ri\u00e9s 2026<\/u><\/strong><\/p>\n\n\n\n<ul class=\"wp-block-list\">\n<li>1er Janvier, Lundi de P\u00e2ques, 1er, 8 et 9 Mai, Lundi de Pentec\u00f4te, 14 Juillet,15 Ao\u00fbt, 1er et 11 Novembre, 24, 25 et 31 D\u00e9cembre.<\/li>\n<\/ul>\n\n\n<div class=\"wp-block-ub-divider ub_divider ub-divider-orientation-horizontal\" id=\"ub_divider_3e7c04f4-2caf-4ae0-aa37-12edf7955f67\"><div class=\"ub_divider_wrapper\" style=\"position: relative; margin-bottom: 30px; width: 50%; height: 30px; \" data-divider-alignment=\"center\"><div class=\"ub_divider_line\" style=\"border-top: 2px solid var(--ast-global-color-1); margin-top: 30px; \"><\/div><\/div><\/div>\n\n\n<ul class=\"wp-block-list\">\n<li>Un acompte de 50 % sera demand\u00e9 pour toutes prestations de services afin de s\u00e9curiser la garde de votre animal des deux c\u00f4t\u00e9s.<\/li>\n\n\n\n<li>Les frais v\u00e9t\u00e9rinaires qui pourraient \u00eatre engag\u00e9s en cas d\u2019urgence pendant la garde de l\u2019animal devront \u00eatre rembours\u00e9s par son propri\u00e9taire d\u00e8s son retour.<\/li>\n\n\n\n<li>Pour plus d\u2019informations, consultez <a data-type=\"page\" data-id=\"2524\" href=\"https:\/\/petservicesparis.com\/index.php\/conditions-generales-de-ventes\/\" target=\"_blank\" rel=\"noreferrer noopener\">les Conditions G\u00e9n\u00e9rales de Vente <\/a><\/li>\n<\/ul>\n\n\n<div class=\"wp-block-ub-divider ub_divider ub-divider-orientation-horizontal\" id=\"ub_divider_41a98f53-1cf3-4a2c-b1c6-a47bea6da5fb\"><div class=\"ub_divider_wrapper\" style=\"position: relative; margin-bottom: 30px; width: 50%; height: 30px; \" data-divider-alignment=\"center\"><div class=\"ub_divider_line\" style=\"border-top: 2px solid var(--ast-global-color-1); margin-top: 30px; \"><\/div><\/div><\/div>\n\n\n<div class=\"wp-block-columns is-layout-flex wp-container-core-columns-is-layout-b99702a1 wp-block-columns-is-layout-flex\" style=\"padding-top:0px;padding-bottom:0px\">\n<div class=\"wp-block-column is-layout-flow wp-block-column-is-layout-flow\">\n<h5 class=\"wp-block-heading has-text-align-center has-ast-global-color-5-color has-ast-global-color-1-background-color has-text-color has-background has-link-color wp-elements-e767f02ecafee3694d632a7a526d4526\" id=\"6-en-option-autres-services-a-la-demande\" style=\"padding-top:20px;padding-bottom:20px\">EN OPTION : AUTRES SERVICES A LA DEMANDE<\/h5>\n<\/div>\n<\/div>\n\n\n\n<figure class=\"wp-block-table aligncenter is-style-stripes has-medium-font-size\" style=\"font-style:normal;font-weight:300\"><table class=\"has-border-color\" style=\"border-color:#4ca598;border-width:2px\"><tbody><tr><td class=\"has-text-align-left\" data-align=\"left\"><strong><span style=\"text-decoration: underline;\">Prestations<\/span><\/strong><\/td><td class=\"has-text-align-center\" data-align=\"center\"><strong>Prix<\/strong><\/td><\/tr><tr><td class=\"has-text-align-left\" data-align=\"left\">Soins m\u00e9dicaux &amp; Esth\u00e9tiques : prise de m\u00e9dicament, coupe de griffes, brossage &amp; d\u00e9m\u00ealage de poils<\/td><td class=\"has-text-align-center\" data-align=\"center\"><strong>6 \u20ac<\/strong> TTC par prestation<\/td><\/tr><tr><td class=\"has-text-align-left\" data-align=\"left\">Gardiennage domicile : rel\u00e8ve courrier &amp; arrosage plantes selon instructions<\/td><td class=\"has-text-align-center\" data-align=\"center\"><strong>6 \u20ac<\/strong> TTC<\/td><\/tr><tr><td class=\"has-text-align-left\" data-align=\"left\">Achat de produit alimentaire ou liti\u00e8re (hors courses \u00e0 rembourser sur facture)<\/td><td class=\"has-text-align-center\" data-align=\"center\"><strong>18 \u20ac<\/strong> TTC<\/td><\/tr><tr><td class=\"has-text-align-left\" data-align=\"left\">Emmener votre animal chez votre v\u00e9t\u00e9rinaire ou toiletteur<\/td><td class=\"has-text-align-center\" data-align=\"center\"><a href=\"https:\/\/petservicesparis.com\/index.php\/contact\/\">Sur  devis<\/a> 18 \u00e0 36\u20ac TTC selon le trajet<\/td><\/tr><tr><td class=\"has-text-align-left\" data-align=\"left\">Nettoyage oreilles et yeux (compresses st\u00e9riles et solution auriculaire\/oculaires)<\/td><td class=\"has-text-align-center\" data-align=\"center\"><strong>5 \u20ac<\/strong> TTC chat \/ <strong>6 \u20ac<\/strong> TTC chien<\/td><\/tr><tr><td class=\"has-text-align-left\" data-align=\"left\">Brossage de poils courts \u00e0 long (peigne double, brosses: d\u00e9m\u00ealante et massantes, shampoing sec)<\/td><td class=\"has-text-align-center\" data-align=\"center\"><a href=\"https:\/\/petservicesparis.com\/index.php\/contact\/\">Sur devis<\/a><\/td><\/tr><tr><td class=\"has-text-align-left\" data-align=\"left\">Soins locaux : pommade, pansement.<\/td><td class=\"has-text-align-center\" data-align=\"center\"><a href=\"https:\/\/petservicesparis.com\/index.php\/contact\/\">Sur devis<\/a><\/td><\/tr><\/tbody><\/table><\/figure>\n","protected":false},"excerpt":{"rendered":"<p>Tarif pour 1 chien &#8211; nourriture \u00e0 fournir Pr\u00e9sence d&rsquo;un chat et \u00e9ventuel autre animal (s\u00e9paration possible). Plus d&rsquo;information sur les installations rubrique : Services: Pension.Horaire d&rsquo;accueil : \u00e0 partir de 8H30 \/ Horaire de r\u00e9cup\u00e9ration : avant 19H (ou suppl\u00e9ment hors plage horaire)\u25c6 \u00c0 partir du 1er janvier 2026 : Franchise de TVA &#8211; [&hellip;]<\/p>\n","protected":false},"author":5,"featured_media":0,"parent":0,"menu_order":0,"comment_status":"closed","ping_status":"closed","template":"","meta":{"site-sidebar-layout":"default","site-content-layout":"","ast-site-content-layout":"default","site-content-style":"default","site-sidebar-style":"default","ast-global-header-display":"","ast-banner-title-visibility":"","ast-main-header-display":"","ast-hfb-above-header-display":"","ast-hfb-below-header-display":"","ast-hfb-mobile-header-display":"","site-post-title":"","ast-breadcrumbs-content":"","ast-featured-img":"","footer-sml-layout":"","ast-disable-related-posts":"","theme-transparent-header-meta":"","adv-header-id-meta":"","stick-header-meta":"","header-above-stick-meta":"","header-main-stick-meta":"","header-below-stick-meta":"","astra-migrate-meta-layouts":"set","ast-page-background-enabled":"default","ast-page-background-meta":{"desktop":{"background-color":"var(--ast-global-color-4)","background-image":"","background-repeat":"repeat","background-position":"center center","background-size":"auto","background-attachment":"scroll","background-type":"","background-media":"","overlay-type":"","overlay-color":"","overlay-opacity":"","overlay-gradient":""},"tablet":{"background-color":"","background-image":"","background-repeat":"repeat","background-position":"center center","background-size":"auto","background-attachment":"scroll","background-type":"","background-media":"","overlay-type":"","overlay-color":"","overlay-opacity":"","overlay-gradient":""},"mobile":{"background-color":"","background-image":"","background-repeat":"repeat","background-position":"center center","background-size":"auto","background-attachment":"scroll","background-type":"","background-media":"","overlay-type":"","overlay-color":"","overlay-opacity":"","overlay-gradient":""}},"ast-content-background-meta":{"desktop":{"background-color":"var(--ast-global-color-5)","background-image":"","background-repeat":"repeat","background-position":"center center","background-size":"auto","background-attachment":"scroll","background-type":"","background-media":"","overlay-type":"","overlay-color":"","overlay-opacity":"","overlay-gradient":""},"tablet":{"background-color":"var(--ast-global-color-5)","background-image":"","background-repeat":"repeat","background-position":"center center","background-size":"auto","background-attachment":"scroll","background-type":"","background-media":"","overlay-type":"","overlay-color":"","overlay-opacity":"","overlay-gradient":""},"mobile":{"background-color":"var(--ast-global-color-5)","background-image":"","background-repeat":"repeat","background-position":"center center","background-size":"auto","background-attachment":"scroll","background-type":"","background-media":"","overlay-type":"","overlay-color":"","overlay-opacity":"","overlay-gradient":""}},"_glsr_average":0,"_glsr_ranking":0,"_glsr_reviews":0,"footnotes":""},"class_list":["post-5692","page","type-page","status-publish","hentry"],"featured_image_src":null,"yoast_head":"<!-- This site is optimized with the Yoast SEO plugin v26.9 - https:\/\/yoast.com\/product\/yoast-seo-wordpress\/ -->\n<title>TARIFS CHIENS: garde en pension avec nuit\u00e9e - petservicesparis<\/title>\n<meta name=\"robots\" content=\"index, follow, max-snippet:-1, max-image-preview:large, max-video-preview:-1\" \/>\n<link rel=\"canonical\" href=\"https:\/\/petservicesparis.com\/index.php\/tarifs-chiens-2025-garde-en-pension-avec-nuitee\/\" \/>\n<meta property=\"og:locale\" content=\"fr_FR\" \/>\n<meta property=\"og:type\" content=\"article\" \/>\n<meta property=\"og:title\" content=\"TARIFS CHIENS: garde en pension avec nuit\u00e9e - petservicesparis\" \/>\n<meta property=\"og:description\" content=\"Tarif pour 1 chien &#8211; nourriture \u00e0 fournir Pr\u00e9sence d&rsquo;un chat et \u00e9ventuel autre animal (s\u00e9paration possible). Plus d&rsquo;information sur les installations rubrique : Services: Pension.Horaire d&rsquo;accueil : \u00e0 partir de 8H30 \/ Horaire de r\u00e9cup\u00e9ration : avant 19H (ou suppl\u00e9ment hors plage horaire)\u25c6 \u00c0 partir du 1er janvier 2026 : Franchise de TVA &#8211; [&hellip;]\" \/>\n<meta property=\"og:url\" content=\"https:\/\/petservicesparis.com\/index.php\/tarifs-chiens-2025-garde-en-pension-avec-nuitee\/\" \/>\n<meta property=\"og:site_name\" content=\"petservicesparis\" \/>\n<meta property=\"article:modified_time\" content=\"2026-02-10T09:51:38+00:00\" \/>\n<meta property=\"og:image\" content=\"https:\/\/petservicesparis.com\/wp-content\/uploads\/2023\/07\/IMG_5895-1-scaled.jpeg\" \/>\n\t<meta property=\"og:image:width\" content=\"2560\" \/>\n\t<meta property=\"og:image:height\" content=\"2017\" \/>\n\t<meta property=\"og:image:type\" content=\"image\/jpeg\" \/>\n<meta name=\"twitter:card\" content=\"summary_large_image\" \/>\n<meta name=\"twitter:label1\" content=\"Dur\u00e9e de lecture estim\u00e9e\" \/>\n\t<meta name=\"twitter:data1\" content=\"3 minutes\" \/>\n<script type=\"application\/ld+json\" class=\"yoast-schema-graph\">{\"@context\":\"https:\/\/schema.org\",\"@graph\":[{\"@type\":\"WebPage\",\"@id\":\"https:\/\/petservicesparis.com\/index.php\/tarifs-chiens-2025-garde-en-pension-avec-nuitee\/\",\"url\":\"https:\/\/petservicesparis.com\/index.php\/tarifs-chiens-2025-garde-en-pension-avec-nuitee\/\",\"name\":\"TARIFS CHIENS: garde en pension avec nuit\u00e9e - petservicesparis\",\"isPartOf\":{\"@id\":\"https:\/\/petservicesparis.com\/#website\"},\"primaryImageOfPage\":{\"@id\":\"https:\/\/petservicesparis.com\/index.php\/tarifs-chiens-2025-garde-en-pension-avec-nuitee\/#primaryimage\"},\"image\":{\"@id\":\"https:\/\/petservicesparis.com\/index.php\/tarifs-chiens-2025-garde-en-pension-avec-nuitee\/#primaryimage\"},\"thumbnailUrl\":\"https:\/\/petservicesparis.com\/wp-content\/uploads\/2023\/07\/IMG_5895-1-1024x807.jpeg\",\"datePublished\":\"2025-02-14T09:44:59+00:00\",\"dateModified\":\"2026-02-10T09:51:38+00:00\",\"breadcrumb\":{\"@id\":\"https:\/\/petservicesparis.com\/index.php\/tarifs-chiens-2025-garde-en-pension-avec-nuitee\/#breadcrumb\"},\"inLanguage\":\"fr-FR\",\"potentialAction\":[{\"@type\":\"ReadAction\",\"target\":[\"https:\/\/petservicesparis.com\/index.php\/tarifs-chiens-2025-garde-en-pension-avec-nuitee\/\"]}]},{\"@type\":\"ImageObject\",\"inLanguage\":\"fr-FR\",\"@id\":\"https:\/\/petservicesparis.com\/index.php\/tarifs-chiens-2025-garde-en-pension-avec-nuitee\/#primaryimage\",\"url\":\"https:\/\/petservicesparis.com\/wp-content\/uploads\/2023\/07\/IMG_5895-1-scaled.jpeg\",\"contentUrl\":\"https:\/\/petservicesparis.com\/wp-content\/uploads\/2023\/07\/IMG_5895-1-scaled.jpeg\",\"width\":2560,\"height\":2017},{\"@type\":\"BreadcrumbList\",\"@id\":\"https:\/\/petservicesparis.com\/index.php\/tarifs-chiens-2025-garde-en-pension-avec-nuitee\/#breadcrumb\",\"itemListElement\":[{\"@type\":\"ListItem\",\"position\":1,\"name\":\"Accueil\",\"item\":\"https:\/\/petservicesparis.com\/\"},{\"@type\":\"ListItem\",\"position\":2,\"name\":\"TARIFS CHIENS: garde en pension avec nuit\u00e9e\"}]},{\"@type\":\"WebSite\",\"@id\":\"https:\/\/petservicesparis.com\/#website\",\"url\":\"https:\/\/petservicesparis.com\/\",\"name\":\"petservicesparis\",\"description\":\"garde animaux pension pour chats chiens et nac paris 14\",\"publisher\":{\"@id\":\"https:\/\/petservicesparis.com\/#organization\"},\"potentialAction\":[{\"@type\":\"SearchAction\",\"target\":{\"@type\":\"EntryPoint\",\"urlTemplate\":\"https:\/\/petservicesparis.com\/?s={search_term_string}\"},\"query-input\":{\"@type\":\"PropertyValueSpecification\",\"valueRequired\":true,\"valueName\":\"search_term_string\"}}],\"inLanguage\":\"fr-FR\"},{\"@type\":\"Organization\",\"@id\":\"https:\/\/petservicesparis.com\/#organization\",\"name\":\"petservicesparis\",\"url\":\"https:\/\/petservicesparis.com\/\",\"logo\":{\"@type\":\"ImageObject\",\"inLanguage\":\"fr-FR\",\"@id\":\"https:\/\/petservicesparis.com\/#\/schema\/logo\/image\/\",\"url\":\"https:\/\/petservicesparis.com\/wp-content\/uploads\/2023\/07\/cropped-logo-vert-sans-back.png\",\"contentUrl\":\"https:\/\/petservicesparis.com\/wp-content\/uploads\/2023\/07\/cropped-logo-vert-sans-back.png\",\"width\":1080,\"height\":160,\"caption\":\"petservicesparis\"},\"image\":{\"@id\":\"https:\/\/petservicesparis.com\/#\/schema\/logo\/image\/\"}}]}<\/script>\n<!-- \/ Yoast SEO plugin. -->","yoast_head_json":{"title":"TARIFS CHIENS: garde en pension avec nuit\u00e9e - petservicesparis","robots":{"index":"index","follow":"follow","max-snippet":"max-snippet:-1","max-image-preview":"max-image-preview:large","max-video-preview":"max-video-preview:-1"},"canonical":"https:\/\/petservicesparis.com\/index.php\/tarifs-chiens-2025-garde-en-pension-avec-nuitee\/","og_locale":"fr_FR","og_type":"article","og_title":"TARIFS CHIENS: garde en pension avec nuit\u00e9e - petservicesparis","og_description":"Tarif pour 1 chien &#8211; nourriture \u00e0 fournir Pr\u00e9sence d&rsquo;un chat et \u00e9ventuel autre animal (s\u00e9paration possible). Plus d&rsquo;information sur les installations rubrique : Services: Pension.Horaire d&rsquo;accueil : \u00e0 partir de 8H30 \/ Horaire de r\u00e9cup\u00e9ration : avant 19H (ou suppl\u00e9ment hors plage horaire)\u25c6 \u00c0 partir du 1er janvier 2026 : Franchise de TVA &#8211; [&hellip;]","og_url":"https:\/\/petservicesparis.com\/index.php\/tarifs-chiens-2025-garde-en-pension-avec-nuitee\/","og_site_name":"petservicesparis","article_modified_time":"2026-02-10T09:51:38+00:00","og_image":[{"width":2560,"height":2017,"url":"https:\/\/petservicesparis.com\/wp-content\/uploads\/2023\/07\/IMG_5895-1-scaled.jpeg","type":"image\/jpeg"}],"twitter_card":"summary_large_image","twitter_misc":{"Dur\u00e9e de lecture estim\u00e9e":"3 minutes"},"schema":{"@context":"https:\/\/schema.org","@graph":[{"@type":"WebPage","@id":"https:\/\/petservicesparis.com\/index.php\/tarifs-chiens-2025-garde-en-pension-avec-nuitee\/","url":"https:\/\/petservicesparis.com\/index.php\/tarifs-chiens-2025-garde-en-pension-avec-nuitee\/","name":"TARIFS CHIENS: garde en pension avec nuit\u00e9e - petservicesparis","isPartOf":{"@id":"https:\/\/petservicesparis.com\/#website"},"primaryImageOfPage":{"@id":"https:\/\/petservicesparis.com\/index.php\/tarifs-chiens-2025-garde-en-pension-avec-nuitee\/#primaryimage"},"image":{"@id":"https:\/\/petservicesparis.com\/index.php\/tarifs-chiens-2025-garde-en-pension-avec-nuitee\/#primaryimage"},"thumbnailUrl":"https:\/\/petservicesparis.com\/wp-content\/uploads\/2023\/07\/IMG_5895-1-1024x807.jpeg","datePublished":"2025-02-14T09:44:59+00:00","dateModified":"2026-02-10T09:51:38+00:00","breadcrumb":{"@id":"https:\/\/petservicesparis.com\/index.php\/tarifs-chiens-2025-garde-en-pension-avec-nuitee\/#breadcrumb"},"inLanguage":"fr-FR","potentialAction":[{"@type":"ReadAction","target":["https:\/\/petservicesparis.com\/index.php\/tarifs-chiens-2025-garde-en-pension-avec-nuitee\/"]}]},{"@type":"ImageObject","inLanguage":"fr-FR","@id":"https:\/\/petservicesparis.com\/index.php\/tarifs-chiens-2025-garde-en-pension-avec-nuitee\/#primaryimage","url":"https:\/\/petservicesparis.com\/wp-content\/uploads\/2023\/07\/IMG_5895-1-scaled.jpeg","contentUrl":"https:\/\/petservicesparis.com\/wp-content\/uploads\/2023\/07\/IMG_5895-1-scaled.jpeg","width":2560,"height":2017},{"@type":"BreadcrumbList","@id":"https:\/\/petservicesparis.com\/index.php\/tarifs-chiens-2025-garde-en-pension-avec-nuitee\/#breadcrumb","itemListElement":[{"@type":"ListItem","position":1,"name":"Accueil","item":"https:\/\/petservicesparis.com\/"},{"@type":"ListItem","position":2,"name":"TARIFS CHIENS: garde en pension avec nuit\u00e9e"}]},{"@type":"WebSite","@id":"https:\/\/petservicesparis.com\/#website","url":"https:\/\/petservicesparis.com\/","name":"petservicesparis","description":"garde animaux pension pour chats chiens et nac paris 14","publisher":{"@id":"https:\/\/petservicesparis.com\/#organization"},"potentialAction":[{"@type":"SearchAction","target":{"@type":"EntryPoint","urlTemplate":"https:\/\/petservicesparis.com\/?s={search_term_string}"},"query-input":{"@type":"PropertyValueSpecification","valueRequired":true,"valueName":"search_term_string"}}],"inLanguage":"fr-FR"},{"@type":"Organization","@id":"https:\/\/petservicesparis.com\/#organization","name":"petservicesparis","url":"https:\/\/petservicesparis.com\/","logo":{"@type":"ImageObject","inLanguage":"fr-FR","@id":"https:\/\/petservicesparis.com\/#\/schema\/logo\/image\/","url":"https:\/\/petservicesparis.com\/wp-content\/uploads\/2023\/07\/cropped-logo-vert-sans-back.png","contentUrl":"https:\/\/petservicesparis.com\/wp-content\/uploads\/2023\/07\/cropped-logo-vert-sans-back.png","width":1080,"height":160,"caption":"petservicesparis"},"image":{"@id":"https:\/\/petservicesparis.com\/#\/schema\/logo\/image\/"}}]}},"_links":{"self":[{"href":"https:\/\/petservicesparis.com\/index.php\/wp-json\/wp\/v2\/pages\/5692","targetHints":{"allow":["GET"]}}],"collection":[{"href":"https:\/\/petservicesparis.com\/index.php\/wp-json\/wp\/v2\/pages"}],"about":[{"href":"https:\/\/petservicesparis.com\/index.php\/wp-json\/wp\/v2\/types\/page"}],"author":[{"embeddable":true,"href":"https:\/\/petservicesparis.com\/index.php\/wp-json\/wp\/v2\/users\/5"}],"replies":[{"embeddable":true,"href":"https:\/\/petservicesparis.com\/index.php\/wp-json\/wp\/v2\/comments?post=5692"}],"version-history":[{"count":44,"href":"https:\/\/petservicesparis.com\/index.php\/wp-json\/wp\/v2\/pages\/5692\/revisions"}],"predecessor-version":[{"id":5977,"href":"https:\/\/petservicesparis.com\/index.php\/wp-json\/wp\/v2\/pages\/5692\/revisions\/5977"}],"wp:attachment":[{"href":"https:\/\/petservicesparis.com\/index.php\/wp-json\/wp\/v2\/media?parent=5692"}],"curies":[{"name":"wp","href":"https:\/\/api.w.org\/{rel}","templated":true}]}}