{"id":666,"date":"2023-06-13T14:53:49","date_gmt":"2023-06-13T12:53:49","guid":{"rendered":"https:\/\/petservicesparis.com\/?page_id=666"},"modified":"2024-05-11T21:35:01","modified_gmt":"2024-05-11T19:35:01","slug":"contact","status":"publish","type":"page","link":"https:\/\/petservicesparis.com\/index.php\/contact\/","title":{"rendered":"Informations pratiques &#038; Contact"},"content":{"rendered":"\n<p><\/p>\n\n\n\n<h2 class=\"wp-block-heading\" style=\"padding-top:var(--wp--preset--spacing--20);padding-right:var(--wp--preset--spacing--20);padding-bottom:var(--wp--preset--spacing--20);padding-left:var(--wp--preset--spacing--20)\"><img loading=\"lazy\" decoding=\"async\" width=\"30\" height=\"30\" class=\"wp-image-1028\" style=\"width: 30px;\" src=\"https:\/\/petservicesparis.com\/wp-content\/uploads\/2023\/06\/map-marker.png\" alt=\"\" srcset=\"https:\/\/petservicesparis.com\/wp-content\/uploads\/2023\/06\/map-marker.png 256w, https:\/\/petservicesparis.com\/wp-content\/uploads\/2023\/06\/map-marker-150x150.png 150w\" sizes=\"auto, (max-width: 30px) 100vw, 30px\" \/> <strong>Localisation de la pension Familiale :<\/strong><\/h2>\n\n\n\n<div class=\"wp-block-columns is-layout-flex wp-container-core-columns-is-layout-28f84493 wp-block-columns-is-layout-flex\">\n<div class=\"wp-block-column is-layout-flow wp-block-column-is-layout-flow\">\n<h3 class=\"wp-block-heading\" style=\"line-height:2\"><strong>Paris, 14\u00e8me arrondissement<\/strong><\/h3>\n\n\n\n<p class=\"has-medium-font-size\" style=\"margin-top:0;margin-right:0;margin-bottom:0;margin-left:0;padding-top:var(--wp--preset--spacing--20);padding-right:var(--wp--preset--spacing--20);padding-bottom:var(--wp--preset--spacing--20);padding-left:var(--wp--preset--spacing--20);font-style:normal;font-weight:300;line-height:1\">Acc\u00e8s tramway <img loading=\"lazy\" decoding=\"async\" width=\"60\" height=\"29\" class=\"wp-image-3613\" style=\"width: 60px;\" src=\"https:\/\/petservicesparis.com\/wp-content\/uploads\/2023\/07\/tramT3a.png\" alt=\"\"> <strong>:<\/strong> Arr\u00eat <strong>\u00ab\u00a0DIDOT\u00a0\u00bb<\/strong><\/p>\n\n\n\n<p class=\"has-medium-font-size\" style=\"margin-top:0;margin-right:0;margin-bottom:0;margin-left:0;padding-top:var(--wp--preset--spacing--20);padding-right:var(--wp--preset--spacing--20);padding-bottom:var(--wp--preset--spacing--20);padding-left:var(--wp--preset--spacing--20);font-style:normal;font-weight:300;line-height:1.4\">Acc\u00e8s bus <img loading=\"lazy\" decoding=\"async\" width=\"35\" height=\"24\" class=\"wp-image-3623\" style=\"width: 35px;\" src=\"https:\/\/petservicesparis.com\/wp-content\/uploads\/2023\/07\/bus-58.png\" alt=\"\"> <img loading=\"lazy\" decoding=\"async\" width=\"35\" height=\"24\" class=\"wp-image-3624\" style=\"width: 35px;\" src=\"https:\/\/petservicesparis.com\/wp-content\/uploads\/2023\/07\/bus-95.png\" alt=\"\"> <img loading=\"lazy\" decoding=\"async\" width=\"37\" height=\"24\" class=\"wp-image-3616\" style=\"width: 37px;\" src=\"https:\/\/petservicesparis.com\/wp-content\/uploads\/2023\/07\/bus191.png\" alt=\"\"> <strong>:<\/strong> Arr\u00eat<strong>\u00ab\u00a0DIDOT\u00a0\u00bb<\/strong> (\u00e0 2mn \u00e0 pied)&nbsp; ou <strong>\u00ab\u00a0Portes de Vanves\u00a0\u00bb<\/strong> (7mn \u00e0 pied)<\/p>\n\n\n\n<p class=\"has-medium-font-size\" style=\"margin-top:0;margin-right:0;margin-bottom:0;margin-left:0;padding-top:var(--wp--preset--spacing--20);padding-right:var(--wp--preset--spacing--20);padding-bottom:var(--wp--preset--spacing--20);padding-left:var(--wp--preset--spacing--20);font-style:normal;font-weight:300;line-height:1.2\">Acc\u00e8s M\u00e9tro<strong> <\/strong><img loading=\"lazy\" decoding=\"async\" width=\"40\" height=\"20\" class=\"wp-image-3610\" style=\"width: 40px;\" src=\"https:\/\/petservicesparis.com\/wp-content\/uploads\/2023\/07\/m13.png\" alt=\"\" srcset=\"https:\/\/petservicesparis.com\/wp-content\/uploads\/2023\/07\/m13.png 516w, https:\/\/petservicesparis.com\/wp-content\/uploads\/2023\/07\/m13-300x152.png 300w\" sizes=\"auto, (max-width: 40px) 100vw, 40px\" \/> <strong>:<\/strong> Arr\u00eat <strong>\u00ab\u00a0Porte de Vanves\u00a0\u00bb<\/strong> (7mn \u00e0 pied)<\/p>\n\n\n\n<p class=\"has-medium-font-size\" style=\"margin-top:0;margin-right:0;margin-bottom:0;margin-left:0;padding-top:var(--wp--preset--spacing--20);padding-right:var(--wp--preset--spacing--20);padding-bottom:var(--wp--preset--spacing--20);padding-left:var(--wp--preset--spacing--20);font-style:normal;font-weight:300;line-height:1.2\">Possibilit\u00e9 de stationnement rapide devant la pension ou dans la rue<\/p>\n\n\n\n<p class=\"has-medium-font-size\" style=\"margin-top:var(--wp--preset--spacing--60);margin-right:var(--wp--preset--spacing--20);margin-bottom:var(--wp--preset--spacing--60);margin-left:var(--wp--preset--spacing--20)\"><strong>Email: <\/strong><a href=\"mailto:contact@petservicesparis.com\">contact@petservicesparis.com<\/a><\/p>\n<\/div>\n\n\n\n<div class=\"wp-block-column is-layout-flow wp-block-column-is-layout-flow\">\n<div class=\"mapouter\"><div class=\"gmap_canvas\"><iframe loading=\"lazy\" width=\"600\" height=\"500\" id=\"gmap_canvas\" src=\"https:\/\/maps.google.com\/maps?q=20%20rue%20des%20mariniers,%2075014%20Paris&#038;t=&#038;z=13&#038;ie=UTF8&#038;iwloc=&#038;output=embed\" frameborder=\"0\" scrolling=\"no\" marginheight=\"0\" marginwidth=\"0\"><\/iframe><a href=\"https:\/\/123movies-i.net\">123 movie.net<\/a><br><style>.mapouter{position:relative;text-align:right;height:500px;width:600px;}<\/style><a href=\"https:\/\/www.embedgooglemap.net\"><\/a><style>.gmap_canvas {overflow:hidden;background:none!important;height:500px;width:600px;}<\/style><\/div><\/div>\n<\/div>\n<\/div>\n\n\n\n<p><\/p>\n\n\n\n<p><br><\/p>\n","protected":false},"excerpt":{"rendered":"<p>Localisation de la pension Familiale : Paris, 14\u00e8me arrondissement Acc\u00e8s tramway : Arr\u00eat \u00ab\u00a0DIDOT\u00a0\u00bb Acc\u00e8s bus : Arr\u00eat\u00ab\u00a0DIDOT\u00a0\u00bb (\u00e0 2mn \u00e0 pied)&nbsp; ou \u00ab\u00a0Portes de Vanves\u00a0\u00bb (7mn \u00e0 pied) Acc\u00e8s M\u00e9tro : Arr\u00eat \u00ab\u00a0Porte de Vanves\u00a0\u00bb (7mn \u00e0 pied) Possibilit\u00e9 de stationnement rapide devant la pension ou dans la rue Email: contact@petservicesparis.com 123 movie.net<\/p>\n","protected":false},"author":1,"featured_media":0,"parent":0,"menu_order":0,"comment_status":"closed","ping_status":"closed","template":"","meta":{"site-sidebar-layout":"default","site-content-layout":"","ast-site-content-layout":"default","site-content-style":"default","site-sidebar-style":"default","ast-global-header-display":"","ast-banner-title-visibility":"","ast-main-header-display":"","ast-hfb-above-header-display":"","ast-hfb-below-header-display":"","ast-hfb-mobile-header-display":"","site-post-title":"disabled","ast-breadcrumbs-content":"","ast-featured-img":"","footer-sml-layout":"","ast-disable-related-posts":"","theme-transparent-header-meta":"","adv-header-id-meta":"","stick-header-meta":"","header-above-stick-meta":"","header-main-stick-meta":"","header-below-stick-meta":"","astra-migrate-meta-layouts":"set","ast-page-background-enabled":"default","ast-page-background-meta":{"desktop":{"background-color":"var(--ast-global-color-4)","background-image":"","background-repeat":"repeat","background-position":"center center","background-size":"auto","background-attachment":"scroll","background-type":"","background-media":"","overlay-type":"","overlay-color":"","overlay-opacity":"","overlay-gradient":""},"tablet":{"background-color":"","background-image":"","background-repeat":"repeat","background-position":"center center","background-size":"auto","background-attachment":"scroll","background-type":"","background-media":"","overlay-type":"","overlay-color":"","overlay-opacity":"","overlay-gradient":""},"mobile":{"background-color":"","background-image":"","background-repeat":"repeat","background-position":"center center","background-size":"auto","background-attachment":"scroll","background-type":"","background-media":"","overlay-type":"","overlay-color":"","overlay-opacity":"","overlay-gradient":""}},"ast-content-background-meta":{"desktop":{"background-color":"var(--ast-global-color-5)","background-image":"","background-repeat":"repeat","background-position":"center center","background-size":"auto","background-attachment":"scroll","background-type":"","background-media":"","overlay-type":"","overlay-color":"","overlay-opacity":"","overlay-gradient":""},"tablet":{"background-color":"var(--ast-global-color-5)","background-image":"","background-repeat":"repeat","background-position":"center center","background-size":"auto","background-attachment":"scroll","background-type":"","background-media":"","overlay-type":"","overlay-color":"","overlay-opacity":"","overlay-gradient":""},"mobile":{"background-color":"var(--ast-global-color-5)","background-image":"","background-repeat":"repeat","background-position":"center center","background-size":"auto","background-attachment":"scroll","background-type":"","background-media":"","overlay-type":"","overlay-color":"","overlay-opacity":"","overlay-gradient":""}},"_glsr_average":0,"_glsr_ranking":0,"_glsr_reviews":0,"footnotes":""},"class_list":["post-666","page","type-page","status-publish","hentry"],"featured_image_src":null,"yoast_head":"<!-- This site is optimized with the Yoast SEO plugin v26.9 - https:\/\/yoast.com\/product\/yoast-seo-wordpress\/ -->\n<title>Informations pratiques &amp; Contact - petservicesparis<\/title>\n<meta name=\"description\" content=\"Pet sitter paris 14, pet sitter Paris, Garde animaux Paris, pet sitter 75014\" \/>\n<meta name=\"robots\" content=\"index, follow, max-snippet:-1, max-image-preview:large, max-video-preview:-1\" \/>\n<link rel=\"canonical\" href=\"https:\/\/petservicesparis.com\/index.php\/contact\/\" \/>\n<meta property=\"og:locale\" content=\"fr_FR\" \/>\n<meta property=\"og:type\" content=\"article\" \/>\n<meta property=\"og:title\" content=\"Informations pratiques &amp; Contact - petservicesparis\" \/>\n<meta property=\"og:description\" content=\"Pet sitter paris 14, pet sitter Paris, Garde animaux Paris, pet sitter 75014\" \/>\n<meta property=\"og:url\" content=\"https:\/\/petservicesparis.com\/index.php\/contact\/\" \/>\n<meta property=\"og:site_name\" content=\"petservicesparis\" \/>\n<meta property=\"article:modified_time\" content=\"2024-05-11T19:35:01+00:00\" \/>\n<meta property=\"og:image\" content=\"https:\/\/petservicesparis.com\/wp-content\/uploads\/2023\/06\/map-marker.png\" \/>\n<meta name=\"twitter:card\" content=\"summary_large_image\" \/>\n<meta name=\"twitter:label1\" content=\"Dur\u00e9e de lecture estim\u00e9e\" \/>\n\t<meta name=\"twitter:data1\" content=\"2 minutes\" \/>\n<script type=\"application\/ld+json\" class=\"yoast-schema-graph\">{\"@context\":\"https:\/\/schema.org\",\"@graph\":[{\"@type\":\"WebPage\",\"@id\":\"https:\/\/petservicesparis.com\/index.php\/contact\/\",\"url\":\"https:\/\/petservicesparis.com\/index.php\/contact\/\",\"name\":\"Informations pratiques & Contact - petservicesparis\",\"isPartOf\":{\"@id\":\"https:\/\/petservicesparis.com\/#website\"},\"primaryImageOfPage\":{\"@id\":\"https:\/\/petservicesparis.com\/index.php\/contact\/#primaryimage\"},\"image\":{\"@id\":\"https:\/\/petservicesparis.com\/index.php\/contact\/#primaryimage\"},\"thumbnailUrl\":\"https:\/\/petservicesparis.com\/wp-content\/uploads\/2023\/06\/map-marker.png\",\"datePublished\":\"2023-06-13T12:53:49+00:00\",\"dateModified\":\"2024-05-11T19:35:01+00:00\",\"description\":\"Pet sitter paris 14, pet sitter Paris, Garde animaux Paris, pet sitter 75014\",\"breadcrumb\":{\"@id\":\"https:\/\/petservicesparis.com\/index.php\/contact\/#breadcrumb\"},\"inLanguage\":\"fr-FR\",\"potentialAction\":[{\"@type\":\"ReadAction\",\"target\":[\"https:\/\/petservicesparis.com\/index.php\/contact\/\"]}]},{\"@type\":\"ImageObject\",\"inLanguage\":\"fr-FR\",\"@id\":\"https:\/\/petservicesparis.com\/index.php\/contact\/#primaryimage\",\"url\":\"https:\/\/petservicesparis.com\/wp-content\/uploads\/2023\/06\/map-marker.png\",\"contentUrl\":\"https:\/\/petservicesparis.com\/wp-content\/uploads\/2023\/06\/map-marker.png\",\"width\":256,\"height\":256},{\"@type\":\"BreadcrumbList\",\"@id\":\"https:\/\/petservicesparis.com\/index.php\/contact\/#breadcrumb\",\"itemListElement\":[{\"@type\":\"ListItem\",\"position\":1,\"name\":\"Accueil\",\"item\":\"https:\/\/petservicesparis.com\/\"},{\"@type\":\"ListItem\",\"position\":2,\"name\":\"Informations pratiques &#038; Contact\"}]},{\"@type\":\"WebSite\",\"@id\":\"https:\/\/petservicesparis.com\/#website\",\"url\":\"https:\/\/petservicesparis.com\/\",\"name\":\"petservicesparis\",\"description\":\"garde animaux pension pour chats chiens et nac paris 14\",\"publisher\":{\"@id\":\"https:\/\/petservicesparis.com\/#organization\"},\"potentialAction\":[{\"@type\":\"SearchAction\",\"target\":{\"@type\":\"EntryPoint\",\"urlTemplate\":\"https:\/\/petservicesparis.com\/?s={search_term_string}\"},\"query-input\":{\"@type\":\"PropertyValueSpecification\",\"valueRequired\":true,\"valueName\":\"search_term_string\"}}],\"inLanguage\":\"fr-FR\"},{\"@type\":\"Organization\",\"@id\":\"https:\/\/petservicesparis.com\/#organization\",\"name\":\"petservicesparis\",\"url\":\"https:\/\/petservicesparis.com\/\",\"logo\":{\"@type\":\"ImageObject\",\"inLanguage\":\"fr-FR\",\"@id\":\"https:\/\/petservicesparis.com\/#\/schema\/logo\/image\/\",\"url\":\"https:\/\/petservicesparis.com\/wp-content\/uploads\/2023\/07\/cropped-logo-vert-sans-back.png\",\"contentUrl\":\"https:\/\/petservicesparis.com\/wp-content\/uploads\/2023\/07\/cropped-logo-vert-sans-back.png\",\"width\":1080,\"height\":160,\"caption\":\"petservicesparis\"},\"image\":{\"@id\":\"https:\/\/petservicesparis.com\/#\/schema\/logo\/image\/\"}}]}<\/script>\n<!-- \/ Yoast SEO plugin. -->","yoast_head_json":{"title":"Informations pratiques & Contact - petservicesparis","description":"Pet sitter paris 14, pet sitter Paris, Garde animaux Paris, pet sitter 75014","robots":{"index":"index","follow":"follow","max-snippet":"max-snippet:-1","max-image-preview":"max-image-preview:large","max-video-preview":"max-video-preview:-1"},"canonical":"https:\/\/petservicesparis.com\/index.php\/contact\/","og_locale":"fr_FR","og_type":"article","og_title":"Informations pratiques & Contact - petservicesparis","og_description":"Pet sitter paris 14, pet sitter Paris, Garde animaux Paris, pet sitter 75014","og_url":"https:\/\/petservicesparis.com\/index.php\/contact\/","og_site_name":"petservicesparis","article_modified_time":"2024-05-11T19:35:01+00:00","og_image":[{"url":"https:\/\/petservicesparis.com\/wp-content\/uploads\/2023\/06\/map-marker.png","type":"","width":"","height":""}],"twitter_card":"summary_large_image","twitter_misc":{"Dur\u00e9e de lecture estim\u00e9e":"2 minutes"},"schema":{"@context":"https:\/\/schema.org","@graph":[{"@type":"WebPage","@id":"https:\/\/petservicesparis.com\/index.php\/contact\/","url":"https:\/\/petservicesparis.com\/index.php\/contact\/","name":"Informations pratiques & Contact - petservicesparis","isPartOf":{"@id":"https:\/\/petservicesparis.com\/#website"},"primaryImageOfPage":{"@id":"https:\/\/petservicesparis.com\/index.php\/contact\/#primaryimage"},"image":{"@id":"https:\/\/petservicesparis.com\/index.php\/contact\/#primaryimage"},"thumbnailUrl":"https:\/\/petservicesparis.com\/wp-content\/uploads\/2023\/06\/map-marker.png","datePublished":"2023-06-13T12:53:49+00:00","dateModified":"2024-05-11T19:35:01+00:00","description":"Pet sitter paris 14, pet sitter Paris, Garde animaux Paris, pet sitter 75014","breadcrumb":{"@id":"https:\/\/petservicesparis.com\/index.php\/contact\/#breadcrumb"},"inLanguage":"fr-FR","potentialAction":[{"@type":"ReadAction","target":["https:\/\/petservicesparis.com\/index.php\/contact\/"]}]},{"@type":"ImageObject","inLanguage":"fr-FR","@id":"https:\/\/petservicesparis.com\/index.php\/contact\/#primaryimage","url":"https:\/\/petservicesparis.com\/wp-content\/uploads\/2023\/06\/map-marker.png","contentUrl":"https:\/\/petservicesparis.com\/wp-content\/uploads\/2023\/06\/map-marker.png","width":256,"height":256},{"@type":"BreadcrumbList","@id":"https:\/\/petservicesparis.com\/index.php\/contact\/#breadcrumb","itemListElement":[{"@type":"ListItem","position":1,"name":"Accueil","item":"https:\/\/petservicesparis.com\/"},{"@type":"ListItem","position":2,"name":"Informations pratiques &#038; Contact"}]},{"@type":"WebSite","@id":"https:\/\/petservicesparis.com\/#website","url":"https:\/\/petservicesparis.com\/","name":"petservicesparis","description":"garde animaux pension pour chats chiens et nac paris 14","publisher":{"@id":"https:\/\/petservicesparis.com\/#organization"},"potentialAction":[{"@type":"SearchAction","target":{"@type":"EntryPoint","urlTemplate":"https:\/\/petservicesparis.com\/?s={search_term_string}"},"query-input":{"@type":"PropertyValueSpecification","valueRequired":true,"valueName":"search_term_string"}}],"inLanguage":"fr-FR"},{"@type":"Organization","@id":"https:\/\/petservicesparis.com\/#organization","name":"petservicesparis","url":"https:\/\/petservicesparis.com\/","logo":{"@type":"ImageObject","inLanguage":"fr-FR","@id":"https:\/\/petservicesparis.com\/#\/schema\/logo\/image\/","url":"https:\/\/petservicesparis.com\/wp-content\/uploads\/2023\/07\/cropped-logo-vert-sans-back.png","contentUrl":"https:\/\/petservicesparis.com\/wp-content\/uploads\/2023\/07\/cropped-logo-vert-sans-back.png","width":1080,"height":160,"caption":"petservicesparis"},"image":{"@id":"https:\/\/petservicesparis.com\/#\/schema\/logo\/image\/"}}]}},"_links":{"self":[{"href":"https:\/\/petservicesparis.com\/index.php\/wp-json\/wp\/v2\/pages\/666","targetHints":{"allow":["GET"]}}],"collection":[{"href":"https:\/\/petservicesparis.com\/index.php\/wp-json\/wp\/v2\/pages"}],"about":[{"href":"https:\/\/petservicesparis.com\/index.php\/wp-json\/wp\/v2\/types\/page"}],"author":[{"embeddable":true,"href":"https:\/\/petservicesparis.com\/index.php\/wp-json\/wp\/v2\/users\/1"}],"replies":[{"embeddable":true,"href":"https:\/\/petservicesparis.com\/index.php\/wp-json\/wp\/v2\/comments?post=666"}],"version-history":[{"count":91,"href":"https:\/\/petservicesparis.com\/index.php\/wp-json\/wp\/v2\/pages\/666\/revisions"}],"predecessor-version":[{"id":5446,"href":"https:\/\/petservicesparis.com\/index.php\/wp-json\/wp\/v2\/pages\/666\/revisions\/5446"}],"wp:attachment":[{"href":"https:\/\/petservicesparis.com\/index.php\/wp-json\/wp\/v2\/media?parent=666"}],"curies":[{"name":"wp","href":"https:\/\/api.w.org\/{rel}","templated":true}]}}